{"id":21229,"date":"2024-04-25T11:44:52","date_gmt":"2024-04-25T10:44:52","guid":{"rendered":"https:\/\/baralivres.ma\/?post_type=product&#038;p=21229"},"modified":"2024-04-25T11:47:09","modified_gmt":"2024-04-25T10:47:09","slug":"femmes-invisibles","status":"publish","type":"product","link":"https:\/\/baralivres.ma\/?product=femmes-invisibles","title":{"rendered":"Femmes invisibles"},"content":{"rendered":"<div class=\"flex-1 overflow-hidden\">\n<div class=\"react-scroll-to-bottom--css-frjby-79elbk h-full\">\n<div class=\"react-scroll-to-bottom--css-frjby-1n7m0yu\">\n<div>\n<div class=\"flex flex-col text-sm pb-9\">\n<div class=\"w-full text-token-text-primary\" dir=\"auto\" data-testid=\"conversation-turn-3\">\n<div class=\"px-4 py-2 justify-center text-base md:gap-6 m-auto\">\n<div class=\"flex flex-1 text-base mx-auto gap-3 juice:gap-4 juice:md:gap-6 md:px-5 lg:px-1 xl:px-5 md:max-w-3xl lg:max-w-[40rem] xl:max-w-[48rem]\">\n<div class=\"relative flex w-full min-w-0 flex-col agent-turn\">\n<div class=\"flex-col gap-1 md:gap-3\">\n<div class=\"flex flex-grow flex-col max-w-full\">\n<div class=\"min-h-[20px] text-message flex flex-col items-start gap-3 whitespace-pre-wrap break-words [.text-message+&amp;]:mt-5 overflow-x-auto\" dir=\"auto\" data-message-author-role=\"assistant\" data-message-id=\"43e29a76-f83c-459b-96b1-4cbafd043b6d\">\n<div class=\"markdown prose w-full break-words dark:prose-invert light\">\n<p>\u00ab\u00a0Femmes invisibles\u00a0\u00bb de Caroline Criado Perez est un ouvrage qui examine de mani\u00e8re approfondie l&rsquo;invisibilit\u00e9 syst\u00e9mique des femmes dans divers domaines de la soci\u00e9t\u00e9. L&rsquo;autrice, connue pour son travail sur l&rsquo;\u00e9galit\u00e9 des genres, explore comment les femmes sont souvent n\u00e9glig\u00e9es, ignor\u00e9es ou sous-repr\u00e9sent\u00e9es dans les donn\u00e9es, les politiques publiques, la technologie, l&rsquo;histoire et d&rsquo;autres aspects de la vie quotidienne.<\/p>\n<p>Criado Perez met en lumi\u00e8re les cons\u00e9quences de cette invisibilit\u00e9, qui peuvent \u00eatre profond\u00e9ment dommageables pour les femmes, entra\u00eenant des in\u00e9galit\u00e9s \u00e9conomiques, sociales et politiques. Elle souligne \u00e9galement comment cette invisibilit\u00e9 perp\u00e9tue et renforce les st\u00e9r\u00e9otypes de genre, contribuant ainsi \u00e0 maintenir les structures de pouvoir in\u00e9galitaires.<\/p>\n<p>\u00c0 travers une analyse rigoureuse et des exemples concrets, l&rsquo;autrice d\u00e9montre l&rsquo;importance cruciale de prendre en compte les r\u00e9alit\u00e9s et les besoins des femmes dans la formulation des politiques, la conception des technologies, et la narration de l&rsquo;histoire. \u00ab\u00a0Femmes invisibles\u00a0\u00bb propose ainsi une exploration essentielle et percutante des d\u00e9fis persistants auxquels les femmes sont confront\u00e9es dans leur qu\u00eate de reconnaissance et d&rsquo;\u00e9galit\u00e9.<\/p>\n<\/div>\n<\/div>\n<\/div>\n<div class=\"mt-1 flex gap-3 empty:hidden\">\n<div class=\"text-gray-400 flex self-end lg:self-center items-center justify-center lg:justify-start mt-0 -ml-1 h-7 gap-[2px] visible\">\n<p>&nbsp;<\/p>\n<div class=\"flex items-center gap-1.5 text-xs\"><\/div>\n<div class=\"flex\"><\/div>\n<\/div>\n<\/div>\n<div class=\"pr-2 lg:pr-0\"><\/div>\n<\/div>\n<div class=\"absolute\">\n<div class=\"flex w-full gap-2 items-center justify-center\"><\/div>\n<\/div>\n<\/div>\n<\/div>\n<\/div>\n<\/div>\n<p>&nbsp;<\/p>\n<\/div>\n<\/div>\n<\/div>\n<\/div>\n<\/div>\n<div class=\"w-full pt-2 md:pt-0 dark:border-white\/20 md:border-transparent md:dark:border-transparent md:w-[calc(100%-.5rem)]\">\n<div class=\"relative flex h-full max-w-full flex-1 flex-col\">\n<div class=\"absolute bottom-full left-0 right-0\"><\/div>\n<div class=\"flex w-full items-center\"><\/div>\n<\/div>\n<\/div>\n","protected":false},"excerpt":{"rendered":"<div class=\"flex-1 overflow-hidden\">\n<div class=\"react-scroll-to-bottom--css-frjby-79elbk h-full\">\n<div class=\"react-scroll-to-bottom--css-frjby-1n7m0yu\">\n<div>\n<div class=\"flex flex-col text-sm pb-9\">\n<div class=\"w-full text-token-text-primary\" dir=\"auto\" data-testid=\"conversation-turn-5\">\n<div class=\"px-4 py-2 justify-center text-base md:gap-6 m-auto\">\n<div class=\"flex flex-1 text-base mx-auto gap-3 juice:gap-4 juice:md:gap-6 md:px-5 lg:px-1 xl:px-5 md:max-w-3xl lg:max-w-[40rem] xl:max-w-[48rem]\">\n<div class=\"relative flex w-full min-w-0 flex-col agent-turn\">\n<div class=\"flex-col gap-1 md:gap-3\">\n<div class=\"flex flex-grow flex-col max-w-full\">\n<div class=\"min-h-[20px] text-message flex flex-col items-start gap-3 whitespace-pre-wrap break-words [.text-message+&amp;]:mt-5 overflow-x-auto\" dir=\"auto\" data-message-author-role=\"assistant\" data-message-id=\"e8eefab1-4b0a-4613-8655-095718f76b61\">\n<div class=\"markdown prose w-full break-words dark:prose-invert light\">\n<p>Femmes invisibles\u00a0\u00bb de Caroline Criado Perez explore l&rsquo;invisibilit\u00e9 syst\u00e9mique des femmes dans la soci\u00e9t\u00e9 moderne, mettant en lumi\u00e8re les cons\u00e9quences n\u00e9fastes de cette n\u00e9gligence sur l&rsquo;\u00e9galit\u00e9 des genres. L&rsquo;autrice souligne l&rsquo;importance cruciale de reconna\u00eetre et de combler les lacunes qui maintiennent les femmes dans l&rsquo;ombre, appelant \u00e0 une action pour un avenir plus \u00e9quitable.<\/p>\n<\/div>\n<\/div>\n<\/div>\n<div class=\"mt-1 flex gap-3 empty:hidden\">\n<div class=\"text-gray-400 flex self-end lg:self-center items-center justify-center lg:justify-start mt-0 -ml-1 h-7 gap-[2px] visible\">\n<p>&nbsp;<\/p>\n<div class=\"flex items-center gap-1.5 text-xs\"><\/div>\n<div class=\"flex\"><\/div>\n<\/div>\n<\/div>\n<div class=\"pr-2 lg:pr-0\"><\/div>\n<\/div>\n<div class=\"absolute\">\n<div class=\"flex w-full gap-2 items-center justify-center\"><\/div>\n<\/div>\n<\/div>\n<\/div>\n<\/div>\n<\/div>\n<\/div>\n<\/div>\n<\/div>\n<\/div>\n<\/div>\n<div class=\"w-full pt-2 md:pt-0 dark:border-white\/20 md:border-transparent md:dark:border-transparent md:w-[calc(100%-.5rem)]\">\n<div class=\"relative flex h-full max-w-full flex-1 flex-col\">\n<div class=\"absolute bottom-full left-0 right-0\"><\/div>\n<div class=\"flex w-full items-center\"><\/div>\n<\/div>\n<\/div>\n","protected":false},"featured_media":21231,"comment_status":"open","ping_status":"closed","template":"","meta":{"inline_featured_image":false},"product_cat":[15],"product_tag":[],"class_list":{"0":"post-21229","1":"product","2":"type-product","3":"status-publish","4":"has-post-thumbnail","6":"product_cat-uncategorized","7":"pa_auteurs-caroline-criado-perez","9":"first","10":"instock","11":"shipping-taxable","12":"purchasable","13":"product-type-simple"},"_links":{"self":[{"href":"https:\/\/baralivres.ma\/index.php?rest_route=\/wp\/v2\/product\/21229","targetHints":{"allow":["GET"]}}],"collection":[{"href":"https:\/\/baralivres.ma\/index.php?rest_route=\/wp\/v2\/product"}],"about":[{"href":"https:\/\/baralivres.ma\/index.php?rest_route=\/wp\/v2\/types\/product"}],"replies":[{"embeddable":true,"href":"https:\/\/baralivres.ma\/index.php?rest_route=%2Fwp%2Fv2%2Fcomments&post=21229"}],"version-history":[{"count":2,"href":"https:\/\/baralivres.ma\/index.php?rest_route=\/wp\/v2\/product\/21229\/revisions"}],"predecessor-version":[{"id":21232,"href":"https:\/\/baralivres.ma\/index.php?rest_route=\/wp\/v2\/product\/21229\/revisions\/21232"}],"wp:featuredmedia":[{"embeddable":true,"href":"https:\/\/baralivres.ma\/index.php?rest_route=\/wp\/v2\/media\/21231"}],"wp:attachment":[{"href":"https:\/\/baralivres.ma\/index.php?rest_route=%2Fwp%2Fv2%2Fmedia&parent=21229"}],"wp:term":[{"taxonomy":"product_cat","embeddable":true,"href":"https:\/\/baralivres.ma\/index.php?rest_route=%2Fwp%2Fv2%2Fproduct_cat&post=21229"},{"taxonomy":"product_tag","embeddable":true,"href":"https:\/\/baralivres.ma\/index.php?rest_route=%2Fwp%2Fv2%2Fproduct_tag&post=21229"}],"curies":[{"name":"wp","href":"https:\/\/api.w.org\/{rel}","templated":true}]}}