{"id":21226,"date":"2024-04-25T11:28:02","date_gmt":"2024-04-25T10:28:02","guid":{"rendered":"https:\/\/baralivres.ma\/?post_type=product&#038;p=21226"},"modified":"2024-11-27T15:59:27","modified_gmt":"2024-11-27T14:59:27","slug":"penser-comme-un-moine","status":"publish","type":"product","link":"https:\/\/baralivres.ma\/?product=penser-comme-un-moine","title":{"rendered":"Penser comme un moine"},"content":{"rendered":"<p>\u00ab\u00a0<strong>Penser comme un moine<\/strong>\u00a0\u00bb de Jay Shetty est un livre qui fusionne la sagesse mill\u00e9naire des moines avec des conseils pratiques pour mener une vie \u00e9panouissante dans le monde moderne. Shetty, un ancien moine lui-m\u00eame devenu entrepreneur et penseur, partage des le\u00e7ons profondes qu&rsquo;il a apprises lors de ses ann\u00e9es de vie monastique et les applique aux d\u00e9fis contemporains.<\/p>\n<p>Le livre explore des th\u00e8mes tels que la gestion du temps, la gestion du stress, la r\u00e9silience \u00e9motionnelle et la qu\u00eate de sens. Shetty offre des r\u00e9flexions sur la fa\u00e7on dont les principes de la m\u00e9ditation, de la gratitude et de la compassion peuvent transformer notre fa\u00e7on de penser et de vivre au quotidien.<\/p>\n<p>\u00c0 travers des anecdotes personnelles, des histoires inspirantes et des exercices pratiques, l&rsquo;auteur guide les lecteurs sur le chemin de la croissance personnelle et de l&rsquo;\u00e9panouissement spirituel. Il invite les lecteurs \u00e0 repenser leurs priorit\u00e9s, \u00e0 cultiver des habitudes positives et \u00e0 trouver un \u00e9quilibre entre l&rsquo;ambition ext\u00e9rieure et la paix int\u00e9rieure.<\/p>\n","protected":false},"excerpt":{"rendered":"<p><strong>Penser comme un moine<\/strong> est un guide pratique pour int\u00e9grer la sagesse ancestrale dans nos vies modernes agit\u00e9es, afin de trouver la paix int\u00e9rieure, le bonheur durable et le succ\u00e8s authentique.<\/p>\n","protected":false},"featured_media":21227,"comment_status":"open","ping_status":"closed","template":"","meta":{"inline_featured_image":false},"product_cat":[3896,91],"product_tag":[],"class_list":{"0":"post-21226","1":"product","2":"type-product","3":"status-publish","4":"has-post-thumbnail","6":"product_cat-developpement-francais","7":"product_cat-developpement","8":"pa_auteurs-jay-shetty","10":"first","11":"instock","12":"shipping-taxable","13":"purchasable","14":"product-type-simple"},"_links":{"self":[{"href":"https:\/\/baralivres.ma\/index.php?rest_route=\/wp\/v2\/product\/21226","targetHints":{"allow":["GET"]}}],"collection":[{"href":"https:\/\/baralivres.ma\/index.php?rest_route=\/wp\/v2\/product"}],"about":[{"href":"https:\/\/baralivres.ma\/index.php?rest_route=\/wp\/v2\/types\/product"}],"replies":[{"embeddable":true,"href":"https:\/\/baralivres.ma\/index.php?rest_route=%2Fwp%2Fv2%2Fcomments&post=21226"}],"version-history":[{"count":1,"href":"https:\/\/baralivres.ma\/index.php?rest_route=\/wp\/v2\/product\/21226\/revisions"}],"predecessor-version":[{"id":21228,"href":"https:\/\/baralivres.ma\/index.php?rest_route=\/wp\/v2\/product\/21226\/revisions\/21228"}],"wp:featuredmedia":[{"embeddable":true,"href":"https:\/\/baralivres.ma\/index.php?rest_route=\/wp\/v2\/media\/21227"}],"wp:attachment":[{"href":"https:\/\/baralivres.ma\/index.php?rest_route=%2Fwp%2Fv2%2Fmedia&parent=21226"}],"wp:term":[{"taxonomy":"product_cat","embeddable":true,"href":"https:\/\/baralivres.ma\/index.php?rest_route=%2Fwp%2Fv2%2Fproduct_cat&post=21226"},{"taxonomy":"product_tag","embeddable":true,"href":"https:\/\/baralivres.ma\/index.php?rest_route=%2Fwp%2Fv2%2Fproduct_tag&post=21226"}],"curies":[{"name":"wp","href":"https:\/\/api.w.org\/{rel}","templated":true}]}}