{"id":21223,"date":"2024-04-25T11:22:12","date_gmt":"2024-04-25T10:22:12","guid":{"rendered":"https:\/\/baralivres.ma\/?post_type=product&#038;p=21223"},"modified":"2024-11-27T16:03:01","modified_gmt":"2024-11-27T15:03:01","slug":"le-patron-qui-ne-voulait-plus-etre-chef","status":"publish","type":"product","link":"https:\/\/baralivres.ma\/?product=le-patron-qui-ne-voulait-plus-etre-chef","title":{"rendered":"Le patron qui ne voulait plus \u00eatre chef"},"content":{"rendered":"<div class=\"flex-1 overflow-hidden\">\n<div class=\"react-scroll-to-bottom--css-frjby-79elbk h-full\">\n<div class=\"react-scroll-to-bottom--css-frjby-1n7m0yu\">\n<div>\n<div class=\"flex flex-col text-sm pb-9\">\n<div class=\"w-full text-token-text-primary\" dir=\"auto\" data-testid=\"conversation-turn-3\">\n<div class=\"px-4 py-2 justify-center text-base md:gap-6 m-auto\">\n<div class=\"flex flex-1 text-base mx-auto gap-3 juice:gap-4 juice:md:gap-6 md:px-5 lg:px-1 xl:px-5 md:max-w-3xl lg:max-w-[40rem] xl:max-w-[48rem]\">\n<div class=\"relative flex w-full min-w-0 flex-col agent-turn\">\n<div class=\"flex-col gap-1 md:gap-3\">\n<div class=\"flex flex-grow flex-col max-w-full\">\n<div class=\"min-h-[20px] text-message flex flex-col items-start gap-3 whitespace-pre-wrap break-words [.text-message+&amp;]:mt-5 overflow-x-auto\" dir=\"auto\" data-message-author-role=\"assistant\" data-message-id=\"8b65ccf0-0d10-4d30-ba40-a548a0345a87\">\n<div class=\"markdown prose w-full break-words dark:prose-invert light\">\n<p>Le patron qui ne voulait plus \u00eatre chef &#8211; Osez l&rsquo;entreprise lib\u00e9r\u00e9e\u00a0\u00bb de Alexandre G\u00e9rard offre un r\u00e9cit captivant sur la transformation d&rsquo;une entreprise traditionnelle en une organisation lib\u00e9r\u00e9e. L&rsquo;auteur partage son parcours personnel en tant que dirigeant et les d\u00e9fis qu&rsquo;il a rencontr\u00e9s lorsqu&rsquo;il a d\u00e9cid\u00e9 de remettre en question les structures hi\u00e9rarchiques conventionnelles. \u00c0 travers des anecdotes inspirantes et des exemples concrets, G\u00e9rard expose les principes fondamentaux de l&rsquo;entreprise lib\u00e9r\u00e9e et d\u00e9montre comment ils peuvent \u00eatre appliqu\u00e9s avec succ\u00e8s pour lib\u00e9rer le potentiel cr\u00e9atif et l&rsquo;engagement des employ\u00e9s. Ce livre offre non seulement une vision stimulante de la mani\u00e8re de repenser le leadership et l&rsquo;organisation du travail, mais il fournit \u00e9galement des conseils pratiques pour ceux qui souhaitent entreprendre une transformation similaire dans leur propre entreprise. Avec une \u00e9criture fluide et accessible, \u00ab\u00a0Le patron qui ne voulait plus \u00eatre chef\u00a0\u00bb est une lecture incontournable pour tous ceux qui s&rsquo;int\u00e9ressent \u00e0 l&rsquo;innovation manag\u00e9riale et \u00e0 la cr\u00e9ation d&rsquo;environnements de travail plus \u00e9panouissants et plus productifs.<\/p>\n<\/div>\n<\/div>\n<\/div>\n<div class=\"mt-1 flex gap-3 empty:hidden\">\n<div class=\"text-gray-400 flex self-end lg:self-center items-center justify-center lg:justify-start mt-0 -ml-1 h-7 gap-[2px] visible\"><button class=\"flex items-center gap-1.5 rounded-md p-1 text-xs text-token-text-tertiary hover:text-token-text-primary\"><\/button><button class=\"flex items-center gap-1.5 rounded-md p-1 text-xs text-token-text-tertiary hover:text-token-text-primary\"><\/button><\/p>\n<div class=\"flex items-center gap-1.5 text-xs\"><\/div>\n<div class=\"flex\"><\/div>\n<\/div>\n<\/div>\n<div class=\"pr-2 lg:pr-0\"><\/div>\n<\/div>\n<div class=\"absolute\">\n<div class=\"flex w-full gap-2 items-center justify-center\"><\/div>\n<\/div>\n<\/div>\n<\/div>\n<\/div>\n<\/div>\n<\/div>\n<\/div>\n<\/div>\n<\/div>\n<\/div>\n<div class=\"w-full pt-2 md:pt-0 dark:border-white\/20 md:border-transparent md:dark:border-transparent md:w-[calc(100%-.5rem)]\">\n<div class=\"relative flex h-full max-w-full flex-1 flex-col\">\n<div class=\"absolute bottom-full left-0 right-0\"><\/div>\n<div class=\"flex w-full items-center\"><\/div>\n<\/div>\n<\/div>\n","protected":false},"excerpt":{"rendered":"<p>Le patron qui ne voulait plus \u00eatre chef &#8211; Osez l&rsquo;entreprise lib\u00e9r\u00e9e\u00a0\u00bb de Alexandre G\u00e9rard offre un r\u00e9cit captivant sur la transformation d&rsquo;une entreprise traditionnelle en une organisation lib\u00e9r\u00e9e.<\/p>\n","protected":false},"featured_media":21224,"comment_status":"open","ping_status":"closed","template":"","meta":{"inline_featured_image":false},"product_cat":[3896,91],"product_tag":[],"class_list":{"0":"post-21223","1":"product","2":"type-product","3":"status-publish","4":"has-post-thumbnail","6":"product_cat-developpement-francais","7":"product_cat-developpement","8":"pa_auteurs-alexandre-gerard","10":"first","11":"instock","12":"shipping-taxable","13":"purchasable","14":"product-type-simple"},"_links":{"self":[{"href":"https:\/\/baralivres.ma\/index.php?rest_route=\/wp\/v2\/product\/21223","targetHints":{"allow":["GET"]}}],"collection":[{"href":"https:\/\/baralivres.ma\/index.php?rest_route=\/wp\/v2\/product"}],"about":[{"href":"https:\/\/baralivres.ma\/index.php?rest_route=\/wp\/v2\/types\/product"}],"replies":[{"embeddable":true,"href":"https:\/\/baralivres.ma\/index.php?rest_route=%2Fwp%2Fv2%2Fcomments&post=21223"}],"version-history":[{"count":1,"href":"https:\/\/baralivres.ma\/index.php?rest_route=\/wp\/v2\/product\/21223\/revisions"}],"predecessor-version":[{"id":21225,"href":"https:\/\/baralivres.ma\/index.php?rest_route=\/wp\/v2\/product\/21223\/revisions\/21225"}],"wp:featuredmedia":[{"embeddable":true,"href":"https:\/\/baralivres.ma\/index.php?rest_route=\/wp\/v2\/media\/21224"}],"wp:attachment":[{"href":"https:\/\/baralivres.ma\/index.php?rest_route=%2Fwp%2Fv2%2Fmedia&parent=21223"}],"wp:term":[{"taxonomy":"product_cat","embeddable":true,"href":"https:\/\/baralivres.ma\/index.php?rest_route=%2Fwp%2Fv2%2Fproduct_cat&post=21223"},{"taxonomy":"product_tag","embeddable":true,"href":"https:\/\/baralivres.ma\/index.php?rest_route=%2Fwp%2Fv2%2Fproduct_tag&post=21223"}],"curies":[{"name":"wp","href":"https:\/\/api.w.org\/{rel}","templated":true}]}}