{"id":21217,"date":"2024-04-25T11:04:35","date_gmt":"2024-04-25T10:04:35","guid":{"rendered":"https:\/\/baralivres.ma\/?post_type=product&#038;p=21217"},"modified":"2024-04-25T11:04:36","modified_gmt":"2024-04-25T10:04:36","slug":"la-nouvelle-methode-antidiabete","status":"publish","type":"product","link":"https:\/\/baralivres.ma\/?product=la-nouvelle-methode-antidiabete","title":{"rendered":"La nouvelle m\u00e9thode antidiab\u00e8te"},"content":{"rendered":"<p>\u00ab\u00a0La nouvelle m\u00e9thode anti-diab\u00e8te\u00a0\u00bb de R\u00e9ginald Allouche est un guide complet et innovant pour comprendre et inverser le diab\u00e8te de type 2. Allouche, endocrinologue de renom, offre une approche holistique qui int\u00e8gre la nutrition, l&rsquo;exercice physique et la gestion du stress pour combattre efficacement cette maladie.<\/p>\n<p>Dans son livre, Allouche commence par expliquer les m\u00e9canismes sous-jacents du diab\u00e8te, d\u00e9mystifiant les causes et les facteurs de risque associ\u00e9s \u00e0 cette condition. Il met ensuite en lumi\u00e8re l&rsquo;importance cruciale de l&rsquo;alimentation dans la gestion du diab\u00e8te, en proposant des strat\u00e9gies pratiques pour adopter un r\u00e9gime alimentaire \u00e9quilibr\u00e9 et adapt\u00e9.<\/p>\n<p>L&rsquo;auteur insiste \u00e9galement sur l&rsquo;activit\u00e9 physique comme un pilier essentiel du traitement du diab\u00e8te, offrant des conseils sur la mani\u00e8re d&rsquo;incorporer efficacement l&rsquo;exercice dans la routine quotidienne. En outre, il explore les diff\u00e9rentes techniques de gestion du stress et de relaxation, soulignant leur impact sur la r\u00e9gulation de la glyc\u00e9mie.<\/p>\n<p>Ce livre ne se contente pas de fournir des informations th\u00e9oriques, mais propose \u00e9galement des plans d&rsquo;action concrets, des recettes sant\u00e9 et des conseils pratiques pour aider les lecteurs \u00e0 mettre en \u0153uvre les changements n\u00e9cessaires pour am\u00e9liorer leur sant\u00e9 et inverser le diab\u00e8te de type 2.<\/p>\n","protected":false},"excerpt":{"rendered":"<p>La nouvelle m\u00e9thode anti-diab\u00e8te\u00a0\u00bb offre un guide clair et inspirant pour ceux qui cherchent \u00e0 prendre le contr\u00f4le de leur sant\u00e9 et \u00e0 vaincre le diab\u00e8te de mani\u00e8re naturelle et durable.<\/p>\n","protected":false},"featured_media":21218,"comment_status":"open","ping_status":"closed","template":"","meta":{"inline_featured_image":false},"product_cat":[204,91],"product_tag":[],"class_list":{"0":"post-21217","1":"product","2":"type-product","3":"status-publish","4":"has-post-thumbnail","6":"product_cat-francais","7":"product_cat-developpement","8":"pa_auteurs-dr-reginald-allouche","10":"first","11":"instock","12":"shipping-taxable","13":"purchasable","14":"product-type-simple"},"_links":{"self":[{"href":"https:\/\/baralivres.ma\/index.php?rest_route=\/wp\/v2\/product\/21217","targetHints":{"allow":["GET"]}}],"collection":[{"href":"https:\/\/baralivres.ma\/index.php?rest_route=\/wp\/v2\/product"}],"about":[{"href":"https:\/\/baralivres.ma\/index.php?rest_route=\/wp\/v2\/types\/product"}],"replies":[{"embeddable":true,"href":"https:\/\/baralivres.ma\/index.php?rest_route=%2Fwp%2Fv2%2Fcomments&post=21217"}],"version-history":[{"count":1,"href":"https:\/\/baralivres.ma\/index.php?rest_route=\/wp\/v2\/product\/21217\/revisions"}],"predecessor-version":[{"id":21219,"href":"https:\/\/baralivres.ma\/index.php?rest_route=\/wp\/v2\/product\/21217\/revisions\/21219"}],"wp:featuredmedia":[{"embeddable":true,"href":"https:\/\/baralivres.ma\/index.php?rest_route=\/wp\/v2\/media\/21218"}],"wp:attachment":[{"href":"https:\/\/baralivres.ma\/index.php?rest_route=%2Fwp%2Fv2%2Fmedia&parent=21217"}],"wp:term":[{"taxonomy":"product_cat","embeddable":true,"href":"https:\/\/baralivres.ma\/index.php?rest_route=%2Fwp%2Fv2%2Fproduct_cat&post=21217"},{"taxonomy":"product_tag","embeddable":true,"href":"https:\/\/baralivres.ma\/index.php?rest_route=%2Fwp%2Fv2%2Fproduct_tag&post=21217"}],"curies":[{"name":"wp","href":"https:\/\/api.w.org\/{rel}","templated":true}]}}