{"id":21214,"date":"2024-04-25T10:51:18","date_gmt":"2024-04-25T09:51:18","guid":{"rendered":"https:\/\/baralivres.ma\/?post_type=product&#038;p=21214"},"modified":"2024-11-28T17:38:10","modified_gmt":"2024-11-28T16:38:10","slug":"arissiel-la-vie-apres-la-vie","status":"publish","type":"product","link":"https:\/\/baralivres.ma\/?product=arissiel-la-vie-apres-la-vie","title":{"rendered":"Arissiel &#8211; La vie apr\u00e8s la vie"},"content":{"rendered":"<p>Arissiel &#8211; La vie apr\u00e8s la vie\u00a0\u00bb est un ouvrage fascinant de Lise Bourbeau qui explore le concept de la vie apr\u00e8s la mort \u00e0 travers une lentille spirituelle et m\u00e9taphysique. L&rsquo;auteure nous emm\u00e8ne dans un voyage au-del\u00e0 des fronti\u00e8res de notre r\u00e9alit\u00e9 physique, nous invitant \u00e0 explorer les myst\u00e8res de l&rsquo;existence au-del\u00e0 de la mort corporelle.<\/p>\n<p>Le livre met en lumi\u00e8re le personnage d&rsquo;Arissiel, un \u00eatre c\u00e9leste, et explore les enseignements qu&rsquo;il transmet sur la nature de l&rsquo;\u00e2me, le processus de transition apr\u00e8s la mort et les diff\u00e9rentes dimensions de l&rsquo;univers. Bourbeau propose une vision holistique de la vie apr\u00e8s la mort, abordant des concepts tels que la r\u00e9incarnation, le karma et l&rsquo;\u00e9volution de l&rsquo;\u00e2me.<\/p>\n<p>\u00c0 travers des anecdotes, des r\u00e9cits et des enseignements, l&rsquo;auteure offre aux lecteurs une perspective r\u00e9confortante sur la transition vers l&rsquo;au-del\u00e0, soulignant la continuit\u00e9 de l&rsquo;existence et la possibilit\u00e9 de croissance spirituelle continue au-del\u00e0 de la vie terrestre.<\/p>\n","protected":false},"excerpt":{"rendered":"<div class=\"flex-1 overflow-hidden\">\n<div class=\"react-scroll-to-bottom--css-frjby-79elbk h-full\">\n<div class=\"react-scroll-to-bottom--css-frjby-1n7m0yu\">\n<div>\n<div class=\"flex flex-col text-sm pb-9\">\n<div class=\"w-full text-token-text-primary\" dir=\"auto\" data-testid=\"conversation-turn-3\">\n<div class=\"px-4 py-2 justify-center text-base md:gap-6 m-auto\">\n<div class=\"flex flex-1 text-base mx-auto gap-3 juice:gap-4 juice:md:gap-6 md:px-5 lg:px-1 xl:px-5 md:max-w-3xl lg:max-w-[40rem] xl:max-w-[48rem]\">\n<div class=\"relative flex w-full min-w-0 flex-col agent-turn\">\n<div class=\"flex-col gap-1 md:gap-3\">\n<div class=\"flex flex-grow flex-col max-w-full\">\n<div class=\"min-h-[20px] text-message flex flex-col items-start gap-3 whitespace-pre-wrap break-words [.text-message+&amp;]:mt-5 overflow-x-auto\" dir=\"auto\" data-message-author-role=\"assistant\" data-message-id=\"9672b26c-53e5-4faf-b38f-41fd1874b52c\">\n<div class=\"markdown prose w-full break-words dark:prose-invert light\">\n<p>Arissiel &#8211; La vie apr\u00e8s la vie\u00a0\u00bb est un livre profond\u00e9ment inspirant qui ouvre l&rsquo;esprit \u00e0 des id\u00e9es et des r\u00e9alit\u00e9s au-del\u00e0 de notre compr\u00e9hension habituelle, offrant un espoir et un r\u00e9confort aux lecteurs curieux de d\u00e9couvrir ce qui pourrait attendre au-del\u00e0 de cette vie terrestre.<\/p>\n<\/div>\n<\/div>\n<\/div>\n<div class=\"mt-1 flex gap-3 empty:hidden\">\n<div class=\"text-gray-400 flex self-end lg:self-center items-center justify-center lg:justify-start mt-0 -ml-1 h-7 gap-[2px] visible\"><button class=\"flex items-center gap-1.5 rounded-md p-1 text-xs text-token-text-tertiary hover:text-token-text-primary\"><\/button><button class=\"flex items-center gap-1.5 rounded-md p-1 text-xs text-token-text-tertiary hover:text-token-text-primary\"><\/button><\/p>\n<div class=\"flex items-center gap-1.5 text-xs\"><\/div>\n<div class=\"flex\"><\/div>\n<\/div>\n<\/div>\n<div class=\"pr-2 lg:pr-0\"><\/div>\n<\/div>\n<div class=\"absolute\">\n<div class=\"flex w-full gap-2 items-center justify-center\"><\/div>\n<\/div>\n<\/div>\n<\/div>\n<\/div>\n<\/div>\n<\/div>\n<\/div>\n<\/div>\n<\/div>\n<\/div>\n<div class=\"w-full pt-2 md:pt-0 dark:border-white\/20 md:border-transparent md:dark:border-transparent md:w-[calc(100%-.5rem)]\">\n<div class=\"relative flex h-full max-w-full flex-1 flex-col\">\n<div class=\"absolute bottom-full left-0 right-0\"><\/div>\n<div class=\"flex w-full items-center\"><\/div>\n<\/div>\n<\/div>\n","protected":false},"featured_media":21215,"comment_status":"open","ping_status":"closed","template":"","meta":{"inline_featured_image":false},"product_cat":[3873,143],"product_tag":[],"class_list":{"0":"post-21214","1":"product","2":"type-product","3":"status-publish","4":"has-post-thumbnail","6":"product_cat-roman-en-francais","7":"product_cat-roman","8":"pa_auteurs-lise-bourbeau","10":"first","11":"instock","12":"shipping-taxable","13":"purchasable","14":"product-type-simple"},"_links":{"self":[{"href":"https:\/\/baralivres.ma\/index.php?rest_route=\/wp\/v2\/product\/21214","targetHints":{"allow":["GET"]}}],"collection":[{"href":"https:\/\/baralivres.ma\/index.php?rest_route=\/wp\/v2\/product"}],"about":[{"href":"https:\/\/baralivres.ma\/index.php?rest_route=\/wp\/v2\/types\/product"}],"replies":[{"embeddable":true,"href":"https:\/\/baralivres.ma\/index.php?rest_route=%2Fwp%2Fv2%2Fcomments&post=21214"}],"version-history":[{"count":1,"href":"https:\/\/baralivres.ma\/index.php?rest_route=\/wp\/v2\/product\/21214\/revisions"}],"predecessor-version":[{"id":21216,"href":"https:\/\/baralivres.ma\/index.php?rest_route=\/wp\/v2\/product\/21214\/revisions\/21216"}],"wp:featuredmedia":[{"embeddable":true,"href":"https:\/\/baralivres.ma\/index.php?rest_route=\/wp\/v2\/media\/21215"}],"wp:attachment":[{"href":"https:\/\/baralivres.ma\/index.php?rest_route=%2Fwp%2Fv2%2Fmedia&parent=21214"}],"wp:term":[{"taxonomy":"product_cat","embeddable":true,"href":"https:\/\/baralivres.ma\/index.php?rest_route=%2Fwp%2Fv2%2Fproduct_cat&post=21214"},{"taxonomy":"product_tag","embeddable":true,"href":"https:\/\/baralivres.ma\/index.php?rest_route=%2Fwp%2Fv2%2Fproduct_tag&post=21214"}],"curies":[{"name":"wp","href":"https:\/\/api.w.org\/{rel}","templated":true}]}}