{"id":21205,"date":"2024-04-25T10:14:28","date_gmt":"2024-04-25T09:14:28","guid":{"rendered":"https:\/\/baralivres.ma\/?post_type=product&#038;p=21205"},"modified":"2024-10-29T14:12:43","modified_gmt":"2024-10-29T13:12:43","slug":"mon-encyclo-junior-1001-choses-a-savoir","status":"publish","type":"product","link":"https:\/\/baralivres.ma\/?product=mon-encyclo-junior-1001-choses-a-savoir","title":{"rendered":"Mon Encyclo Junior &#8211; 1001 choses \u00e0 savoir"},"content":{"rendered":"<p>D\u00e9couvrez \u00ab\u00a0Mon encyclo junior &#8211; 1001 choses \u00e0 savoir\u00a0\u00bb, un livre captivant qui vous emm\u00e8ne dans un voyage \u00e0 travers l&rsquo;univers infiniment grand et les nanotechnologies, tout en explorant la biodiversit\u00e9 de notre plan\u00e8te. Plongez dans l&rsquo;Histoire de France, partez \u00e0 l&rsquo;aventure avec les explorateurs du XVe si\u00e8cle, rencontrez les peuples du monde, et laissez-vous enchanter par la musique, le cin\u00e9ma et la mythologie. Un livre passionnant pour \u00e9largir vos horizons et comprendre le monde qui nous entoure en 1001 anecdotes fascinantes.<\/p>\n","protected":false},"excerpt":{"rendered":"<p>Mon encyclo junior &#8211; 1001 choses \u00e0 savoir\u00a0\u00bb, un voyage captivant \u00e0 travers l&rsquo;univers, la biodiversit\u00e9, l&rsquo;Histoire de France, les explorateurs, les cultures du monde, la musique, le cin\u00e9ma et la mythologie. Un livre essentiel pour enrichir vos connaissances et comprendre le monde en 1001 anecdotes fascinantes.<\/p>\n","protected":false},"featured_media":21206,"comment_status":"open","ping_status":"closed","template":"","meta":{"inline_featured_image":false},"product_cat":[3898,3706],"product_tag":[],"class_list":{"0":"post-21205","1":"product","2":"type-product","3":"status-publish","4":"has-post-thumbnail","6":"product_cat-encyclopedie_francais","7":"product_cat-encyclopedie-2","9":"first","10":"instock","11":"shipping-taxable","12":"purchasable","13":"product-type-simple"},"_links":{"self":[{"href":"https:\/\/baralivres.ma\/index.php?rest_route=\/wp\/v2\/product\/21205","targetHints":{"allow":["GET"]}}],"collection":[{"href":"https:\/\/baralivres.ma\/index.php?rest_route=\/wp\/v2\/product"}],"about":[{"href":"https:\/\/baralivres.ma\/index.php?rest_route=\/wp\/v2\/types\/product"}],"replies":[{"embeddable":true,"href":"https:\/\/baralivres.ma\/index.php?rest_route=%2Fwp%2Fv2%2Fcomments&post=21205"}],"version-history":[{"count":2,"href":"https:\/\/baralivres.ma\/index.php?rest_route=\/wp\/v2\/product\/21205\/revisions"}],"predecessor-version":[{"id":21239,"href":"https:\/\/baralivres.ma\/index.php?rest_route=\/wp\/v2\/product\/21205\/revisions\/21239"}],"wp:featuredmedia":[{"embeddable":true,"href":"https:\/\/baralivres.ma\/index.php?rest_route=\/wp\/v2\/media\/21206"}],"wp:attachment":[{"href":"https:\/\/baralivres.ma\/index.php?rest_route=%2Fwp%2Fv2%2Fmedia&parent=21205"}],"wp:term":[{"taxonomy":"product_cat","embeddable":true,"href":"https:\/\/baralivres.ma\/index.php?rest_route=%2Fwp%2Fv2%2Fproduct_cat&post=21205"},{"taxonomy":"product_tag","embeddable":true,"href":"https:\/\/baralivres.ma\/index.php?rest_route=%2Fwp%2Fv2%2Fproduct_tag&post=21205"}],"curies":[{"name":"wp","href":"https:\/\/api.w.org\/{rel}","templated":true}]}}