{"id":21202,"date":"2024-04-25T09:55:19","date_gmt":"2024-04-25T08:55:19","guid":{"rendered":"https:\/\/baralivres.ma\/?post_type=product&#038;p=21202"},"modified":"2024-10-29T14:13:00","modified_gmt":"2024-10-29T13:13:00","slug":"pourquoi-quand-comment","status":"publish","type":"product","link":"https:\/\/baralivres.ma\/?product=pourquoi-quand-comment","title":{"rendered":"Pourquoi ? quand ? comment ?"},"content":{"rendered":"<p>encyclop\u00e9die est une collection compl\u00e8te de connaissances humaines, regroup\u00e9e en neuf chapitres distincts. Avec plus de 1000 questions, 600 photographies et 50 vid\u00e9os, elle explore des sujets allant de la Terre et l&rsquo;univers \u00e0 l&rsquo;histoire de l&rsquo;humanit\u00e9, en passant par les d\u00e9couvertes, les religions et l&rsquo;art. Chaque chapitre offre une plong\u00e9e profonde dans son domaine, avec des \u00e9l\u00e9ments visuels captivants pour enrichir l&rsquo;exp\u00e9rience. En r\u00e9sum\u00e9, c&rsquo;est une invitation \u00e0 un voyage \u00e0 travers le savoir humain dans toute sa diversit\u00e9.<\/p>\n","protected":false},"excerpt":{"rendered":"<p>encyclop\u00e9die est bien plus qu&rsquo;une simple collection de faits et de chiffres. C&rsquo;est une invitation \u00e0 un voyage \u00e0 travers le savoir humain, offrant des perspectives riches et vari\u00e9es sur notre monde et notre place en son sein.<\/p>\n","protected":false},"featured_media":21203,"comment_status":"open","ping_status":"closed","template":"","meta":{"inline_featured_image":false},"product_cat":[3898,3706],"product_tag":[],"class_list":{"0":"post-21202","1":"product","2":"type-product","3":"status-publish","4":"has-post-thumbnail","6":"product_cat-encyclopedie_francais","7":"product_cat-encyclopedie-2","9":"first","10":"instock","11":"shipping-taxable","12":"purchasable","13":"product-type-simple"},"_links":{"self":[{"href":"https:\/\/baralivres.ma\/index.php?rest_route=\/wp\/v2\/product\/21202","targetHints":{"allow":["GET"]}}],"collection":[{"href":"https:\/\/baralivres.ma\/index.php?rest_route=\/wp\/v2\/product"}],"about":[{"href":"https:\/\/baralivres.ma\/index.php?rest_route=\/wp\/v2\/types\/product"}],"replies":[{"embeddable":true,"href":"https:\/\/baralivres.ma\/index.php?rest_route=%2Fwp%2Fv2%2Fcomments&post=21202"}],"version-history":[{"count":1,"href":"https:\/\/baralivres.ma\/index.php?rest_route=\/wp\/v2\/product\/21202\/revisions"}],"predecessor-version":[{"id":21204,"href":"https:\/\/baralivres.ma\/index.php?rest_route=\/wp\/v2\/product\/21202\/revisions\/21204"}],"wp:featuredmedia":[{"embeddable":true,"href":"https:\/\/baralivres.ma\/index.php?rest_route=\/wp\/v2\/media\/21203"}],"wp:attachment":[{"href":"https:\/\/baralivres.ma\/index.php?rest_route=%2Fwp%2Fv2%2Fmedia&parent=21202"}],"wp:term":[{"taxonomy":"product_cat","embeddable":true,"href":"https:\/\/baralivres.ma\/index.php?rest_route=%2Fwp%2Fv2%2Fproduct_cat&post=21202"},{"taxonomy":"product_tag","embeddable":true,"href":"https:\/\/baralivres.ma\/index.php?rest_route=%2Fwp%2Fv2%2Fproduct_tag&post=21202"}],"curies":[{"name":"wp","href":"https:\/\/api.w.org\/{rel}","templated":true}]}}