{"id":21198,"date":"2024-04-24T10:14:12","date_gmt":"2024-04-24T09:14:12","guid":{"rendered":"https:\/\/baralivres.ma\/?post_type=product&#038;p=21198"},"modified":"2024-10-29T14:13:19","modified_gmt":"2024-10-29T13:13:19","slug":"ma-premier-encyclo","status":"publish","type":"product","link":"https:\/\/baralivres.ma\/?product=ma-premier-encyclo","title":{"rendered":"MA PREMIER ENCYCLO"},"content":{"rendered":"<p>premi\u00e8re encyclop\u00e9die est une collection organis\u00e9e de connaissances diverses, couvrant une multitude de sujets avec clart\u00e9 et pr\u00e9cision. C&rsquo;est une ressource pr\u00e9cieuse qui nourrit la curiosit\u00e9 et inspire l&rsquo;apprentissage continu<\/p>\n","protected":false},"excerpt":{"rendered":"<p>premi\u00e8re encyclop\u00e9die est le fruit de votre curiosit\u00e9 sans bornes et de votre d\u00e9sir de partager des connaissances avec le monde.<\/p>\n","protected":false},"featured_media":21199,"comment_status":"open","ping_status":"closed","template":"","meta":{"inline_featured_image":false},"product_cat":[3898,3706],"product_tag":[],"class_list":{"0":"post-21198","1":"product","2":"type-product","3":"status-publish","4":"has-post-thumbnail","6":"product_cat-encyclopedie_francais","7":"product_cat-encyclopedie-2","9":"first","10":"instock","11":"shipping-taxable","12":"purchasable","13":"product-type-simple"},"_links":{"self":[{"href":"https:\/\/baralivres.ma\/index.php?rest_route=\/wp\/v2\/product\/21198","targetHints":{"allow":["GET"]}}],"collection":[{"href":"https:\/\/baralivres.ma\/index.php?rest_route=\/wp\/v2\/product"}],"about":[{"href":"https:\/\/baralivres.ma\/index.php?rest_route=\/wp\/v2\/types\/product"}],"replies":[{"embeddable":true,"href":"https:\/\/baralivres.ma\/index.php?rest_route=%2Fwp%2Fv2%2Fcomments&post=21198"}],"version-history":[{"count":1,"href":"https:\/\/baralivres.ma\/index.php?rest_route=\/wp\/v2\/product\/21198\/revisions"}],"predecessor-version":[{"id":21200,"href":"https:\/\/baralivres.ma\/index.php?rest_route=\/wp\/v2\/product\/21198\/revisions\/21200"}],"wp:featuredmedia":[{"embeddable":true,"href":"https:\/\/baralivres.ma\/index.php?rest_route=\/wp\/v2\/media\/21199"}],"wp:attachment":[{"href":"https:\/\/baralivres.ma\/index.php?rest_route=%2Fwp%2Fv2%2Fmedia&parent=21198"}],"wp:term":[{"taxonomy":"product_cat","embeddable":true,"href":"https:\/\/baralivres.ma\/index.php?rest_route=%2Fwp%2Fv2%2Fproduct_cat&post=21198"},{"taxonomy":"product_tag","embeddable":true,"href":"https:\/\/baralivres.ma\/index.php?rest_route=%2Fwp%2Fv2%2Fproduct_tag&post=21198"}],"curies":[{"name":"wp","href":"https:\/\/api.w.org\/{rel}","templated":true}]}}