{"id":21195,"date":"2024-04-24T09:18:28","date_gmt":"2024-04-24T08:18:28","guid":{"rendered":"https:\/\/baralivres.ma\/?post_type=product&#038;p=21195"},"modified":"2024-10-29T14:13:40","modified_gmt":"2024-10-29T13:13:40","slug":"1000-choses-a-savoir","status":"publish","type":"product","link":"https:\/\/baralivres.ma\/?product=1000-choses-a-savoir","title":{"rendered":"1000 CHOSES A SAVOIR"},"content":{"rendered":"<div class=\"w-full text-token-text-primary\" dir=\"auto\" data-testid=\"conversation-turn-3\">\n<div class=\"px-4 py-2 justify-center text-base md:gap-6 m-auto\">\n<div class=\"flex flex-1 text-base mx-auto gap-3 juice:gap-4 juice:md:gap-6 md:px-5 lg:px-1 xl:px-5 md:max-w-3xl lg:max-w-[40rem] xl:max-w-[48rem]\">\n<div class=\"relative flex w-full min-w-0 flex-col agent-turn\">\n<div class=\"flex-col gap-1 md:gap-3\">\n<div class=\"flex flex-grow flex-col max-w-full\">\n<div class=\"min-h-[20px] text-message flex flex-col items-start gap-3 whitespace-pre-wrap break-words [.text-message+&amp;]:mt-5 overflow-x-auto\" dir=\"auto\" data-message-author-role=\"assistant\" data-message-id=\"d8db505b-41d3-4ec3-8491-84f75c32aa20\">\n<div class=\"markdown prose w-full break-words dark:prose-invert light\">\n<p>L&rsquo;Encyclop\u00e9die \u00ab\u00a01000 Choses \u00e0 Savoir\u00a0\u00bb est une compilation fascinante de connaissances, regorgeant de faits int\u00e9ressants et de d\u00e9tails sur une multitude de sujets. Chaque page de ce livre captivant offre une exploration passionnante dans des domaines aussi vari\u00e9s que la science, l&rsquo;histoire, la culture, la nature, et bien plus encore.<\/p>\n<p>L&rsquo;ouvrage est organis\u00e9 de mani\u00e8re \u00e0 permettre aux lecteurs de d\u00e9couvrir une vaste gamme de sujets, allant des merveilles de l&rsquo;univers aux myst\u00e8res de la civilisation humaine. Que vous soyez int\u00e9ress\u00e9 par les d\u00e9couvertes scientifiques les plus r\u00e9centes, les faits historiques intrigants ou les curiosit\u00e9s de la nature, vous trouverez s\u00fbrement quelque chose qui captivera votre imagination dans cette encyclop\u00e9die.<\/p>\n<p>Avec ses illustrations riches et ses descriptions d\u00e9taill\u00e9es, \u00ab\u00a01000 Choses \u00e0 Savoir\u00a0\u00bb offre une exp\u00e9rience immersive qui invite les lecteurs \u00e0 explorer le monde qui les entoure d&rsquo;une mani\u00e8re nouvelle et enrichissante. Que ce soit pour satisfaire votre soif de connaissance ou simplement pour passer un bon moment \u00e0 d\u00e9couvrir des faits int\u00e9ressants, cette encyclop\u00e9die est un compagnon id\u00e9al pour les esprits curieux de tous \u00e2ges.<\/p>\n<\/div>\n<\/div>\n<\/div>\n<div class=\"mt-1 flex gap-3 empty:hidden\">\n<div class=\"text-gray-400 flex self-end lg:self-center items-center justify-center lg:justify-start mt-0 -ml-1 h-7 gap-[2px] visible\">\n<p>&nbsp;<\/p>\n<div class=\"flex\"><\/div>\n<\/div>\n<\/div>\n<div class=\"pr-2 lg:pr-0\"><\/div>\n<\/div>\n<div class=\"absolute\">\n<div class=\"flex w-full gap-2 items-center justify-center\"><\/div>\n<\/div>\n<\/div>\n<\/div>\n<\/div>\n<\/div>\n<div class=\"w-full text-token-text-primary\" dir=\"auto\" data-testid=\"conversation-turn-4\">\n<div class=\"px-4 py-2 justify-center text-base md:gap-6 m-auto\">\n<div class=\"flex flex-1 text-base mx-auto gap-3 juice:gap-4 juice:md:gap-6 md:px-5 lg:px-1 xl:px-5 md:max-w-3xl lg:max-w-[40rem] xl:max-w-[48rem]\">\n<div class=\"flex-shrink-0 flex flex-col relative items-end\">\n<div>\n<div class=\"pt-0.5\">\n<div class=\"gizmo-shadow-stroke flex h-6 w-6 items-center justify-center overflow-hidden rounded-full\"><\/div>\n<\/div>\n<\/div>\n<\/div>\n<\/div>\n<\/div>\n<\/div>\n","protected":false},"excerpt":{"rendered":"<p>\u00ab\u00a01000 Choses \u00e0 Savoir\u00a0\u00bb est une encyclop\u00e9die captivante qui regroupe une multitude de sujets fascinants, allant de la science \u00e0 l&rsquo;histoire en passant par la culture et la nature.<\/p>\n","protected":false},"featured_media":21196,"comment_status":"open","ping_status":"closed","template":"","meta":{"inline_featured_image":false},"product_cat":[3898,3706],"product_tag":[],"class_list":{"0":"post-21195","1":"product","2":"type-product","3":"status-publish","4":"has-post-thumbnail","6":"product_cat-encyclopedie_francais","7":"product_cat-encyclopedie-2","9":"first","10":"instock","11":"shipping-taxable","12":"purchasable","13":"product-type-simple"},"_links":{"self":[{"href":"https:\/\/baralivres.ma\/index.php?rest_route=\/wp\/v2\/product\/21195","targetHints":{"allow":["GET"]}}],"collection":[{"href":"https:\/\/baralivres.ma\/index.php?rest_route=\/wp\/v2\/product"}],"about":[{"href":"https:\/\/baralivres.ma\/index.php?rest_route=\/wp\/v2\/types\/product"}],"replies":[{"embeddable":true,"href":"https:\/\/baralivres.ma\/index.php?rest_route=%2Fwp%2Fv2%2Fcomments&post=21195"}],"version-history":[{"count":2,"href":"https:\/\/baralivres.ma\/index.php?rest_route=\/wp\/v2\/product\/21195\/revisions"}],"predecessor-version":[{"id":21240,"href":"https:\/\/baralivres.ma\/index.php?rest_route=\/wp\/v2\/product\/21195\/revisions\/21240"}],"wp:featuredmedia":[{"embeddable":true,"href":"https:\/\/baralivres.ma\/index.php?rest_route=\/wp\/v2\/media\/21196"}],"wp:attachment":[{"href":"https:\/\/baralivres.ma\/index.php?rest_route=%2Fwp%2Fv2%2Fmedia&parent=21195"}],"wp:term":[{"taxonomy":"product_cat","embeddable":true,"href":"https:\/\/baralivres.ma\/index.php?rest_route=%2Fwp%2Fv2%2Fproduct_cat&post=21195"},{"taxonomy":"product_tag","embeddable":true,"href":"https:\/\/baralivres.ma\/index.php?rest_route=%2Fwp%2Fv2%2Fproduct_tag&post=21195"}],"curies":[{"name":"wp","href":"https:\/\/api.w.org\/{rel}","templated":true}]}}