{"id":21192,"date":"2024-04-17T16:31:00","date_gmt":"2024-04-17T15:31:00","guid":{"rendered":"https:\/\/baralivres.ma\/?post_type=product&#038;p=21192"},"modified":"2024-05-05T15:15:51","modified_gmt":"2024-05-05T14:15:51","slug":"le-personal-mba","status":"publish","type":"product","link":"https:\/\/baralivres.ma\/?product=le-personal-mba","title":{"rendered":"LE PERSONAL MBA"},"content":{"rendered":"<p>Le Personal MBA\u00a0 est un guide pratique qui d\u00e9mystifie le monde de l&rsquo;entreprise et fournit les bases essentielles de la gestion, du marketing, de la finance et bien plus encore. Josh Kaufman offre un aper\u00e7u clair et accessible des principes fondamentaux de l&rsquo;entreprise, permettant aux lecteurs d&rsquo;acqu\u00e9rir les connaissances n\u00e9cessaires pour r\u00e9ussir dans le monde des affaires, sans avoir \u00e0 entreprendre un MBA formel.<\/p>\n","protected":false},"excerpt":{"rendered":"<p>e Personal MBA\u00a0\u00bb est un guide condens\u00e9 qui offre une introduction compl\u00e8te aux concepts cl\u00e9s de l&rsquo;entreprise, fournissant aux lecteurs les outils n\u00e9cessaires pour r\u00e9ussir dans le monde des affaires sans avoir besoin de suivre un MBA traditionnel.<\/p>\n","protected":false},"featured_media":21193,"comment_status":"open","ping_status":"closed","template":"","meta":{"inline_featured_image":false},"product_cat":[3675,91],"product_tag":[],"class_list":{"0":"post-21192","1":"product","2":"type-product","3":"status-publish","4":"has-post-thumbnail","6":"product_cat-humains-et-productivite","7":"product_cat-developpement","8":"pa_auteurs-josh-kaufman","10":"first","11":"instock","12":"shipping-taxable","13":"purchasable","14":"product-type-simple"},"_links":{"self":[{"href":"https:\/\/baralivres.ma\/index.php?rest_route=\/wp\/v2\/product\/21192","targetHints":{"allow":["GET"]}}],"collection":[{"href":"https:\/\/baralivres.ma\/index.php?rest_route=\/wp\/v2\/product"}],"about":[{"href":"https:\/\/baralivres.ma\/index.php?rest_route=\/wp\/v2\/types\/product"}],"replies":[{"embeddable":true,"href":"https:\/\/baralivres.ma\/index.php?rest_route=%2Fwp%2Fv2%2Fcomments&post=21192"}],"version-history":[{"count":1,"href":"https:\/\/baralivres.ma\/index.php?rest_route=\/wp\/v2\/product\/21192\/revisions"}],"predecessor-version":[{"id":21194,"href":"https:\/\/baralivres.ma\/index.php?rest_route=\/wp\/v2\/product\/21192\/revisions\/21194"}],"wp:featuredmedia":[{"embeddable":true,"href":"https:\/\/baralivres.ma\/index.php?rest_route=\/wp\/v2\/media\/21193"}],"wp:attachment":[{"href":"https:\/\/baralivres.ma\/index.php?rest_route=%2Fwp%2Fv2%2Fmedia&parent=21192"}],"wp:term":[{"taxonomy":"product_cat","embeddable":true,"href":"https:\/\/baralivres.ma\/index.php?rest_route=%2Fwp%2Fv2%2Fproduct_cat&post=21192"},{"taxonomy":"product_tag","embeddable":true,"href":"https:\/\/baralivres.ma\/index.php?rest_route=%2Fwp%2Fv2%2Fproduct_tag&post=21192"}],"curies":[{"name":"wp","href":"https:\/\/api.w.org\/{rel}","templated":true}]}}