{"id":21170,"date":"2024-04-05T13:01:53","date_gmt":"2024-04-05T12:01:53","guid":{"rendered":"https:\/\/baralivres.ma\/?post_type=product&#038;p=21170"},"modified":"2025-04-12T09:37:52","modified_gmt":"2025-04-12T08:37:52","slug":"manga-conan-tome-123","status":"publish","type":"product","link":"https:\/\/baralivres.ma\/?product=manga-conan-tome-123","title":{"rendered":"Manga Conan Tome 1,2,3"},"content":{"rendered":"","protected":false},"excerpt":{"rendered":"<p>D\u00e9couvrez les myst\u00e8res captivants du monde de D\u00e9tective <strong>Conan<\/strong> avec cet ensemble de trois premiers tomes du manga acclam\u00e9 ! Suivez les aventures palpitantes de Shinichi Kudo, un jeune d\u00e9tective prodige qui se retrouve soudainement pi\u00e9g\u00e9 dans le corps d&rsquo;un enfant apr\u00e8s avoir \u00e9t\u00e9 empoisonn\u00e9. Sous son nouveau nom de Conan Edogawa, il continue \u00e0 r\u00e9soudre des affaires criminelles tout en cherchant un moyen de retrouver sa taille normale. Dans le premier tome, suivez Shinichi lors de sa premi\u00e8re rencontre avec l&rsquo;Organisation Noire, qui l&rsquo;a transform\u00e9 en enfant, et d\u00e9couvrez comment il utilise son intelligence et ses comp\u00e9tences de d\u00e9tective pour r\u00e9soudre des affaires myst\u00e9rieuses. Dans le deuxi\u00e8me tome, plongez dans de nouvelles enqu\u00eates captivantes alors que Conan r\u00e9sout des meurtres, des vols et d&rsquo;autres crimes, tout en cachant sa v\u00e9ritable identit\u00e9 aux yeux du monde. Enfin, dans le troisi\u00e8me tome, les enjeux s&rsquo;intensifient alors que Conan se rapproche de la v\u00e9rit\u00e9 sur l&rsquo;Organisation Noire et doit faire face \u00e0 des ennemis redoutables. Avec des rebondissements inattendus, des personnages m\u00e9morables et des \u00e9nigmes complexes, cette offre est parfaite pour les amateurs de myst\u00e8re de tous \u00e2ges qui veulent plonger dans l&rsquo;univers intrigant de D\u00e9tective Conan.<\/p>\n","protected":false},"featured_media":21171,"comment_status":"open","ping_status":"closed","template":"","meta":{"inline_featured_image":false},"product_cat":[4229,205,3683,15],"product_tag":[],"class_list":{"0":"post-21170","1":"product","2":"type-product","3":"status-publish","4":"has-post-thumbnail","6":"product_cat-bibliotheque_a_moins-cher","7":"product_cat-enfant-adolescente-francais","8":"product_cat-conan","9":"product_cat-uncategorized","11":"first","12":"instock","13":"shipping-taxable","14":"purchasable","15":"product-type-simple"},"_links":{"self":[{"href":"https:\/\/baralivres.ma\/index.php?rest_route=\/wp\/v2\/product\/21170","targetHints":{"allow":["GET"]}}],"collection":[{"href":"https:\/\/baralivres.ma\/index.php?rest_route=\/wp\/v2\/product"}],"about":[{"href":"https:\/\/baralivres.ma\/index.php?rest_route=\/wp\/v2\/types\/product"}],"replies":[{"embeddable":true,"href":"https:\/\/baralivres.ma\/index.php?rest_route=%2Fwp%2Fv2%2Fcomments&post=21170"}],"version-history":[{"count":3,"href":"https:\/\/baralivres.ma\/index.php?rest_route=\/wp\/v2\/product\/21170\/revisions"}],"predecessor-version":[{"id":21175,"href":"https:\/\/baralivres.ma\/index.php?rest_route=\/wp\/v2\/product\/21170\/revisions\/21175"}],"wp:featuredmedia":[{"embeddable":true,"href":"https:\/\/baralivres.ma\/index.php?rest_route=\/wp\/v2\/media\/21171"}],"wp:attachment":[{"href":"https:\/\/baralivres.ma\/index.php?rest_route=%2Fwp%2Fv2%2Fmedia&parent=21170"}],"wp:term":[{"taxonomy":"product_cat","embeddable":true,"href":"https:\/\/baralivres.ma\/index.php?rest_route=%2Fwp%2Fv2%2Fproduct_cat&post=21170"},{"taxonomy":"product_tag","embeddable":true,"href":"https:\/\/baralivres.ma\/index.php?rest_route=%2Fwp%2Fv2%2Fproduct_tag&post=21170"}],"curies":[{"name":"wp","href":"https:\/\/api.w.org\/{rel}","templated":true}]}}