{"id":21157,"date":"2024-04-05T12:03:53","date_gmt":"2024-04-05T11:03:53","guid":{"rendered":"https:\/\/baralivres.ma\/?post_type=product&#038;p=21157"},"modified":"2025-04-12T09:33:14","modified_gmt":"2025-04-12T08:33:14","slug":"manga-naruto-tome-123","status":"publish","type":"product","link":"https:\/\/baralivres.ma\/?product=manga-naruto-tome-123","title":{"rendered":"Manga Naruto Tome 1,2,3"},"content":{"rendered":"","protected":false},"excerpt":{"rendered":"<p>D\u00e9couvrez l&rsquo;aventure palpitante de Naruto Uzumaki d\u00e8s le d\u00e9but avec cet ensemble de trois premiers tomes du manga embl\u00e9matique ! Plongez dans le monde des ninjas de Konoha en suivant les p\u00e9rip\u00e9ties de Naruto, un jeune gar\u00e7on espi\u00e8gle et d\u00e9termin\u00e9 \u00e0 devenir le plus grand ninja de tous les temps. Dans le premier tome, suivez Naruto alors qu&rsquo;il commence son entra\u00eenement pour devenir un ninja et se lie d&rsquo;amiti\u00e9 avec Sasuke et Sakura. Dans le deuxi\u00e8me tome, les membres de l&rsquo;\u00e9quipe 7 font face \u00e0 de nouveaux d\u00e9fis et \u00e0 des missions dangereuses qui mettront \u00e0 l&rsquo;\u00e9preuve leur d\u00e9termination et leur courage. Enfin, dans le troisi\u00e8me tome, les enjeux s&rsquo;intensifient alors que Naruto et ses camarades affrontent des ennemis redoutables et d\u00e9couvrent les secrets de leur pass\u00e9. Avec des illustrations dynamiques et une intrigue captivante, cette offre est parfaite pour les fans de Naruto de tous \u00e2ges qui veulent revivre les d\u00e9buts de cette s\u00e9rie l\u00e9gendaire ou d\u00e9couvrir l&rsquo;univers ninja pour la premi\u00e8re fois .<\/p>\n","protected":false},"featured_media":21165,"comment_status":"open","ping_status":"closed","template":"","meta":{"inline_featured_image":false},"product_cat":[4229,205,3680,15],"product_tag":[],"class_list":{"0":"post-21157","1":"product","2":"type-product","3":"status-publish","4":"has-post-thumbnail","6":"product_cat-bibliotheque_a_moins-cher","7":"product_cat-enfant-adolescente-francais","8":"product_cat-naruto","9":"product_cat-uncategorized","11":"first","12":"instock","13":"shipping-taxable","14":"purchasable","15":"product-type-simple"},"_links":{"self":[{"href":"https:\/\/baralivres.ma\/index.php?rest_route=\/wp\/v2\/product\/21157","targetHints":{"allow":["GET"]}}],"collection":[{"href":"https:\/\/baralivres.ma\/index.php?rest_route=\/wp\/v2\/product"}],"about":[{"href":"https:\/\/baralivres.ma\/index.php?rest_route=\/wp\/v2\/types\/product"}],"replies":[{"embeddable":true,"href":"https:\/\/baralivres.ma\/index.php?rest_route=%2Fwp%2Fv2%2Fcomments&post=21157"}],"version-history":[{"count":8,"href":"https:\/\/baralivres.ma\/index.php?rest_route=\/wp\/v2\/product\/21157\/revisions"}],"predecessor-version":[{"id":21166,"href":"https:\/\/baralivres.ma\/index.php?rest_route=\/wp\/v2\/product\/21157\/revisions\/21166"}],"wp:featuredmedia":[{"embeddable":true,"href":"https:\/\/baralivres.ma\/index.php?rest_route=\/wp\/v2\/media\/21165"}],"wp:attachment":[{"href":"https:\/\/baralivres.ma\/index.php?rest_route=%2Fwp%2Fv2%2Fmedia&parent=21157"}],"wp:term":[{"taxonomy":"product_cat","embeddable":true,"href":"https:\/\/baralivres.ma\/index.php?rest_route=%2Fwp%2Fv2%2Fproduct_cat&post=21157"},{"taxonomy":"product_tag","embeddable":true,"href":"https:\/\/baralivres.ma\/index.php?rest_route=%2Fwp%2Fv2%2Fproduct_tag&post=21157"}],"curies":[{"name":"wp","href":"https:\/\/api.w.org\/{rel}","templated":true}]}}