{"id":20576,"date":"2023-12-01T15:19:24","date_gmt":"2023-12-01T14:19:24","guid":{"rendered":"https:\/\/baralivres.ma\/?post_type=product&#038;p=20576"},"modified":"2024-11-27T16:14:24","modified_gmt":"2024-11-27T15:14:24","slug":"the-great-gatsby","status":"publish","type":"product","link":"https:\/\/baralivres.ma\/?product=the-great-gatsby","title":{"rendered":"The Great Gatsby"},"content":{"rendered":"<p>A digitally restored reproduction of the April 10, 1925 edition, with high resolution and readability. Enhanced size for easier reading, featuring F. Scott Fitzgerald&rsquo;s digital autograph. \u00ab\u00a0The Great Gatsby,\u00a0\u00bb Fitzgerald&rsquo;s 1925 novel, unfolds in prosperous Long Island&rsquo;s fictional town of West Egg during the 1922 summer. Focused on the enigmatic millionaire Jay Gatsby and his passionate fixation on the captivating Daisy Buchanan, the narrative delves into themes of opulence, idealism, societal resistance, and the extravagance of the Jazz Age. Often regarded as Fitzgerald&rsquo;s masterpiece, it serves as a cautionary depiction of the American Dream&rsquo;s complexities.<\/p>\n","protected":false},"excerpt":{"rendered":"<p>Fac-simil\u00e9 restaur\u00e9, signature num\u00e9rique, \u00ab\u00a0Gatsby le Magnifique\u00a0\u00bb, \u0153uvre marquante, d\u00e9crit l&rsquo;\u00e8re du Jazz, American Dream.<\/p>\n","protected":false},"featured_media":20577,"comment_status":"open","ping_status":"closed","template":"","meta":{"inline_featured_image":false},"product_cat":[4098,4096],"product_tag":[],"class_list":{"0":"post-20576","1":"product","2":"type-product","3":"status-publish","4":"has-post-thumbnail","6":"product_cat-anglais-les_romans_classique","7":"product_cat-les_romans_classique","8":"pa_auteurs-f-scott-fitzgerald","10":"first","11":"instock","12":"shipping-taxable","13":"purchasable","14":"product-type-simple"},"_links":{"self":[{"href":"https:\/\/baralivres.ma\/index.php?rest_route=\/wp\/v2\/product\/20576","targetHints":{"allow":["GET"]}}],"collection":[{"href":"https:\/\/baralivres.ma\/index.php?rest_route=\/wp\/v2\/product"}],"about":[{"href":"https:\/\/baralivres.ma\/index.php?rest_route=\/wp\/v2\/types\/product"}],"replies":[{"embeddable":true,"href":"https:\/\/baralivres.ma\/index.php?rest_route=%2Fwp%2Fv2%2Fcomments&post=20576"}],"version-history":[{"count":1,"href":"https:\/\/baralivres.ma\/index.php?rest_route=\/wp\/v2\/product\/20576\/revisions"}],"predecessor-version":[{"id":20578,"href":"https:\/\/baralivres.ma\/index.php?rest_route=\/wp\/v2\/product\/20576\/revisions\/20578"}],"wp:featuredmedia":[{"embeddable":true,"href":"https:\/\/baralivres.ma\/index.php?rest_route=\/wp\/v2\/media\/20577"}],"wp:attachment":[{"href":"https:\/\/baralivres.ma\/index.php?rest_route=%2Fwp%2Fv2%2Fmedia&parent=20576"}],"wp:term":[{"taxonomy":"product_cat","embeddable":true,"href":"https:\/\/baralivres.ma\/index.php?rest_route=%2Fwp%2Fv2%2Fproduct_cat&post=20576"},{"taxonomy":"product_tag","embeddable":true,"href":"https:\/\/baralivres.ma\/index.php?rest_route=%2Fwp%2Fv2%2Fproduct_tag&post=20576"}],"curies":[{"name":"wp","href":"https:\/\/api.w.org\/{rel}","templated":true}]}}