{"id":20571,"date":"2023-12-01T15:14:22","date_gmt":"2023-12-01T14:14:22","guid":{"rendered":"https:\/\/baralivres.ma\/?post_type=product&#038;p=20571"},"modified":"2024-11-27T16:14:58","modified_gmt":"2024-11-27T15:14:58","slug":"tender-is-the-night","status":"publish","type":"product","link":"https:\/\/baralivres.ma\/?product=tender-is-the-night","title":{"rendered":"Tender is the Night"},"content":{"rendered":"<p>In 1920s French Riviera, affluent couple Nicole and Dick Diver captivate admirers, including rising star Rosemary Hoyt. When Rosemary becomes enamored with Dick, the facade of the Divers&rsquo; flawless life starts to fracture. Fitzgerald unveils harsh realities, depicting a marriage&rsquo;s unraveling and the disillusionment of idealism. \u00ab\u00a0Tender is the Night\u00a0\u00bb mesmerizes with its poignant beauty amidst profound sadness.<\/p>\n","protected":false},"excerpt":{"rendered":"<p>En Riviera fran\u00e7aise des ann\u00e9es 1920, couple magn\u00e9tique voit mariage se d\u00e9sagr\u00e9ger, id\u00e9alisme s&rsquo;effondrer.<\/p>\n","protected":false},"featured_media":20574,"comment_status":"open","ping_status":"closed","template":"","meta":{"inline_featured_image":false},"product_cat":[4098,4096],"product_tag":[],"class_list":{"0":"post-20571","1":"product","2":"type-product","3":"status-publish","4":"has-post-thumbnail","6":"product_cat-anglais-les_romans_classique","7":"product_cat-les_romans_classique","8":"pa_auteurs-f-scott-fitzgerald","10":"first","11":"instock","12":"shipping-taxable","13":"purchasable","14":"product-type-simple"},"_links":{"self":[{"href":"https:\/\/baralivres.ma\/index.php?rest_route=\/wp\/v2\/product\/20571","targetHints":{"allow":["GET"]}}],"collection":[{"href":"https:\/\/baralivres.ma\/index.php?rest_route=\/wp\/v2\/product"}],"about":[{"href":"https:\/\/baralivres.ma\/index.php?rest_route=\/wp\/v2\/types\/product"}],"replies":[{"embeddable":true,"href":"https:\/\/baralivres.ma\/index.php?rest_route=%2Fwp%2Fv2%2Fcomments&post=20571"}],"version-history":[{"count":1,"href":"https:\/\/baralivres.ma\/index.php?rest_route=\/wp\/v2\/product\/20571\/revisions"}],"predecessor-version":[{"id":20575,"href":"https:\/\/baralivres.ma\/index.php?rest_route=\/wp\/v2\/product\/20571\/revisions\/20575"}],"wp:featuredmedia":[{"embeddable":true,"href":"https:\/\/baralivres.ma\/index.php?rest_route=\/wp\/v2\/media\/20574"}],"wp:attachment":[{"href":"https:\/\/baralivres.ma\/index.php?rest_route=%2Fwp%2Fv2%2Fmedia&parent=20571"}],"wp:term":[{"taxonomy":"product_cat","embeddable":true,"href":"https:\/\/baralivres.ma\/index.php?rest_route=%2Fwp%2Fv2%2Fproduct_cat&post=20571"},{"taxonomy":"product_tag","embeddable":true,"href":"https:\/\/baralivres.ma\/index.php?rest_route=%2Fwp%2Fv2%2Fproduct_tag&post=20571"}],"curies":[{"name":"wp","href":"https:\/\/api.w.org\/{rel}","templated":true}]}}