{"id":20553,"date":"2023-12-01T13:49:25","date_gmt":"2023-12-01T12:49:25","guid":{"rendered":"https:\/\/baralivres.ma\/?post_type=product&#038;p=20553"},"modified":"2024-11-27T16:15:41","modified_gmt":"2024-11-27T15:15:41","slug":"gullivers-travels","status":"publish","type":"product","link":"https:\/\/baralivres.ma\/?product=gullivers-travels","title":{"rendered":"Gulliver&rsquo;s Travels"},"content":{"rendered":"<p>During his renowned journeys, Gulliver becomes ensnared by tiny individuals embroiled in warfare over religious disputes concerning egg-cracking methods. He endures unsettling encounters with giants, explores a floating island, and ultimately concludes that the society of horses surpasses that of his human counterparts. Swift&rsquo;s raw, gritty, and piercing satire offers profound commentary on contemporary world issues, presented here in its unadulterated entirety.<\/p>\n","protected":false},"excerpt":{"rendered":"<p>Gulliver voyage, guerres absurdes, agressions, \u00eele flottante, pr\u00e9f\u00e9rence pour la soci\u00e9t\u00e9 \u00e9quine, satire sociale aiguis\u00e9e.<\/p>\n","protected":false},"featured_media":20554,"comment_status":"open","ping_status":"closed","template":"","meta":{"inline_featured_image":false},"product_cat":[4098,4096],"product_tag":[],"class_list":{"0":"post-20553","1":"product","2":"type-product","3":"status-publish","4":"has-post-thumbnail","6":"product_cat-anglais-les_romans_classique","7":"product_cat-les_romans_classique","8":"pa_auteurs-jonathan-swift","10":"first","11":"instock","12":"shipping-taxable","13":"purchasable","14":"product-type-simple"},"_links":{"self":[{"href":"https:\/\/baralivres.ma\/index.php?rest_route=\/wp\/v2\/product\/20553","targetHints":{"allow":["GET"]}}],"collection":[{"href":"https:\/\/baralivres.ma\/index.php?rest_route=\/wp\/v2\/product"}],"about":[{"href":"https:\/\/baralivres.ma\/index.php?rest_route=\/wp\/v2\/types\/product"}],"replies":[{"embeddable":true,"href":"https:\/\/baralivres.ma\/index.php?rest_route=%2Fwp%2Fv2%2Fcomments&post=20553"}],"version-history":[{"count":1,"href":"https:\/\/baralivres.ma\/index.php?rest_route=\/wp\/v2\/product\/20553\/revisions"}],"predecessor-version":[{"id":20555,"href":"https:\/\/baralivres.ma\/index.php?rest_route=\/wp\/v2\/product\/20553\/revisions\/20555"}],"wp:featuredmedia":[{"embeddable":true,"href":"https:\/\/baralivres.ma\/index.php?rest_route=\/wp\/v2\/media\/20554"}],"wp:attachment":[{"href":"https:\/\/baralivres.ma\/index.php?rest_route=%2Fwp%2Fv2%2Fmedia&parent=20553"}],"wp:term":[{"taxonomy":"product_cat","embeddable":true,"href":"https:\/\/baralivres.ma\/index.php?rest_route=%2Fwp%2Fv2%2Fproduct_cat&post=20553"},{"taxonomy":"product_tag","embeddable":true,"href":"https:\/\/baralivres.ma\/index.php?rest_route=%2Fwp%2Fv2%2Fproduct_tag&post=20553"}],"curies":[{"name":"wp","href":"https:\/\/api.w.org\/{rel}","templated":true}]}}