{"id":20523,"date":"2023-11-17T17:44:50","date_gmt":"2023-11-17T16:44:50","guid":{"rendered":"https:\/\/baralivres.ma\/?post_type=product&#038;p=20523"},"modified":"2025-04-17T15:23:40","modified_gmt":"2025-04-17T14:23:40","slug":"is-it-love-secret-palace-un-jeu-dangereux","status":"publish","type":"product","link":"https:\/\/baralivres.ma\/?product=is-it-love-secret-palace-un-jeu-dangereux","title":{"rendered":"Is it Love ? &#8211; Secret Palace &#8211; Un jeu dangereux"},"content":{"rendered":"<p>Sur la p\u00e9rilleuse Fallen Road, Jazz se profile comme une protectrice redoutable, luttant vaillamment contre les forces d\u00e9moniaques. Depuis plusieurs mois, elle assume ce r\u00f4le, aidant ses amis dans cette lutte. Mais lorsqu&rsquo;une secte d\u00e9moniaque les menace, Jazz et ses amis se retrouvent contraints de se d\u00e9fendre. Au milieu de cette confrontation, Jazz se demande vers qui se tourner, guid\u00e9e par les flammes qui br\u00fblent en elle : Cal, l\u2019\u00e9tranger bienveillant ? Zac, le bad boy au charme sombre ? Ou peut-\u00eatre Kelly, sa meilleure amie ?<\/p>\n<p>Dans ce roman interactif situ\u00e9 dans l\u2019univers d\u2019Is It Love?, chaque d\u00e9cision compte : s\u00e9duisez celui ou celle de votre choix, sauvez la Terre d&rsquo;une guerre imminente et d\u00e9jouez les plans des anges et d\u00e9mons malveillants ! De l&#8217;empyr\u00e9e aux abysses, c&rsquo;est \u00e0 vous de r\u00e9tablir l&rsquo;ordre&#8230; et peut-\u00eatre m\u00eame de trouver l&rsquo;amour !<\/p>\n","protected":false},"excerpt":{"rendered":"<p>Jazz, protectrice, choix amoureux, affronte secte d\u00e9moniaque dans roman interactif Is It Love?<\/p>\n","protected":false},"featured_media":20524,"comment_status":"open","ping_status":"closed","template":"","meta":{"inline_featured_image":false},"product_cat":[3873,203,68,143],"product_tag":[],"class_list":{"0":"post-20523","1":"product","2":"type-product","3":"status-publish","4":"has-post-thumbnail","6":"product_cat-roman-en-francais","7":"product_cat-adolescente","8":"product_cat-romance","9":"product_cat-roman","10":"pa_auteurs-lilie-bagage","12":"first","13":"instock","14":"shipping-taxable","15":"purchasable","16":"product-type-simple"},"_links":{"self":[{"href":"https:\/\/baralivres.ma\/index.php?rest_route=\/wp\/v2\/product\/20523","targetHints":{"allow":["GET"]}}],"collection":[{"href":"https:\/\/baralivres.ma\/index.php?rest_route=\/wp\/v2\/product"}],"about":[{"href":"https:\/\/baralivres.ma\/index.php?rest_route=\/wp\/v2\/types\/product"}],"replies":[{"embeddable":true,"href":"https:\/\/baralivres.ma\/index.php?rest_route=%2Fwp%2Fv2%2Fcomments&post=20523"}],"version-history":[{"count":1,"href":"https:\/\/baralivres.ma\/index.php?rest_route=\/wp\/v2\/product\/20523\/revisions"}],"predecessor-version":[{"id":20525,"href":"https:\/\/baralivres.ma\/index.php?rest_route=\/wp\/v2\/product\/20523\/revisions\/20525"}],"wp:featuredmedia":[{"embeddable":true,"href":"https:\/\/baralivres.ma\/index.php?rest_route=\/wp\/v2\/media\/20524"}],"wp:attachment":[{"href":"https:\/\/baralivres.ma\/index.php?rest_route=%2Fwp%2Fv2%2Fmedia&parent=20523"}],"wp:term":[{"taxonomy":"product_cat","embeddable":true,"href":"https:\/\/baralivres.ma\/index.php?rest_route=%2Fwp%2Fv2%2Fproduct_cat&post=20523"},{"taxonomy":"product_tag","embeddable":true,"href":"https:\/\/baralivres.ma\/index.php?rest_route=%2Fwp%2Fv2%2Fproduct_tag&post=20523"}],"curies":[{"name":"wp","href":"https:\/\/api.w.org\/{rel}","templated":true}]}}