{"id":20520,"date":"2023-11-17T17:42:41","date_gmt":"2023-11-17T16:42:41","guid":{"rendered":"https:\/\/baralivres.ma\/?post_type=product&#038;p=20520"},"modified":"2025-04-17T15:24:18","modified_gmt":"2025-04-17T14:24:18","slug":"is-it-love-fallen-road-tentation-celeste","status":"publish","type":"product","link":"https:\/\/baralivres.ma\/?product=is-it-love-fallen-road-tentation-celeste","title":{"rendered":"Is it Love ? &#8211; Fallen Road &#8211; Tentation C\u00e9leste"},"content":{"rendered":"<p>Sur la p\u00e9rilleuse Fallen Road, Jazz se profile en protectrice aguerrie, combattant les forces d\u00e9moniaques. Depuis des mois, elle assume ce r\u00f4le, soutenant ses amis dans cette lutte. Quand une secte d\u00e9moniaque les menace, Jazz et ses compagnons se voient contraints de riposter. Mais vers qui ses instincts la guideront-ils, alors que les flammes int\u00e9rieures s&#8217;embrasent ?<\/p>\n<p>Cal, l&rsquo;\u00e9tranger bienveillant ? Zac, le rebelle au c\u0153ur sombre ? Ou peut-\u00eatre Kelly, sa fid\u00e8le amie ?<\/p>\n<p>Plongez dans ce roman interactif se d\u00e9roulant dans l&rsquo;univers d&rsquo;Is It Love? Prenez les bonnes d\u00e9cisions : s\u00e9duisez celui ou celle qui captive votre c\u0153ur, sauvez la Terre d&rsquo;une guerre imminente et contrariez les plans des anges et d\u00e9mons malveillants ! Traversez du ciel aux enfers, r\u00e9tablissez l&rsquo;ordre&#8230; et laissez l&rsquo;amour triompher !<\/p>\n","protected":false},"excerpt":{"rendered":"<p>Jazz combat les d\u00e9mons, affronte des choix amoureux, sauve la Terre dans Is It Love?<\/p>\n","protected":false},"featured_media":20521,"comment_status":"open","ping_status":"closed","template":"","meta":{"inline_featured_image":false},"product_cat":[3873,203,68,143],"product_tag":[],"class_list":{"0":"post-20520","1":"product","2":"type-product","3":"status-publish","4":"has-post-thumbnail","6":"product_cat-roman-en-francais","7":"product_cat-adolescente","8":"product_cat-romance","9":"product_cat-roman","10":"pa_auteurs-c-s-ringer","12":"first","13":"instock","14":"shipping-taxable","15":"purchasable","16":"product-type-simple"},"_links":{"self":[{"href":"https:\/\/baralivres.ma\/index.php?rest_route=\/wp\/v2\/product\/20520","targetHints":{"allow":["GET"]}}],"collection":[{"href":"https:\/\/baralivres.ma\/index.php?rest_route=\/wp\/v2\/product"}],"about":[{"href":"https:\/\/baralivres.ma\/index.php?rest_route=\/wp\/v2\/types\/product"}],"replies":[{"embeddable":true,"href":"https:\/\/baralivres.ma\/index.php?rest_route=%2Fwp%2Fv2%2Fcomments&post=20520"}],"version-history":[{"count":1,"href":"https:\/\/baralivres.ma\/index.php?rest_route=\/wp\/v2\/product\/20520\/revisions"}],"predecessor-version":[{"id":20522,"href":"https:\/\/baralivres.ma\/index.php?rest_route=\/wp\/v2\/product\/20520\/revisions\/20522"}],"wp:featuredmedia":[{"embeddable":true,"href":"https:\/\/baralivres.ma\/index.php?rest_route=\/wp\/v2\/media\/20521"}],"wp:attachment":[{"href":"https:\/\/baralivres.ma\/index.php?rest_route=%2Fwp%2Fv2%2Fmedia&parent=20520"}],"wp:term":[{"taxonomy":"product_cat","embeddable":true,"href":"https:\/\/baralivres.ma\/index.php?rest_route=%2Fwp%2Fv2%2Fproduct_cat&post=20520"},{"taxonomy":"product_tag","embeddable":true,"href":"https:\/\/baralivres.ma\/index.php?rest_route=%2Fwp%2Fv2%2Fproduct_tag&post=20520"}],"curies":[{"name":"wp","href":"https:\/\/api.w.org\/{rel}","templated":true}]}}