{"id":20513,"date":"2023-11-17T17:37:45","date_gmt":"2023-11-17T16:37:45","guid":{"rendered":"https:\/\/baralivres.ma\/?post_type=product&#038;p=20513"},"modified":"2025-04-17T15:25:04","modified_gmt":"2025-04-17T14:25:04","slug":"is-it-love-blue-swan-hospital-au-coeur-des-urgences","status":"publish","type":"product","link":"https:\/\/baralivres.ma\/?product=is-it-love-blue-swan-hospital-au-coeur-des-urgences","title":{"rendered":"Is it Love ? &#8211; Blue Swan Hospital &#8211; Au coeur des urgences"},"content":{"rendered":"<p>\u00ab\u00a0Le Blue Swan Hospital repr\u00e9sente le fleuron de la c\u00f4te Ouest et probablement l&rsquo;un des \u00e9tablissements les plus prestigieux du pays. \u00catre affect\u00e9e l\u00e0 d\u00e8s la fin de mes \u00e9tudes, \u00e0 ma premi\u00e8re demande, \u00e9tait au-del\u00e0 de mes esp\u00e9rances.\u00a0\u00bb<\/p>\n<p>Pour Kelsey, l&rsquo;h\u00e9ro\u00efne de cette histoire, poursuivre une carri\u00e8re au sein du plus renomm\u00e9 des h\u00f4pitaux am\u00e9ricains ne sera pas une sin\u00e9cure ! Devra-t-elle prioriser les relations humaines ou se concentrer sur son travail ? Opter pour la prudence ou l&rsquo;audace, au risque peut-\u00eatre de trouver l&rsquo;amour ? Des choix devront \u00eatre faits&#8230;<\/p>\n<p>Dans ce roman interactif qui se d\u00e9roule dans l&rsquo;univers d&rsquo;Is it Love ?, prenez les bonnes d\u00e9cisions : s\u00e9duisez qui vous souhaitez, g\u00e9rez les urgences m\u00e9dicales et peut-\u00eatre m\u00eame d\u00e9couvrez l&rsquo;amour !<\/p>\n","protected":false},"excerpt":{"rendered":"<p>H\u00f4pital \u00e9minent, dilemmes, relations, travail, choix, romance, d\u00e9cisions cruciales, interactive.<\/p>\n","protected":false},"featured_media":20514,"comment_status":"open","ping_status":"closed","template":"","meta":{"inline_featured_image":false},"product_cat":[3873,203,68,143],"product_tag":[],"class_list":{"0":"post-20513","1":"product","2":"type-product","3":"status-publish","4":"has-post-thumbnail","6":"product_cat-roman-en-francais","7":"product_cat-adolescente","8":"product_cat-romance","9":"product_cat-roman","10":"pa_auteurs-marie-belleville","12":"first","13":"instock","14":"shipping-taxable","15":"purchasable","16":"product-type-simple"},"_links":{"self":[{"href":"https:\/\/baralivres.ma\/index.php?rest_route=\/wp\/v2\/product\/20513","targetHints":{"allow":["GET"]}}],"collection":[{"href":"https:\/\/baralivres.ma\/index.php?rest_route=\/wp\/v2\/product"}],"about":[{"href":"https:\/\/baralivres.ma\/index.php?rest_route=\/wp\/v2\/types\/product"}],"replies":[{"embeddable":true,"href":"https:\/\/baralivres.ma\/index.php?rest_route=%2Fwp%2Fv2%2Fcomments&post=20513"}],"version-history":[{"count":2,"href":"https:\/\/baralivres.ma\/index.php?rest_route=\/wp\/v2\/product\/20513\/revisions"}],"predecessor-version":[{"id":20516,"href":"https:\/\/baralivres.ma\/index.php?rest_route=\/wp\/v2\/product\/20513\/revisions\/20516"}],"wp:featuredmedia":[{"embeddable":true,"href":"https:\/\/baralivres.ma\/index.php?rest_route=\/wp\/v2\/media\/20514"}],"wp:attachment":[{"href":"https:\/\/baralivres.ma\/index.php?rest_route=%2Fwp%2Fv2%2Fmedia&parent=20513"}],"wp:term":[{"taxonomy":"product_cat","embeddable":true,"href":"https:\/\/baralivres.ma\/index.php?rest_route=%2Fwp%2Fv2%2Fproduct_cat&post=20513"},{"taxonomy":"product_tag","embeddable":true,"href":"https:\/\/baralivres.ma\/index.php?rest_route=%2Fwp%2Fv2%2Fproduct_tag&post=20513"}],"curies":[{"name":"wp","href":"https:\/\/api.w.org\/{rel}","templated":true}]}}