{"id":20501,"date":"2023-11-17T17:16:21","date_gmt":"2023-11-17T16:16:21","guid":{"rendered":"https:\/\/baralivres.ma\/?post_type=product&#038;p=20501"},"modified":"2024-11-05T13:58:13","modified_gmt":"2024-11-05T12:58:13","slug":"peppa-pig-le-grand-livre-son-de-peppa","status":"publish","type":"product","link":"https:\/\/baralivres.ma\/?product=peppa-pig-le-grand-livre-son-de-peppa","title":{"rendered":"Peppa Pig \/ Le grand livre son de Peppa"},"content":{"rendered":"<div class=\"w-full text-token-text-primary border-b border-black\/10 gizmo:border-0 dark:border-gray-900\/50 gizmo:dark:border-0 bg-gray-50 gizmo:bg-transparent dark:bg-[#444654] gizmo:dark:bg-transparent\" data-testid=\"conversation-turn-3\">\n<div class=\"p-4 gizmo:py-2 justify-center text-base md:gap-6 md:py-6 m-auto\">\n<div class=\"flex flex-1 gap-4 text-base mx-auto md:gap-6 gizmo:gap-3 gizmo:md:px-5 gizmo:lg:px-1 gizmo:xl:px-5 md:max-w-2xl lg:max-w-[38rem] gizmo:md:max-w-3xl gizmo:lg:max-w-[40rem] gizmo:xl:max-w-[48rem] xl:max-w-3xl } group\">\n<div class=\"relative flex w-[calc(100%-50px)] flex-col gizmo:w-full lg:w-[calc(100%-115px)] agent-turn\">\n<div class=\"flex-col gap-1 md:gap-3\">\n<div class=\"flex flex-grow flex-col max-w-full gap-3 gizmo:gap-0\">\n<div class=\"min-h-[20px] text-message flex flex-col items-start gap-3 whitespace-pre-wrap break-words [.text-message+&amp;]:mt-5 overflow-x-auto\" data-message-author-role=\"assistant\" data-message-id=\"1eda3308-4313-4eba-99e9-0bbaa001ef0b\">\n<div class=\"markdown prose w-full break-words dark:prose-invert dark\">\n<p>Ce livre captivant renfermant plus de 18 sons amusants fera passer aux jeunes admirateurs de Peppa une journ\u00e9e pleine de divertissement en compagnie de leur personnage pr\u00e9f\u00e9r\u00e9. En suivant l&rsquo;histoire, l&rsquo;enfant aura l&rsquo;occasion d&rsquo;interagir en appuyant sur les 18 touches pour une exp\u00e9rience de lecture interactive !<\/p>\n<\/div>\n<\/div>\n<\/div>\n<\/div>\n<\/div>\n<\/div>\n<\/div>\n<\/div>\n","protected":false},"excerpt":{"rendered":"<p>Livre Peppa: 18 sons, journ\u00e9e interactive, lecture amusante pour enfants.<\/p>\n","protected":false},"featured_media":20502,"comment_status":"open","ping_status":"closed","template":"","meta":{"inline_featured_image":false},"product_cat":[3944,197],"product_tag":[],"class_list":{"0":"post-20501","1":"product","2":"type-product","3":"status-publish","4":"has-post-thumbnail","6":"product_cat-les-livres-sonore-francais","7":"product_cat-livre-sonore","8":"pa_auteurs-collectif","10":"first","11":"instock","12":"shipping-taxable","13":"purchasable","14":"product-type-simple"},"_links":{"self":[{"href":"https:\/\/baralivres.ma\/index.php?rest_route=\/wp\/v2\/product\/20501","targetHints":{"allow":["GET"]}}],"collection":[{"href":"https:\/\/baralivres.ma\/index.php?rest_route=\/wp\/v2\/product"}],"about":[{"href":"https:\/\/baralivres.ma\/index.php?rest_route=\/wp\/v2\/types\/product"}],"replies":[{"embeddable":true,"href":"https:\/\/baralivres.ma\/index.php?rest_route=%2Fwp%2Fv2%2Fcomments&post=20501"}],"version-history":[{"count":1,"href":"https:\/\/baralivres.ma\/index.php?rest_route=\/wp\/v2\/product\/20501\/revisions"}],"predecessor-version":[{"id":20503,"href":"https:\/\/baralivres.ma\/index.php?rest_route=\/wp\/v2\/product\/20501\/revisions\/20503"}],"wp:featuredmedia":[{"embeddable":true,"href":"https:\/\/baralivres.ma\/index.php?rest_route=\/wp\/v2\/media\/20502"}],"wp:attachment":[{"href":"https:\/\/baralivres.ma\/index.php?rest_route=%2Fwp%2Fv2%2Fmedia&parent=20501"}],"wp:term":[{"taxonomy":"product_cat","embeddable":true,"href":"https:\/\/baralivres.ma\/index.php?rest_route=%2Fwp%2Fv2%2Fproduct_cat&post=20501"},{"taxonomy":"product_tag","embeddable":true,"href":"https:\/\/baralivres.ma\/index.php?rest_route=%2Fwp%2Fv2%2Fproduct_tag&post=20501"}],"curies":[{"name":"wp","href":"https:\/\/api.w.org\/{rel}","templated":true}]}}