{"id":20498,"date":"2023-11-17T15:38:03","date_gmt":"2023-11-17T14:38:03","guid":{"rendered":"https:\/\/baralivres.ma\/?post_type=product&#038;p=20498"},"modified":"2024-11-18T14:50:36","modified_gmt":"2024-11-18T13:50:36","slug":"disney-baby-mes-premiers-imagiers-la-maison","status":"publish","type":"product","link":"https:\/\/baralivres.ma\/?product=disney-baby-mes-premiers-imagiers-la-maison","title":{"rendered":"DISNEY BABY &#8211; Mes Premiers Imagiers &#8211; La Maison"},"content":{"rendered":"<div class=\"w-full text-token-text-primary border-b border-black\/10 gizmo:border-0 dark:border-gray-900\/50 gizmo:dark:border-0 bg-gray-50 gizmo:bg-transparent dark:bg-[#444654] gizmo:dark:bg-transparent\" data-testid=\"conversation-turn-3\">\n<div class=\"p-4 gizmo:py-2 justify-center text-base md:gap-6 md:py-6 m-auto\">\n<div class=\"flex flex-1 gap-4 text-base mx-auto md:gap-6 gizmo:gap-3 gizmo:md:px-5 gizmo:lg:px-1 gizmo:xl:px-5 md:max-w-2xl lg:max-w-[38rem] gizmo:md:max-w-3xl gizmo:lg:max-w-[40rem] gizmo:xl:max-w-[48rem] xl:max-w-3xl } group\">\n<div class=\"relative flex w-[calc(100%-50px)] flex-col gizmo:w-full lg:w-[calc(100%-115px)] agent-turn\">\n<div class=\"flex-col gap-1 md:gap-3\">\n<div class=\"flex flex-grow flex-col max-w-full gap-3 gizmo:gap-0\">\n<div class=\"min-h-[20px] text-message flex flex-col items-start gap-3 whitespace-pre-wrap break-words [.text-message+&amp;]:mt-5 overflow-x-auto\" data-message-author-role=\"assistant\" data-message-id=\"626459b7-3793-429b-aa4b-4e33fb290636\">\n<div class=\"markdown prose w-full break-words dark:prose-invert dark\">\n<p>Un charmant Imagier Disney Baby con\u00e7u pour accompagner pas \u00e0 pas votre b\u00e9b\u00e9 dans la d\u00e9couverte du monde qui l&rsquo;entoure ! Gr\u00e2ce \u00e0 ses illustrations captivantes, cet imagier offre \u00e0 votre enfant une exp\u00e9rience ludique tout en l&rsquo;aidant \u00e0 d\u00e9buter ses premiers apprentissages. Explorez ensemble l&rsquo;univers domestique en compagnie des personnages Disney qu&rsquo;il affectionne : encouragez-le \u00e0 observer attentivement les sc\u00e8nes, \u00e0 identifier les \u00e9l\u00e9ments et \u00e0 les nommer. Un livre tout-carton, ergonomique avec des coins arrondis, parfaitement adapt\u00e9 aux petites mains. \u00c0 partir de 12 mois, pour des moments enchant\u00e9s de partage et de d\u00e9couverte !<\/p>\n<\/div>\n<\/div>\n<\/div>\n<\/div>\n<\/div>\n<\/div>\n<\/div>\n<\/div>\n","protected":false},"excerpt":{"rendered":"<p>Imagier Disney Baby pour d\u00e9couvrir, apprendre et s&rsquo;amuser avec les personnages pr\u00e9f\u00e9r\u00e9s, adapt\u00e9 d\u00e8s 12 mois.<\/p>\n","protected":false},"featured_media":20499,"comment_status":"open","ping_status":"closed","template":"","meta":{"inline_featured_image":false},"product_cat":[212],"product_tag":[],"class_list":{"0":"post-20498","1":"product","2":"type-product","3":"status-publish","4":"has-post-thumbnail","6":"product_cat-puzzle","7":"pa_auteurs-collectif","9":"first","10":"instock","11":"shipping-taxable","12":"purchasable","13":"product-type-simple"},"_links":{"self":[{"href":"https:\/\/baralivres.ma\/index.php?rest_route=\/wp\/v2\/product\/20498","targetHints":{"allow":["GET"]}}],"collection":[{"href":"https:\/\/baralivres.ma\/index.php?rest_route=\/wp\/v2\/product"}],"about":[{"href":"https:\/\/baralivres.ma\/index.php?rest_route=\/wp\/v2\/types\/product"}],"replies":[{"embeddable":true,"href":"https:\/\/baralivres.ma\/index.php?rest_route=%2Fwp%2Fv2%2Fcomments&post=20498"}],"version-history":[{"count":1,"href":"https:\/\/baralivres.ma\/index.php?rest_route=\/wp\/v2\/product\/20498\/revisions"}],"predecessor-version":[{"id":20500,"href":"https:\/\/baralivres.ma\/index.php?rest_route=\/wp\/v2\/product\/20498\/revisions\/20500"}],"wp:featuredmedia":[{"embeddable":true,"href":"https:\/\/baralivres.ma\/index.php?rest_route=\/wp\/v2\/media\/20499"}],"wp:attachment":[{"href":"https:\/\/baralivres.ma\/index.php?rest_route=%2Fwp%2Fv2%2Fmedia&parent=20498"}],"wp:term":[{"taxonomy":"product_cat","embeddable":true,"href":"https:\/\/baralivres.ma\/index.php?rest_route=%2Fwp%2Fv2%2Fproduct_cat&post=20498"},{"taxonomy":"product_tag","embeddable":true,"href":"https:\/\/baralivres.ma\/index.php?rest_route=%2Fwp%2Fv2%2Fproduct_tag&post=20498"}],"curies":[{"name":"wp","href":"https:\/\/api.w.org\/{rel}","templated":true}]}}