{"id":20486,"date":"2023-11-17T15:01:24","date_gmt":"2023-11-17T14:01:24","guid":{"rendered":"https:\/\/baralivres.ma\/?post_type=product&#038;p=20486"},"modified":"2024-11-18T14:53:00","modified_gmt":"2024-11-18T13:53:00","slug":"ricky-zoom-un-coequipier-pour-sam-dacier","status":"publish","type":"product","link":"https:\/\/baralivres.ma\/?product=ricky-zoom-un-coequipier-pour-sam-dacier","title":{"rendered":"Ricky Zoom- Un co\u00e9quipier pour Sam Dacier"},"content":{"rendered":"<p>Quand Sam Dacier, l&rsquo;extraordinaire, fait une apparition en ville, Ricky tente de le persuader qu&rsquo;un h\u00e9ros a besoin d&rsquo;un acolyte ! R\u00e9ussira-t-il \u00e0 former une \u00e9quipe avec Sam Dacier ?<\/p>\n","protected":false},"excerpt":{"rendered":"<p>Ricky veut \u00eatre le partenaire de Sam Dacier, h\u00e9ros l\u00e9gendaire.<\/p>\n","protected":false},"featured_media":20487,"comment_status":"open","ping_status":"closed","template":"","meta":{"inline_featured_image":false},"product_cat":[3877,199],"product_tag":[],"class_list":{"0":"post-20486","1":"product","2":"type-product","3":"status-publish","4":"has-post-thumbnail","6":"product_cat-les-histoires-francais","7":"product_cat-histoires","8":"pa_auteurs-collectif","10":"first","11":"instock","12":"shipping-taxable","13":"purchasable","14":"product-type-simple"},"_links":{"self":[{"href":"https:\/\/baralivres.ma\/index.php?rest_route=\/wp\/v2\/product\/20486","targetHints":{"allow":["GET"]}}],"collection":[{"href":"https:\/\/baralivres.ma\/index.php?rest_route=\/wp\/v2\/product"}],"about":[{"href":"https:\/\/baralivres.ma\/index.php?rest_route=\/wp\/v2\/types\/product"}],"replies":[{"embeddable":true,"href":"https:\/\/baralivres.ma\/index.php?rest_route=%2Fwp%2Fv2%2Fcomments&post=20486"}],"version-history":[{"count":1,"href":"https:\/\/baralivres.ma\/index.php?rest_route=\/wp\/v2\/product\/20486\/revisions"}],"predecessor-version":[{"id":20488,"href":"https:\/\/baralivres.ma\/index.php?rest_route=\/wp\/v2\/product\/20486\/revisions\/20488"}],"wp:featuredmedia":[{"embeddable":true,"href":"https:\/\/baralivres.ma\/index.php?rest_route=\/wp\/v2\/media\/20487"}],"wp:attachment":[{"href":"https:\/\/baralivres.ma\/index.php?rest_route=%2Fwp%2Fv2%2Fmedia&parent=20486"}],"wp:term":[{"taxonomy":"product_cat","embeddable":true,"href":"https:\/\/baralivres.ma\/index.php?rest_route=%2Fwp%2Fv2%2Fproduct_cat&post=20486"},{"taxonomy":"product_tag","embeddable":true,"href":"https:\/\/baralivres.ma\/index.php?rest_route=%2Fwp%2Fv2%2Fproduct_tag&post=20486"}],"curies":[{"name":"wp","href":"https:\/\/api.w.org\/{rel}","templated":true}]}}