{"id":20481,"date":"2023-11-17T14:58:43","date_gmt":"2023-11-17T13:58:43","guid":{"rendered":"https:\/\/baralivres.ma\/?post_type=product&#038;p=20481"},"modified":"2024-10-29T15:18:03","modified_gmt":"2024-10-29T14:18:03","slug":"les-petits-carres-dart-therapie-jungle","status":"publish","type":"product","link":"https:\/\/baralivres.ma\/?product=les-petits-carres-dart-therapie-jungle","title":{"rendered":"Les petits carr\u00e9s d&rsquo;Art-th\u00e9rapie Jungle"},"content":{"rendered":"<p>Immergez-vous au c\u0153ur de la jungle luxuriante \u00e0 travers une collection de 100 illustrations in\u00e9dites. Ces dessins vous emm\u00e8nent dans les recoins les plus denses et myst\u00e9rieux des for\u00eats, o\u00f9 vous d\u00e9couvrirez une vari\u00e9t\u00e9 impressionnante d&rsquo;animaux, tous plus fascinants les uns que les autres.<\/p>\n<p>Chaque illustration vous plonge dans un univers vibrant et vous invite \u00e0 explorer la biodiversit\u00e9 \u00e9tonnante de la jungle. Vous serez captiv\u00e9 par la richesse des d\u00e9tails et des sc\u00e8nes repr\u00e9sent\u00e9es, vous transportant ainsi dans un voyage visuel unique au sein de cette nature sauvage et foisonnante.<\/p>\n","protected":false},"excerpt":{"rendered":"<p>Jungle en 100 illustrations : biodiversit\u00e9 fascinante, exploration visuelle, d\u00e9couverte animale, immersion sauvage.<\/p>\n","protected":false},"featured_media":20483,"comment_status":"open","ping_status":"closed","template":"","meta":{"inline_featured_image":false},"product_cat":[3575],"product_tag":[],"class_list":{"0":"post-20481","1":"product","2":"type-product","3":"status-publish","4":"has-post-thumbnail","6":"product_cat-art-therapie","7":"pa_auteurs-laure-de-lepinay","9":"first","10":"instock","11":"shipping-taxable","12":"purchasable","13":"product-type-simple"},"_links":{"self":[{"href":"https:\/\/baralivres.ma\/index.php?rest_route=\/wp\/v2\/product\/20481","targetHints":{"allow":["GET"]}}],"collection":[{"href":"https:\/\/baralivres.ma\/index.php?rest_route=\/wp\/v2\/product"}],"about":[{"href":"https:\/\/baralivres.ma\/index.php?rest_route=\/wp\/v2\/types\/product"}],"replies":[{"embeddable":true,"href":"https:\/\/baralivres.ma\/index.php?rest_route=%2Fwp%2Fv2%2Fcomments&post=20481"}],"version-history":[{"count":1,"href":"https:\/\/baralivres.ma\/index.php?rest_route=\/wp\/v2\/product\/20481\/revisions"}],"predecessor-version":[{"id":20484,"href":"https:\/\/baralivres.ma\/index.php?rest_route=\/wp\/v2\/product\/20481\/revisions\/20484"}],"wp:featuredmedia":[{"embeddable":true,"href":"https:\/\/baralivres.ma\/index.php?rest_route=\/wp\/v2\/media\/20483"}],"wp:attachment":[{"href":"https:\/\/baralivres.ma\/index.php?rest_route=%2Fwp%2Fv2%2Fmedia&parent=20481"}],"wp:term":[{"taxonomy":"product_cat","embeddable":true,"href":"https:\/\/baralivres.ma\/index.php?rest_route=%2Fwp%2Fv2%2Fproduct_cat&post=20481"},{"taxonomy":"product_tag","embeddable":true,"href":"https:\/\/baralivres.ma\/index.php?rest_route=%2Fwp%2Fv2%2Fproduct_tag&post=20481"}],"curies":[{"name":"wp","href":"https:\/\/api.w.org\/{rel}","templated":true}]}}