{"id":20474,"date":"2023-11-17T14:52:06","date_gmt":"2023-11-17T13:52:06","guid":{"rendered":"https:\/\/baralivres.ma\/?post_type=product&#038;p=20474"},"modified":"2024-10-28T14:55:30","modified_gmt":"2024-10-28T13:55:30","slug":"bienvenue-chez-les-loud-mon-coffret-escape-game","status":"publish","type":"product","link":"https:\/\/baralivres.ma\/?product=bienvenue-chez-les-loud-mon-coffret-escape-game","title":{"rendered":"Bienvenue chez les Loud &#8211; Mon coffret Escape Game"},"content":{"rendered":"<p>C&rsquo;est le moment de regarder la s\u00e9rie \u00ab\u00a0ARRG !\u00a0\u00bb, la meilleure \u00e9mission de tous les temps. Lincoln ne veut pas la rater, mais il y a un petit d\u00e9tail&#8230; il a dix s\u0153urs ! Ta mission est de les distraire, les emp\u00eacher d&rsquo;atteindre le salon, et aider Lincoln \u00e0 rejoindre le canap\u00e9. Pour r\u00e9ussir, d\u00e9coupe, assemble et d\u00e9code tous les indices ! Es-tu pr\u00eat \u00e0 relever le d\u00e9fi ?<\/p>\n<p>Le tout accompagn\u00e9 d&rsquo;un livre et de 4 objets \u00e9nigmatiques pour accomplir cette mission excitante !<\/p>\n","protected":false},"excerpt":{"rendered":"<p>Mission d\u00e9licate : Lincoln veut regarder ARRG !, mais avec dix s\u0153urs, aide-le \u00e0 atteindre le canap\u00e9.<\/p>\n","protected":false},"featured_media":20479,"comment_status":"open","ping_status":"closed","template":"","meta":{"inline_featured_image":false},"product_cat":[3875,201,200],"product_tag":[],"class_list":{"0":"post-20474","1":"product","2":"type-product","3":"status-publish","4":"has-post-thumbnail","6":"product_cat-coffret-francais","7":"product_cat-coffret","8":"product_cat-activites","9":"pa_auteurs-collectif","11":"first","12":"instock","13":"shipping-taxable","14":"purchasable","15":"product-type-simple"},"_links":{"self":[{"href":"https:\/\/baralivres.ma\/index.php?rest_route=\/wp\/v2\/product\/20474","targetHints":{"allow":["GET"]}}],"collection":[{"href":"https:\/\/baralivres.ma\/index.php?rest_route=\/wp\/v2\/product"}],"about":[{"href":"https:\/\/baralivres.ma\/index.php?rest_route=\/wp\/v2\/types\/product"}],"replies":[{"embeddable":true,"href":"https:\/\/baralivres.ma\/index.php?rest_route=%2Fwp%2Fv2%2Fcomments&post=20474"}],"version-history":[{"count":1,"href":"https:\/\/baralivres.ma\/index.php?rest_route=\/wp\/v2\/product\/20474\/revisions"}],"predecessor-version":[{"id":20480,"href":"https:\/\/baralivres.ma\/index.php?rest_route=\/wp\/v2\/product\/20474\/revisions\/20480"}],"wp:featuredmedia":[{"embeddable":true,"href":"https:\/\/baralivres.ma\/index.php?rest_route=\/wp\/v2\/media\/20479"}],"wp:attachment":[{"href":"https:\/\/baralivres.ma\/index.php?rest_route=%2Fwp%2Fv2%2Fmedia&parent=20474"}],"wp:term":[{"taxonomy":"product_cat","embeddable":true,"href":"https:\/\/baralivres.ma\/index.php?rest_route=%2Fwp%2Fv2%2Fproduct_cat&post=20474"},{"taxonomy":"product_tag","embeddable":true,"href":"https:\/\/baralivres.ma\/index.php?rest_route=%2Fwp%2Fv2%2Fproduct_tag&post=20474"}],"curies":[{"name":"wp","href":"https:\/\/api.w.org\/{rel}","templated":true}]}}