{"id":20470,"date":"2023-11-17T14:50:48","date_gmt":"2023-11-17T13:50:48","guid":{"rendered":"https:\/\/baralivres.ma\/?post_type=product&#038;p=20470"},"modified":"2024-10-29T15:18:37","modified_gmt":"2024-10-29T14:18:37","slug":"les-petits-carres-dart-therapie-cat-lovers","status":"publish","type":"product","link":"https:\/\/baralivres.ma\/?product=les-petits-carres-dart-therapie-cat-lovers","title":{"rendered":"Les petits carr\u00e9s d&rsquo;Art-th\u00e9rapie Cat Lovers"},"content":{"rendered":"<p>Explorez l&rsquo;art th\u00e9rapeutique gr\u00e2ce \u00e0 un livre de coloriages in\u00e9dits proposant 100 motifs d\u00e9taill\u00e9s mettant en sc\u00e8ne des chats aux multiples personnalit\u00e9s : joueur, endormi, farceur, contemplatif&#8230;<\/p>\n<p>En plus des illustrations, d\u00e9couvrez un mini-kit de papeterie que vous pouvez personnaliser avec du papier \u00e0 lettres, des \u00e9tiquettes et des marque-pages, vous permettant de prolonger votre exp\u00e9rience cr\u00e9ative.<\/p>\n<p>Exprimez-vous librement avec les couleurs, plongez dans cet \u00e9tat cr\u00e9atif continu et laissez-vous emporter par le flux artistique.<\/p>\n","protected":false},"excerpt":{"rendered":"<p>Coloriages chats : 100 motifs vari\u00e9s, papeterie personnalisable, expression artistique, exp\u00e9rience cr\u00e9ative, d\u00e9tente assur\u00e9e.<\/p>\n","protected":false},"featured_media":20476,"comment_status":"open","ping_status":"closed","template":"","meta":{"inline_featured_image":false},"product_cat":[3575],"product_tag":[],"class_list":{"0":"post-20470","1":"product","2":"type-product","3":"status-publish","4":"has-post-thumbnail","6":"product_cat-art-therapie","7":"pa_auteurs-gaelle-junius","9":"first","10":"instock","11":"shipping-taxable","12":"purchasable","13":"product-type-simple"},"_links":{"self":[{"href":"https:\/\/baralivres.ma\/index.php?rest_route=\/wp\/v2\/product\/20470","targetHints":{"allow":["GET"]}}],"collection":[{"href":"https:\/\/baralivres.ma\/index.php?rest_route=\/wp\/v2\/product"}],"about":[{"href":"https:\/\/baralivres.ma\/index.php?rest_route=\/wp\/v2\/types\/product"}],"replies":[{"embeddable":true,"href":"https:\/\/baralivres.ma\/index.php?rest_route=%2Fwp%2Fv2%2Fcomments&post=20470"}],"version-history":[{"count":1,"href":"https:\/\/baralivres.ma\/index.php?rest_route=\/wp\/v2\/product\/20470\/revisions"}],"predecessor-version":[{"id":20477,"href":"https:\/\/baralivres.ma\/index.php?rest_route=\/wp\/v2\/product\/20470\/revisions\/20477"}],"wp:featuredmedia":[{"embeddable":true,"href":"https:\/\/baralivres.ma\/index.php?rest_route=\/wp\/v2\/media\/20476"}],"wp:attachment":[{"href":"https:\/\/baralivres.ma\/index.php?rest_route=%2Fwp%2Fv2%2Fmedia&parent=20470"}],"wp:term":[{"taxonomy":"product_cat","embeddable":true,"href":"https:\/\/baralivres.ma\/index.php?rest_route=%2Fwp%2Fv2%2Fproduct_cat&post=20470"},{"taxonomy":"product_tag","embeddable":true,"href":"https:\/\/baralivres.ma\/index.php?rest_route=%2Fwp%2Fv2%2Fproduct_tag&post=20470"}],"curies":[{"name":"wp","href":"https:\/\/api.w.org\/{rel}","templated":true}]}}