{"id":20466,"date":"2023-11-17T14:48:52","date_gmt":"2023-11-17T13:48:52","guid":{"rendered":"https:\/\/baralivres.ma\/?post_type=product&#038;p=20466"},"modified":"2024-10-29T18:17:06","modified_gmt":"2024-10-29T17:17:06","slug":"disney-princesses-les-univers-princesses-stickers-cendrillon-et-belle","status":"publish","type":"product","link":"https:\/\/baralivres.ma\/?product=disney-princesses-les-univers-princesses-stickers-cendrillon-et-belle","title":{"rendered":"DISNEY PRINCESSES &#8211; Les univers Princesses &#8211; Stickers &#8211; Cendrillon et Belle"},"content":{"rendered":"<p>Explorez pr\u00e8s de 200 autocollants pour vous divertir avec Cendrillon et Belle ! D\u00e9couvrez 12 grandes sc\u00e8nes anim\u00e9es \u00e0 l&rsquo;int\u00e9rieur des ch\u00e2teaux, incluant l&rsquo;atelier de Cendrillon, la salle de r\u00e9ception de Belle et la chambre de Cendrillon. Utilisez les 6 planches d&rsquo;autocollants avec des personnages, objets, meubles et accessoires pour cr\u00e9er vos propres histoires. Adapt\u00e9 aux enfants d\u00e8s 5 ans.<\/p>\n","protected":false},"excerpt":{"rendered":"<p>Cahier de 200 autocollants, 12 sc\u00e8nes anim\u00e9es, ch\u00e2teaux de Cendrillon et Belle, personnages, objets. Pour enfants d\u00e8s 5 ans.<\/p>\n","protected":false},"featured_media":20471,"comment_status":"open","ping_status":"closed","template":"","meta":{"inline_featured_image":false},"product_cat":[215,200],"product_tag":[],"class_list":{"0":"post-20466","1":"product","2":"type-product","3":"status-publish","4":"has-post-thumbnail","6":"product_cat-enfant","7":"product_cat-activites","8":"pa_auteurs-collectif","10":"first","11":"instock","12":"shipping-taxable","13":"purchasable","14":"product-type-simple"},"_links":{"self":[{"href":"https:\/\/baralivres.ma\/index.php?rest_route=\/wp\/v2\/product\/20466","targetHints":{"allow":["GET"]}}],"collection":[{"href":"https:\/\/baralivres.ma\/index.php?rest_route=\/wp\/v2\/product"}],"about":[{"href":"https:\/\/baralivres.ma\/index.php?rest_route=\/wp\/v2\/types\/product"}],"replies":[{"embeddable":true,"href":"https:\/\/baralivres.ma\/index.php?rest_route=%2Fwp%2Fv2%2Fcomments&post=20466"}],"version-history":[{"count":1,"href":"https:\/\/baralivres.ma\/index.php?rest_route=\/wp\/v2\/product\/20466\/revisions"}],"predecessor-version":[{"id":20472,"href":"https:\/\/baralivres.ma\/index.php?rest_route=\/wp\/v2\/product\/20466\/revisions\/20472"}],"wp:featuredmedia":[{"embeddable":true,"href":"https:\/\/baralivres.ma\/index.php?rest_route=\/wp\/v2\/media\/20471"}],"wp:attachment":[{"href":"https:\/\/baralivres.ma\/index.php?rest_route=%2Fwp%2Fv2%2Fmedia&parent=20466"}],"wp:term":[{"taxonomy":"product_cat","embeddable":true,"href":"https:\/\/baralivres.ma\/index.php?rest_route=%2Fwp%2Fv2%2Fproduct_cat&post=20466"},{"taxonomy":"product_tag","embeddable":true,"href":"https:\/\/baralivres.ma\/index.php?rest_route=%2Fwp%2Fv2%2Fproduct_tag&post=20466"}],"curies":[{"name":"wp","href":"https:\/\/api.w.org\/{rel}","templated":true}]}}