{"id":20459,"date":"2023-11-17T14:58:45","date_gmt":"2023-11-17T13:58:45","guid":{"rendered":"https:\/\/baralivres.ma\/?post_type=product&#038;p=20459"},"modified":"2024-11-18T14:53:26","modified_gmt":"2024-11-18T13:53:26","slug":"panpan-histoires-de-3-minutes-avant-de-faire-dodo-disney","status":"publish","type":"product","link":"https:\/\/baralivres.ma\/?product=panpan-histoires-de-3-minutes-avant-de-faire-dodo-disney","title":{"rendered":"PANPAN &#8211; Histoires de 3 minutes avant de faire dodo &#8211; Disney"},"content":{"rendered":"<p>Plongez chaque soir dans l&rsquo;univers enchant\u00e9 de Panpan et ses s\u0153urs avec des mini-histoires parfaites pour accompagner votre enfant au pays des r\u00eaves ! Ce recueil propose neuf courts r\u00e9cits sp\u00e9cialement con\u00e7us pour le moment du coucher. Explorez de nouvelles aventures, des textes concis accompagn\u00e9s d&rsquo;illustrations in\u00e9dites, offrant un temps de lecture de seulement 3 minutes par histoire. Id\u00e9al pour les petits d\u00e8s l&rsquo;\u00e2ge de 3 ans.<\/p>\n","protected":false},"excerpt":{"rendered":"<p>Histoires br\u00e8ves de Panpan et ses s\u0153urs pour s&rsquo;endormir enchant\u00e9.<\/p>\n","protected":false},"featured_media":20482,"comment_status":"open","ping_status":"closed","template":"","meta":{"inline_featured_image":false},"product_cat":[3877,199],"product_tag":[],"class_list":{"0":"post-20459","1":"product","2":"type-product","3":"status-publish","4":"has-post-thumbnail","6":"product_cat-les-histoires-francais","7":"product_cat-histoires","8":"pa_auteurs-collectif","10":"first","11":"instock","12":"shipping-taxable","13":"purchasable","14":"product-type-simple"},"_links":{"self":[{"href":"https:\/\/baralivres.ma\/index.php?rest_route=\/wp\/v2\/product\/20459","targetHints":{"allow":["GET"]}}],"collection":[{"href":"https:\/\/baralivres.ma\/index.php?rest_route=\/wp\/v2\/product"}],"about":[{"href":"https:\/\/baralivres.ma\/index.php?rest_route=\/wp\/v2\/types\/product"}],"replies":[{"embeddable":true,"href":"https:\/\/baralivres.ma\/index.php?rest_route=%2Fwp%2Fv2%2Fcomments&post=20459"}],"version-history":[{"count":1,"href":"https:\/\/baralivres.ma\/index.php?rest_route=\/wp\/v2\/product\/20459\/revisions"}],"predecessor-version":[{"id":20485,"href":"https:\/\/baralivres.ma\/index.php?rest_route=\/wp\/v2\/product\/20459\/revisions\/20485"}],"wp:featuredmedia":[{"embeddable":true,"href":"https:\/\/baralivres.ma\/index.php?rest_route=\/wp\/v2\/media\/20482"}],"wp:attachment":[{"href":"https:\/\/baralivres.ma\/index.php?rest_route=%2Fwp%2Fv2%2Fmedia&parent=20459"}],"wp:term":[{"taxonomy":"product_cat","embeddable":true,"href":"https:\/\/baralivres.ma\/index.php?rest_route=%2Fwp%2Fv2%2Fproduct_cat&post=20459"},{"taxonomy":"product_tag","embeddable":true,"href":"https:\/\/baralivres.ma\/index.php?rest_route=%2Fwp%2Fv2%2Fproduct_tag&post=20459"}],"curies":[{"name":"wp","href":"https:\/\/api.w.org\/{rel}","templated":true}]}}