{"id":20451,"date":"2023-11-17T14:45:08","date_gmt":"2023-11-17T13:45:08","guid":{"rendered":"https:\/\/baralivres.ma\/?post_type=product&#038;p=20451"},"modified":"2024-10-29T18:17:40","modified_gmt":"2024-10-29T17:17:40","slug":"les-super-missions-des-monsieur-madame","status":"publish","type":"product","link":"https:\/\/baralivres.ma\/?product=les-super-missions-des-monsieur-madame","title":{"rendered":"Les super missions des Monsieur Madame"},"content":{"rendered":"<p>Les Monsieur Madame, tout comme toi, sont de v\u00e9ritables super-h\u00e9ros ! Rejoins-les dans ce livre d&rsquo;activit\u00e9s excitant, d\u00e9montre tes superpouvoirs en relevant leurs d\u00e9fis et amuse-toi \u00e0 personnaliser tes affaires avec des autocollants exceptionnels !<\/p>\n","protected":false},"excerpt":{"rendered":"<p>Participe aux d\u00e9fis des Monsieur Madame, r\u00e9v\u00e8le tes superpouvoirs et d\u00e9core tes affaires avec des autocollants.<\/p>\n","protected":false},"featured_media":20461,"comment_status":"open","ping_status":"closed","template":"","meta":{"inline_featured_image":false},"product_cat":[215,200],"product_tag":[],"class_list":{"0":"post-20451","1":"product","2":"type-product","3":"status-publish","4":"has-post-thumbnail","6":"product_cat-enfant","7":"product_cat-activites","8":"pa_auteurs-roger-hargreaves","10":"first","11":"instock","12":"shipping-taxable","13":"purchasable","14":"product-type-simple"},"_links":{"self":[{"href":"https:\/\/baralivres.ma\/index.php?rest_route=\/wp\/v2\/product\/20451","targetHints":{"allow":["GET"]}}],"collection":[{"href":"https:\/\/baralivres.ma\/index.php?rest_route=\/wp\/v2\/product"}],"about":[{"href":"https:\/\/baralivres.ma\/index.php?rest_route=\/wp\/v2\/types\/product"}],"replies":[{"embeddable":true,"href":"https:\/\/baralivres.ma\/index.php?rest_route=%2Fwp%2Fv2%2Fcomments&post=20451"}],"version-history":[{"count":1,"href":"https:\/\/baralivres.ma\/index.php?rest_route=\/wp\/v2\/product\/20451\/revisions"}],"predecessor-version":[{"id":20462,"href":"https:\/\/baralivres.ma\/index.php?rest_route=\/wp\/v2\/product\/20451\/revisions\/20462"}],"wp:featuredmedia":[{"embeddable":true,"href":"https:\/\/baralivres.ma\/index.php?rest_route=\/wp\/v2\/media\/20461"}],"wp:attachment":[{"href":"https:\/\/baralivres.ma\/index.php?rest_route=%2Fwp%2Fv2%2Fmedia&parent=20451"}],"wp:term":[{"taxonomy":"product_cat","embeddable":true,"href":"https:\/\/baralivres.ma\/index.php?rest_route=%2Fwp%2Fv2%2Fproduct_cat&post=20451"},{"taxonomy":"product_tag","embeddable":true,"href":"https:\/\/baralivres.ma\/index.php?rest_route=%2Fwp%2Fv2%2Fproduct_tag&post=20451"}],"curies":[{"name":"wp","href":"https:\/\/api.w.org\/{rel}","templated":true}]}}