{"id":20397,"date":"2023-11-17T14:26:21","date_gmt":"2023-11-17T13:26:21","guid":{"rendered":"https:\/\/baralivres.ma\/?post_type=product&#038;p=20397"},"modified":"2024-10-29T15:19:55","modified_gmt":"2024-10-29T14:19:55","slug":"japon","status":"publish","type":"product","link":"https:\/\/baralivres.ma\/?product=japon","title":{"rendered":"Japon"},"content":{"rendered":"<p>Plongez dans un recueil de 50 illustrations captivantes qui embrassent l&rsquo;essence du Japon, alliant la tradition ancienne \u00e0 la modernit\u00e9 vibrante. Explorez des \u00e9l\u00e9ments embl\u00e9matiques tels que le Mont Fuji, les paisibles jardins zen, les \u00e9l\u00e9gantes pivoines, les sc\u00e8nes d&rsquo;int\u00e9rieur \u00e9labor\u00e9es, ainsi que la culture contemporaine repr\u00e9sent\u00e9e par les mangas, les sc\u00e8nes anim\u00e9es des rues de Tokyo et le style kawa\u00ef. Cet ouvrage offre une abondance de motifs et d&rsquo;inspirations, c\u00e9l\u00e9brant la diversit\u00e9 culturelle du Japon. L&rsquo;utilisation de simples crayons ou feutres de couleur vous invite \u00e0 red\u00e9couvrir et \u00e0 savourer le plaisir in\u00e9gal\u00e9 de la cr\u00e9ation artistique.<\/p>\n","protected":false},"excerpt":{"rendered":"<div class=\"flex-1 overflow-hidden\">\n<div class=\"react-scroll-to-bottom--css-dizjh-79elbk h-full\">\n<div class=\"react-scroll-to-bottom--css-dizjh-1n7m0yu\">\n<div class=\"flex flex-col text-sm gizmo:pb-9 dark:bg-gray-800 gizmo:dark:bg-transparent\">\n<div class=\"w-full text-token-text-primary border-b border-black\/10 gizmo:border-0 dark:border-gray-900\/50 gizmo:dark:border-0 bg-gray-50 gizmo:bg-transparent dark:bg-[#444654] gizmo:dark:bg-transparent\" data-testid=\"conversation-turn-105\">\n<div class=\"p-4 gizmo:py-2 justify-center text-base md:gap-6 md:py-6 m-auto\">\n<div class=\"flex flex-1 gap-4 text-base mx-auto md:gap-6 gizmo:gap-3 gizmo:md:px-5 gizmo:lg:px-1 gizmo:xl:px-5 md:max-w-2xl lg:max-w-[38rem] gizmo:md:max-w-3xl gizmo:lg:max-w-[40rem] gizmo:xl:max-w-[48rem] xl:max-w-3xl } group final-completion\">\n<div class=\"relative flex w-[calc(100%-50px)] flex-col gizmo:w-full lg:w-[calc(100%-115px)] agent-turn\">\n<div class=\"flex-col gap-1 md:gap-3\">\n<div class=\"flex flex-grow flex-col max-w-full gap-3 gizmo:gap-0\">\n<div class=\"min-h-[20px] text-message flex flex-col items-start gap-3 whitespace-pre-wrap break-words [.text-message+&amp;]:mt-5 overflow-x-auto\" data-message-author-role=\"assistant\" data-message-id=\"7400bed1-b421-42f6-a6a5-8a9512f22cc8\">\n<div class=\"markdown prose w-full break-words dark:prose-invert light\">\n<p>50 illustrations: tradition et modernit\u00e9 du Japon, crayons\/feutres, red\u00e9couvrez plaisir cr\u00e9atif, diversit\u00e9 culturelle.<\/p>\n<\/div>\n<\/div>\n<\/div>\n<div class=\"flex justify-between empty:hidden gizmo:mt-1 gizmo:justify-start gizmo:gap-3 lg:block gizmo:lg:flex\">\n<div class=\"text-gray-400 flex self-end lg:self-center justify-center gizmo:lg:justify-start mt-2 gizmo:mt-0 visible gap-1\"><button class=\"flex ml-auto gizmo:ml-0 gap-2 items-center rounded-md p-1 text-xs gizmo:gap-1.5 gizmo:pl-0 dark:text-gray-400 dark:hover:text-gray-200 disabled:dark:hover:text-gray-400 hover:text-gray-950 md:invisible md:group-hover:visible md:group-[.final-completion]:visible\"><\/button><\/p>\n<div class=\"flex gap-1\"><\/div>\n<div class=\"flex items-center gap-1.5 text-xs\"><\/div>\n<\/div>\n<\/div>\n<\/div>\n<\/div>\n<\/div>\n<\/div>\n<\/div>\n<\/div>\n<\/div>\n<\/div>\n<\/div>\n<div class=\"w-full pt-2 md:pt-0 border-t md:border-t-0 gizmo:border-t-0 dark:border-white\/20 md:border-transparent md:dark:border-transparent md:pl-2 gizmo:pl-0 gizmo:md:pl-0 md:w-[calc(100%-.5rem)]\">\n<div class=\"relative flex h-full flex-1 items-stretch md:flex-col\">\n<div class=\"flex w-full items-center\"><\/div>\n<\/div>\n<\/div>\n","protected":false},"featured_media":20404,"comment_status":"open","ping_status":"closed","template":"","meta":{"inline_featured_image":false},"product_cat":[3575],"product_tag":[],"class_list":{"0":"post-20397","1":"product","2":"type-product","3":"status-publish","4":"has-post-thumbnail","6":"product_cat-art-therapie","7":"pa_auteurs-lidia-kostanek","9":"first","10":"instock","11":"shipping-taxable","12":"purchasable","13":"product-type-simple"},"_links":{"self":[{"href":"https:\/\/baralivres.ma\/index.php?rest_route=\/wp\/v2\/product\/20397","targetHints":{"allow":["GET"]}}],"collection":[{"href":"https:\/\/baralivres.ma\/index.php?rest_route=\/wp\/v2\/product"}],"about":[{"href":"https:\/\/baralivres.ma\/index.php?rest_route=\/wp\/v2\/types\/product"}],"replies":[{"embeddable":true,"href":"https:\/\/baralivres.ma\/index.php?rest_route=%2Fwp%2Fv2%2Fcomments&post=20397"}],"version-history":[{"count":1,"href":"https:\/\/baralivres.ma\/index.php?rest_route=\/wp\/v2\/product\/20397\/revisions"}],"predecessor-version":[{"id":20405,"href":"https:\/\/baralivres.ma\/index.php?rest_route=\/wp\/v2\/product\/20397\/revisions\/20405"}],"wp:featuredmedia":[{"embeddable":true,"href":"https:\/\/baralivres.ma\/index.php?rest_route=\/wp\/v2\/media\/20404"}],"wp:attachment":[{"href":"https:\/\/baralivres.ma\/index.php?rest_route=%2Fwp%2Fv2%2Fmedia&parent=20397"}],"wp:term":[{"taxonomy":"product_cat","embeddable":true,"href":"https:\/\/baralivres.ma\/index.php?rest_route=%2Fwp%2Fv2%2Fproduct_cat&post=20397"},{"taxonomy":"product_tag","embeddable":true,"href":"https:\/\/baralivres.ma\/index.php?rest_route=%2Fwp%2Fv2%2Fproduct_tag&post=20397"}],"curies":[{"name":"wp","href":"https:\/\/api.w.org\/{rel}","templated":true}]}}