{"id":20385,"date":"2023-11-17T14:22:18","date_gmt":"2023-11-17T13:22:18","guid":{"rendered":"https:\/\/baralivres.ma\/?post_type=product&#038;p=20385"},"modified":"2024-10-29T15:20:11","modified_gmt":"2024-10-29T14:20:11","slug":"grands-carres-dart-therapie-mandalas","status":"publish","type":"product","link":"https:\/\/baralivres.ma\/?product=grands-carres-dart-therapie-mandalas","title":{"rendered":"Grands carr\u00e9s d&rsquo;Art-th\u00e9rapie Mandalas"},"content":{"rendered":"<p>\u00c0 travers l&rsquo;utilisation de vos crayons, embarquez dans une exp\u00e9rience de concentration visuelle enrichissante, explorant les motifs captivants et envo\u00fbtants pr\u00e9sents dans les 45 mandalas de cet ouvrage. Laissez-vous immerger dans un \u00e9tat de d\u00e9tente, red\u00e9couvrant ainsi le plaisir apaisant de l&rsquo;expression artistique et de la cr\u00e9ation.<\/p>\n","protected":false},"excerpt":{"rendered":"<p>Concentration artistique : 45 mandalas, crayons, d\u00e9tente cr\u00e9ative, red\u00e9couverte du plaisir de cr\u00e9er.<\/p>\n","protected":false},"featured_media":20392,"comment_status":"open","ping_status":"closed","template":"","meta":{"inline_featured_image":false},"product_cat":[3575],"product_tag":[],"class_list":{"0":"post-20385","1":"product","2":"type-product","3":"status-publish","4":"has-post-thumbnail","6":"product_cat-art-therapie","7":"pa_auteurs-florence-dellerie","9":"first","10":"instock","11":"shipping-taxable","12":"purchasable","13":"product-type-simple"},"_links":{"self":[{"href":"https:\/\/baralivres.ma\/index.php?rest_route=\/wp\/v2\/product\/20385","targetHints":{"allow":["GET"]}}],"collection":[{"href":"https:\/\/baralivres.ma\/index.php?rest_route=\/wp\/v2\/product"}],"about":[{"href":"https:\/\/baralivres.ma\/index.php?rest_route=\/wp\/v2\/types\/product"}],"replies":[{"embeddable":true,"href":"https:\/\/baralivres.ma\/index.php?rest_route=%2Fwp%2Fv2%2Fcomments&post=20385"}],"version-history":[{"count":1,"href":"https:\/\/baralivres.ma\/index.php?rest_route=\/wp\/v2\/product\/20385\/revisions"}],"predecessor-version":[{"id":20393,"href":"https:\/\/baralivres.ma\/index.php?rest_route=\/wp\/v2\/product\/20385\/revisions\/20393"}],"wp:featuredmedia":[{"embeddable":true,"href":"https:\/\/baralivres.ma\/index.php?rest_route=\/wp\/v2\/media\/20392"}],"wp:attachment":[{"href":"https:\/\/baralivres.ma\/index.php?rest_route=%2Fwp%2Fv2%2Fmedia&parent=20385"}],"wp:term":[{"taxonomy":"product_cat","embeddable":true,"href":"https:\/\/baralivres.ma\/index.php?rest_route=%2Fwp%2Fv2%2Fproduct_cat&post=20385"},{"taxonomy":"product_tag","embeddable":true,"href":"https:\/\/baralivres.ma\/index.php?rest_route=%2Fwp%2Fv2%2Fproduct_tag&post=20385"}],"curies":[{"name":"wp","href":"https:\/\/api.w.org\/{rel}","templated":true}]}}