{"id":20376,"date":"2023-11-17T14:18:40","date_gmt":"2023-11-17T13:18:40","guid":{"rendered":"https:\/\/baralivres.ma\/?post_type=product&#038;p=20376"},"modified":"2024-10-29T15:20:32","modified_gmt":"2024-10-29T14:20:32","slug":"grands-carres-dart-therapie-magie","status":"publish","type":"product","link":"https:\/\/baralivres.ma\/?product=grands-carres-dart-therapie-magie","title":{"rendered":"Grands carr\u00e9s d&rsquo;Art-th\u00e9rapie Magie"},"content":{"rendered":"<p>Explorez les merveilles des constellations c\u00e9lestes, plongez dans l&rsquo;art des pantacles mystiques pour invoquer des \u00e9nergies \u00e9sot\u00e9riques, et cr\u00e9ez vos propres rituels pour r\u00e9veiller la magie qui sommeille en vous . \u00c0 travers les 45 illustrations de cet ouvrage, utilisez vos crayons pour donner vie \u00e0 cette magie en \u00e9voquant des symboles \u00e9sot\u00e9riques et des sc\u00e8nes enchanteresses. Profitez de ce processus de cr\u00e9ation pour vous d\u00e9tendre, vous immerger dans l&rsquo;art, et red\u00e9couvrir la joie profonde de l&rsquo;expression artistique.<\/p>\n","protected":false},"excerpt":{"rendered":"<div class=\"flex-1 overflow-hidden\">\n<div class=\"react-scroll-to-bottom--css-dizjh-79elbk h-full\">\n<div class=\"react-scroll-to-bottom--css-dizjh-1n7m0yu\">\n<div class=\"flex flex-col text-sm gizmo:pb-9 dark:bg-gray-800 gizmo:dark:bg-transparent\">\n<div class=\"w-full text-token-text-primary border-b border-black\/10 gizmo:border-0 dark:border-gray-900\/50 gizmo:dark:border-0 bg-gray-50 gizmo:bg-transparent dark:bg-[#444654] gizmo:dark:bg-transparent\" data-testid=\"conversation-turn-93\">\n<div class=\"p-4 gizmo:py-2 justify-center text-base md:gap-6 md:py-6 m-auto\">\n<div class=\"flex flex-1 gap-4 text-base mx-auto md:gap-6 gizmo:gap-3 gizmo:md:px-5 gizmo:lg:px-1 gizmo:xl:px-5 md:max-w-2xl lg:max-w-[38rem] gizmo:md:max-w-3xl gizmo:lg:max-w-[40rem] gizmo:xl:max-w-[48rem] xl:max-w-3xl } group final-completion\">\n<div class=\"relative flex w-[calc(100%-50px)] flex-col gizmo:w-full lg:w-[calc(100%-115px)] agent-turn\">\n<div class=\"flex-col gap-1 md:gap-3\">\n<div class=\"flex flex-grow flex-col max-w-full gap-3 gizmo:gap-0\">\n<div class=\"min-h-[20px] text-message flex flex-col items-start gap-3 whitespace-pre-wrap break-words [.text-message+&amp;]:mt-5 overflow-x-auto\" data-message-author-role=\"assistant\" data-message-id=\"50a32fb0-6656-4e8c-ba94-35372ef3ab6c\">\n<div class=\"markdown prose w-full break-words dark:prose-invert light\">\n<p>Exploration constellations, pantacles \u00e9sot\u00e9riques : 45 illustrations magiques, expression artistique, d\u00e9tente par cr\u00e9ation.<\/p>\n<\/div>\n<\/div>\n<\/div>\n<\/div>\n<\/div>\n<\/div>\n<\/div>\n<\/div>\n<\/div>\n<\/div>\n<\/div>\n<\/div>\n<div class=\"w-full pt-2 md:pt-0 border-t md:border-t-0 gizmo:border-t-0 dark:border-white\/20 md:border-transparent md:dark:border-transparent md:pl-2 gizmo:pl-0 gizmo:md:pl-0 md:w-[calc(100%-.5rem)]\">\n<div class=\"relative flex h-full flex-1 items-stretch md:flex-col\">\n<div class=\"flex w-full items-center\"><\/div>\n<\/div>\n<\/div>\n","protected":false},"featured_media":20383,"comment_status":"open","ping_status":"closed","template":"","meta":{"inline_featured_image":false},"product_cat":[3575],"product_tag":[],"class_list":{"0":"post-20376","1":"product","2":"type-product","3":"status-publish","4":"has-post-thumbnail","6":"product_cat-art-therapie","7":"pa_auteurs-florence-dellerie","9":"first","10":"instock","11":"shipping-taxable","12":"purchasable","13":"product-type-simple"},"_links":{"self":[{"href":"https:\/\/baralivres.ma\/index.php?rest_route=\/wp\/v2\/product\/20376","targetHints":{"allow":["GET"]}}],"collection":[{"href":"https:\/\/baralivres.ma\/index.php?rest_route=\/wp\/v2\/product"}],"about":[{"href":"https:\/\/baralivres.ma\/index.php?rest_route=\/wp\/v2\/types\/product"}],"replies":[{"embeddable":true,"href":"https:\/\/baralivres.ma\/index.php?rest_route=%2Fwp%2Fv2%2Fcomments&post=20376"}],"version-history":[{"count":1,"href":"https:\/\/baralivres.ma\/index.php?rest_route=\/wp\/v2\/product\/20376\/revisions"}],"predecessor-version":[{"id":20384,"href":"https:\/\/baralivres.ma\/index.php?rest_route=\/wp\/v2\/product\/20376\/revisions\/20384"}],"wp:featuredmedia":[{"embeddable":true,"href":"https:\/\/baralivres.ma\/index.php?rest_route=\/wp\/v2\/media\/20383"}],"wp:attachment":[{"href":"https:\/\/baralivres.ma\/index.php?rest_route=%2Fwp%2Fv2%2Fmedia&parent=20376"}],"wp:term":[{"taxonomy":"product_cat","embeddable":true,"href":"https:\/\/baralivres.ma\/index.php?rest_route=%2Fwp%2Fv2%2Fproduct_cat&post=20376"},{"taxonomy":"product_tag","embeddable":true,"href":"https:\/\/baralivres.ma\/index.php?rest_route=%2Fwp%2Fv2%2Fproduct_tag&post=20376"}],"curies":[{"name":"wp","href":"https:\/\/api.w.org\/{rel}","templated":true}]}}