{"id":20375,"date":"2023-11-17T14:19:07","date_gmt":"2023-11-17T13:19:07","guid":{"rendered":"https:\/\/baralivres.ma\/?post_type=product&#038;p=20375"},"modified":"2024-11-18T15:25:19","modified_gmt":"2024-11-18T14:25:19","slug":"murder-party-tchao-bambino","status":"publish","type":"product","link":"https:\/\/baralivres.ma\/?product=murder-party-tchao-bambino","title":{"rendered":"Murder party Tchao Bambino"},"content":{"rendered":"<p>Un plan minutieux, un gang anonyme, un fourgon, mais la d\u00e9couverte d&rsquo;une trahison bouleverse tout. Dans Tchao Bambino, jeu d&rsquo;ambiance fa\u00e7on murder party, vous, en tant que membre du gang, r\u00e9fugi\u00e9 dans une planque, devez faire face \u00e0 l&rsquo;inattendu. Choisissez judicieusement vos actions pour d\u00e9masquer le tra\u00eetre parmi vous.<\/p>\n<p>Le coffret propose 100 cartes personnages, situations, actions, un livret de r\u00e8gles et 3 d\u00e9s, ainsi que des pions sant\u00e9. Con\u00e7u pour 4 \u00e0 10 joueurs, dont 1 ma\u00eetre du jeu, Tchao Bambino offre une exp\u00e9rience immersive de d\u00e9duction et de suspense.<\/p>\n","protected":false},"excerpt":{"rendered":"<p>Jeu d&rsquo;ambiance Tchao Bambino : gang, trahison, planque, d\u00e9duction. Coffret avec cartes, d\u00e9s, pions, r\u00e8gles.<\/p>\n","protected":false},"featured_media":20377,"comment_status":"open","ping_status":"closed","template":"","meta":{"inline_featured_image":false},"product_cat":[3875,201,200],"product_tag":[],"class_list":{"0":"post-20375","1":"product","2":"type-product","3":"status-publish","4":"has-post-thumbnail","6":"product_cat-coffret-francais","7":"product_cat-coffret","8":"product_cat-activites","9":"pa_auteurs-olivier-oltramare","11":"first","12":"instock","13":"shipping-taxable","14":"purchasable","15":"product-type-simple"},"_links":{"self":[{"href":"https:\/\/baralivres.ma\/index.php?rest_route=\/wp\/v2\/product\/20375","targetHints":{"allow":["GET"]}}],"collection":[{"href":"https:\/\/baralivres.ma\/index.php?rest_route=\/wp\/v2\/product"}],"about":[{"href":"https:\/\/baralivres.ma\/index.php?rest_route=\/wp\/v2\/types\/product"}],"replies":[{"embeddable":true,"href":"https:\/\/baralivres.ma\/index.php?rest_route=%2Fwp%2Fv2%2Fcomments&post=20375"}],"version-history":[{"count":1,"href":"https:\/\/baralivres.ma\/index.php?rest_route=\/wp\/v2\/product\/20375\/revisions"}],"predecessor-version":[{"id":20386,"href":"https:\/\/baralivres.ma\/index.php?rest_route=\/wp\/v2\/product\/20375\/revisions\/20386"}],"wp:featuredmedia":[{"embeddable":true,"href":"https:\/\/baralivres.ma\/index.php?rest_route=\/wp\/v2\/media\/20377"}],"wp:attachment":[{"href":"https:\/\/baralivres.ma\/index.php?rest_route=%2Fwp%2Fv2%2Fmedia&parent=20375"}],"wp:term":[{"taxonomy":"product_cat","embeddable":true,"href":"https:\/\/baralivres.ma\/index.php?rest_route=%2Fwp%2Fv2%2Fproduct_cat&post=20375"},{"taxonomy":"product_tag","embeddable":true,"href":"https:\/\/baralivres.ma\/index.php?rest_route=%2Fwp%2Fv2%2Fproduct_tag&post=20375"}],"curies":[{"name":"wp","href":"https:\/\/api.w.org\/{rel}","templated":true}]}}