{"id":20361,"date":"2023-11-17T14:12:15","date_gmt":"2023-11-17T13:12:15","guid":{"rendered":"https:\/\/baralivres.ma\/?post_type=product&#038;p=20361"},"modified":"2024-11-18T15:26:54","modified_gmt":"2024-11-18T14:26:54","slug":"disney-incroyables-histoires-de-lespace","status":"publish","type":"product","link":"https:\/\/baralivres.ma\/?product=disney-incroyables-histoires-de-lespace","title":{"rendered":"DISNEY &#8211; Incroyables histoires de l&rsquo;espace"},"content":{"rendered":"<p>Un livre Disney con\u00e7u pour les jeunes passionn\u00e9s d&rsquo;astronomie et de fus\u00e9es ! Avec 4 r\u00e9cits hilarants et accessibles sur l&rsquo;espace, ce recueil pr\u00e9sente 80 pages dynamiques et richement illustr\u00e9es. Vous y trouverez les aventures de WALL-E, une histoire in\u00e9dite, ainsi que des missions spatiales palpitantes dans l&rsquo;univers de Toy Story et Mickey.<\/p>\n","protected":false},"excerpt":{"rendered":"<p>Recueil Disney: 4 histoires spatiales, amusantes, illustr\u00e9es, pour enfants fascin\u00e9s par plan\u00e8tes et fus\u00e9es.<\/p>\n","protected":false},"featured_media":20368,"comment_status":"open","ping_status":"closed","template":"","meta":{"inline_featured_image":false},"product_cat":[3877,199],"product_tag":[],"class_list":{"0":"post-20361","1":"product","2":"type-product","3":"status-publish","4":"has-post-thumbnail","6":"product_cat-les-histoires-francais","7":"product_cat-histoires","8":"pa_auteurs-walt-disney","10":"first","11":"instock","12":"shipping-taxable","13":"purchasable","14":"product-type-simple"},"_links":{"self":[{"href":"https:\/\/baralivres.ma\/index.php?rest_route=\/wp\/v2\/product\/20361","targetHints":{"allow":["GET"]}}],"collection":[{"href":"https:\/\/baralivres.ma\/index.php?rest_route=\/wp\/v2\/product"}],"about":[{"href":"https:\/\/baralivres.ma\/index.php?rest_route=\/wp\/v2\/types\/product"}],"replies":[{"embeddable":true,"href":"https:\/\/baralivres.ma\/index.php?rest_route=%2Fwp%2Fv2%2Fcomments&post=20361"}],"version-history":[{"count":1,"href":"https:\/\/baralivres.ma\/index.php?rest_route=\/wp\/v2\/product\/20361\/revisions"}],"predecessor-version":[{"id":20369,"href":"https:\/\/baralivres.ma\/index.php?rest_route=\/wp\/v2\/product\/20361\/revisions\/20369"}],"wp:featuredmedia":[{"embeddable":true,"href":"https:\/\/baralivres.ma\/index.php?rest_route=\/wp\/v2\/media\/20368"}],"wp:attachment":[{"href":"https:\/\/baralivres.ma\/index.php?rest_route=%2Fwp%2Fv2%2Fmedia&parent=20361"}],"wp:term":[{"taxonomy":"product_cat","embeddable":true,"href":"https:\/\/baralivres.ma\/index.php?rest_route=%2Fwp%2Fv2%2Fproduct_cat&post=20361"},{"taxonomy":"product_tag","embeddable":true,"href":"https:\/\/baralivres.ma\/index.php?rest_route=%2Fwp%2Fv2%2Fproduct_tag&post=20361"}],"curies":[{"name":"wp","href":"https:\/\/api.w.org\/{rel}","templated":true}]}}