{"id":20355,"date":"2023-11-17T14:09:55","date_gmt":"2023-11-17T13:09:55","guid":{"rendered":"https:\/\/baralivres.ma\/?post_type=product&#038;p=20355"},"modified":"2024-11-18T15:27:16","modified_gmt":"2024-11-18T14:27:16","slug":"l-o-l-surprise-pochette-anniversaire","status":"publish","type":"product","link":"https:\/\/baralivres.ma\/?product=l-o-l-surprise-pochette-anniversaire","title":{"rendered":"L.O.L. Surprise! &#8211; Pochette anniversaire"},"content":{"rendered":"<p>Une pochette sp\u00e9ciale anniversaire comprenant des cartes d&rsquo;invitation, des enveloppes, des cartes-\u00e9nigmes et une planche de stickers. Elle offre tout le n\u00e9cessaire pour \u00e9laborer un parcours de d\u00e9fis festifs et cr\u00e9er un spectacle exceptionnel \u00e0 l&rsquo;image de l&rsquo;univers ludique des L.O.L. Dolls. Une solution compl\u00e8te pour organiser une c\u00e9l\u00e9bration m\u00e9morable et divertissante.<\/p>\n","protected":false},"excerpt":{"rendered":"<p>Trousse anniversaire compl\u00e8te : invitations, enveloppes, cartes-\u00e9nigmes, stickers pour cr\u00e9er parcours et spectacle L.O.L. captivant.<\/p>\n","protected":false},"featured_media":20362,"comment_status":"open","ping_status":"closed","template":"","meta":{"inline_featured_image":false},"product_cat":[3875,201,200],"product_tag":[],"class_list":{"0":"post-20355","1":"product","2":"type-product","3":"status-publish","4":"has-post-thumbnail","6":"product_cat-coffret-francais","7":"product_cat-coffret","8":"product_cat-activites","9":"pa_auteurs-collectif","11":"first","12":"instock","13":"shipping-taxable","14":"purchasable","15":"product-type-simple"},"_links":{"self":[{"href":"https:\/\/baralivres.ma\/index.php?rest_route=\/wp\/v2\/product\/20355","targetHints":{"allow":["GET"]}}],"collection":[{"href":"https:\/\/baralivres.ma\/index.php?rest_route=\/wp\/v2\/product"}],"about":[{"href":"https:\/\/baralivres.ma\/index.php?rest_route=\/wp\/v2\/types\/product"}],"replies":[{"embeddable":true,"href":"https:\/\/baralivres.ma\/index.php?rest_route=%2Fwp%2Fv2%2Fcomments&post=20355"}],"version-history":[{"count":1,"href":"https:\/\/baralivres.ma\/index.php?rest_route=\/wp\/v2\/product\/20355\/revisions"}],"predecessor-version":[{"id":20366,"href":"https:\/\/baralivres.ma\/index.php?rest_route=\/wp\/v2\/product\/20355\/revisions\/20366"}],"wp:featuredmedia":[{"embeddable":true,"href":"https:\/\/baralivres.ma\/index.php?rest_route=\/wp\/v2\/media\/20362"}],"wp:attachment":[{"href":"https:\/\/baralivres.ma\/index.php?rest_route=%2Fwp%2Fv2%2Fmedia&parent=20355"}],"wp:term":[{"taxonomy":"product_cat","embeddable":true,"href":"https:\/\/baralivres.ma\/index.php?rest_route=%2Fwp%2Fv2%2Fproduct_cat&post=20355"},{"taxonomy":"product_tag","embeddable":true,"href":"https:\/\/baralivres.ma\/index.php?rest_route=%2Fwp%2Fv2%2Fproduct_tag&post=20355"}],"curies":[{"name":"wp","href":"https:\/\/api.w.org\/{rel}","templated":true}]}}