{"id":20349,"date":"2023-11-17T14:03:38","date_gmt":"2023-11-17T13:03:38","guid":{"rendered":"https:\/\/baralivres.ma\/?post_type=product&#038;p=20349"},"modified":"2024-11-18T15:28:28","modified_gmt":"2024-11-18T14:28:28","slug":"les-aventuriers-du-rail-le-livre-denigmes","status":"publish","type":"product","link":"https:\/\/baralivres.ma\/?product=les-aventuriers-du-rail-le-livre-denigmes","title":{"rendered":"Les Aventuriers du Rail &#8211; Le livre d&rsquo;\u00e9nigmes"},"content":{"rendered":"<p>Imaginez-vous en 1900, pr\u00eat \u00e0 entamer un tour du monde en train. Chaque ville, chaque continent devient une \u00e9tape pour un jeune touriste. Vous explorez les paysages et les ambiances de cette \u00e9poque. Pendant ce p\u00e9riple, des rencontres vari\u00e9es vous lancent le d\u00e9fi de r\u00e9soudre 100 casse-t\u00eate, \u00e9nigmes linguistiques, et autres d\u00e9fis logiques. Inspir\u00e9 du jeu de soci\u00e9t\u00e9 renomm\u00e9, Les Aventuriers du Rail : le livre d&rsquo;\u00e9nigmes propose une exp\u00e9rience unique de voyage avec ses 100 \u00e9nigmes sp\u00e9cialement con\u00e7ues pour les globe-trotters. Embarquez pour cette aventure c\u00e9r\u00e9brale et explorez le monde d&rsquo;une mani\u00e8re nouvelle et captivante.<\/p>\n","protected":false},"excerpt":{"rendered":"<p>Voyagez en 1900, r\u00e9solvez 100 \u00e9nigmes inspir\u00e9es du jeu Les Aventuriers du Rail, un p\u00e9riple captivant.<\/p>\n","protected":false},"featured_media":20353,"comment_status":"open","ping_status":"closed","template":"","meta":{"inline_featured_image":false},"product_cat":[204,206],"product_tag":[],"class_list":{"0":"post-20349","1":"product","2":"type-product","3":"status-publish","4":"has-post-thumbnail","6":"product_cat-francais","7":"product_cat-enfant-adolescente-francais-enfant-adolescente","8":"pa_auteurs-alan-r-moon","10":"first","11":"instock","12":"shipping-taxable","13":"purchasable","14":"product-type-simple"},"_links":{"self":[{"href":"https:\/\/baralivres.ma\/index.php?rest_route=\/wp\/v2\/product\/20349","targetHints":{"allow":["GET"]}}],"collection":[{"href":"https:\/\/baralivres.ma\/index.php?rest_route=\/wp\/v2\/product"}],"about":[{"href":"https:\/\/baralivres.ma\/index.php?rest_route=\/wp\/v2\/types\/product"}],"replies":[{"embeddable":true,"href":"https:\/\/baralivres.ma\/index.php?rest_route=%2Fwp%2Fv2%2Fcomments&post=20349"}],"version-history":[{"count":1,"href":"https:\/\/baralivres.ma\/index.php?rest_route=\/wp\/v2\/product\/20349\/revisions"}],"predecessor-version":[{"id":20354,"href":"https:\/\/baralivres.ma\/index.php?rest_route=\/wp\/v2\/product\/20349\/revisions\/20354"}],"wp:featuredmedia":[{"embeddable":true,"href":"https:\/\/baralivres.ma\/index.php?rest_route=\/wp\/v2\/media\/20353"}],"wp:attachment":[{"href":"https:\/\/baralivres.ma\/index.php?rest_route=%2Fwp%2Fv2%2Fmedia&parent=20349"}],"wp:term":[{"taxonomy":"product_cat","embeddable":true,"href":"https:\/\/baralivres.ma\/index.php?rest_route=%2Fwp%2Fv2%2Fproduct_cat&post=20349"},{"taxonomy":"product_tag","embeddable":true,"href":"https:\/\/baralivres.ma\/index.php?rest_route=%2Fwp%2Fv2%2Fproduct_tag&post=20349"}],"curies":[{"name":"wp","href":"https:\/\/api.w.org\/{rel}","templated":true}]}}