{"id":20348,"date":"2023-11-17T14:02:40","date_gmt":"2023-11-17T13:02:40","guid":{"rendered":"https:\/\/baralivres.ma\/?post_type=product&#038;p=20348"},"modified":"2025-04-24T16:30:36","modified_gmt":"2025-04-24T15:30:36","slug":"disney-princesses-7-histoires-pour-la-semaine-princesses-et-fees","status":"publish","type":"product","link":"https:\/\/baralivres.ma\/?product=disney-princesses-7-histoires-pour-la-semaine-princesses-et-fees","title":{"rendered":"7 Histoires pour la semaine &#8211; Princesses et f\u00e9es"},"content":{"rendered":"<p>Chaque soir de la semaine, plongez dans un recueil d&rsquo;histoires f\u00e9\u00e9riques avec des princesses et des f\u00e9es. Ce livre richement illustr\u00e9 pr\u00e9sente 7 histoires inspir\u00e9es des films : Raiponce, Mulan, Pocahontas, Rebelle, La F\u00e9e Clochette, Clochette et la Pierre de Lune, Clochette et l\u2019Exp\u00e9dition f\u00e9\u00e9rique. Les r\u00e9cits sont adapt\u00e9s pour une lecture facile et agr\u00e9able, accompagn\u00e9s d&rsquo;illustrations captivantes. Destin\u00e9 aux enfants \u00e0 partir de 4 ans, ce recueil propose une mise en page claire et dynamique pour un moment de lecture magique.<\/p>\n","protected":false},"excerpt":{"rendered":"<p>Recueil f\u00e9\u00e9rique : 7 contes illustr\u00e9s films Disney, adapt\u00e9s, clairs, pour enfants d\u00e8s 4 ans.<\/p>\n","protected":false},"featured_media":20350,"comment_status":"open","ping_status":"closed","template":"","meta":{"inline_featured_image":false},"product_cat":[3877,199],"product_tag":[],"class_list":{"0":"post-20348","1":"product","2":"type-product","3":"status-publish","4":"has-post-thumbnail","6":"product_cat-les-histoires-francais","7":"product_cat-histoires","8":"pa_auteurs-collectif","10":"first","11":"instock","12":"shipping-taxable","13":"purchasable","14":"product-type-simple"},"_links":{"self":[{"href":"https:\/\/baralivres.ma\/index.php?rest_route=\/wp\/v2\/product\/20348","targetHints":{"allow":["GET"]}}],"collection":[{"href":"https:\/\/baralivres.ma\/index.php?rest_route=\/wp\/v2\/product"}],"about":[{"href":"https:\/\/baralivres.ma\/index.php?rest_route=\/wp\/v2\/types\/product"}],"replies":[{"embeddable":true,"href":"https:\/\/baralivres.ma\/index.php?rest_route=%2Fwp%2Fv2%2Fcomments&post=20348"}],"version-history":[{"count":2,"href":"https:\/\/baralivres.ma\/index.php?rest_route=\/wp\/v2\/product\/20348\/revisions"}],"predecessor-version":[{"id":23630,"href":"https:\/\/baralivres.ma\/index.php?rest_route=\/wp\/v2\/product\/20348\/revisions\/23630"}],"wp:featuredmedia":[{"embeddable":true,"href":"https:\/\/baralivres.ma\/index.php?rest_route=\/wp\/v2\/media\/20350"}],"wp:attachment":[{"href":"https:\/\/baralivres.ma\/index.php?rest_route=%2Fwp%2Fv2%2Fmedia&parent=20348"}],"wp:term":[{"taxonomy":"product_cat","embeddable":true,"href":"https:\/\/baralivres.ma\/index.php?rest_route=%2Fwp%2Fv2%2Fproduct_cat&post=20348"},{"taxonomy":"product_tag","embeddable":true,"href":"https:\/\/baralivres.ma\/index.php?rest_route=%2Fwp%2Fv2%2Fproduct_tag&post=20348"}],"curies":[{"name":"wp","href":"https:\/\/api.w.org\/{rel}","templated":true}]}}