{"id":20345,"date":"2023-11-17T14:04:29","date_gmt":"2023-11-17T13:04:29","guid":{"rendered":"https:\/\/baralivres.ma\/?post_type=product&#038;p=20345"},"modified":"2024-10-29T15:21:17","modified_gmt":"2024-10-29T14:21:17","slug":"grand-carre-art-therapie-licornes","status":"publish","type":"product","link":"https:\/\/baralivres.ma\/?product=grand-carre-art-therapie-licornes","title":{"rendered":"Grand carr\u00e9 Art-th\u00e9rapie Licornes"},"content":{"rendered":"<p>Explorez les pouvoirs merveilleux des licornes \u00e0 travers 45 illustrations \u00e0 colorier. Utilisez vos crayons pour donner vie \u00e0 ces cr\u00e9atures fantastiques et \u00e0 des sc\u00e8nes lyriques. D\u00e9tendez-vous et red\u00e9couvrez le plaisir de la cr\u00e9ation ! Ces coloriages in\u00e9dits sur le th\u00e8me des licornes sont parfaits pour petits et grands. Ils am\u00e9liorent la concentration visuelle et offrent des moments de m\u00e9ditation active pour apaiser l&rsquo;esprit.<\/p>\n","protected":false},"excerpt":{"rendered":"<p>Coloriages licornes : 45 illustrations fantastiques, m\u00e9ditation, concentration, plaisir cr\u00e9atif avec crayons.<\/p>\n","protected":false},"featured_media":20356,"comment_status":"open","ping_status":"closed","template":"","meta":{"inline_featured_image":false},"product_cat":[3575],"product_tag":[],"class_list":{"0":"post-20345","1":"product","2":"type-product","3":"status-publish","4":"has-post-thumbnail","6":"product_cat-art-therapie","7":"pa_auteurs-lidia-kostanek","9":"first","10":"instock","11":"shipping-taxable","12":"purchasable","13":"product-type-simple"},"_links":{"self":[{"href":"https:\/\/baralivres.ma\/index.php?rest_route=\/wp\/v2\/product\/20345","targetHints":{"allow":["GET"]}}],"collection":[{"href":"https:\/\/baralivres.ma\/index.php?rest_route=\/wp\/v2\/product"}],"about":[{"href":"https:\/\/baralivres.ma\/index.php?rest_route=\/wp\/v2\/types\/product"}],"replies":[{"embeddable":true,"href":"https:\/\/baralivres.ma\/index.php?rest_route=%2Fwp%2Fv2%2Fcomments&post=20345"}],"version-history":[{"count":1,"href":"https:\/\/baralivres.ma\/index.php?rest_route=\/wp\/v2\/product\/20345\/revisions"}],"predecessor-version":[{"id":20357,"href":"https:\/\/baralivres.ma\/index.php?rest_route=\/wp\/v2\/product\/20345\/revisions\/20357"}],"wp:featuredmedia":[{"embeddable":true,"href":"https:\/\/baralivres.ma\/index.php?rest_route=\/wp\/v2\/media\/20356"}],"wp:attachment":[{"href":"https:\/\/baralivres.ma\/index.php?rest_route=%2Fwp%2Fv2%2Fmedia&parent=20345"}],"wp:term":[{"taxonomy":"product_cat","embeddable":true,"href":"https:\/\/baralivres.ma\/index.php?rest_route=%2Fwp%2Fv2%2Fproduct_cat&post=20345"},{"taxonomy":"product_tag","embeddable":true,"href":"https:\/\/baralivres.ma\/index.php?rest_route=%2Fwp%2Fv2%2Fproduct_tag&post=20345"}],"curies":[{"name":"wp","href":"https:\/\/api.w.org\/{rel}","templated":true}]}}