{"id":20344,"date":"2023-11-17T13:56:57","date_gmt":"2023-11-17T12:56:57","guid":{"rendered":"https:\/\/baralivres.ma\/?post_type=product&#038;p=20344"},"modified":"2024-11-18T15:29:44","modified_gmt":"2024-11-18T14:29:44","slug":"44-chats-une-journee-a-la-ferme","status":"publish","type":"product","link":"https:\/\/baralivres.ma\/?product=44-chats-une-journee-a-la-ferme","title":{"rendered":"44 Chats- Une journ\u00e9e \u00e0 la ferme"},"content":{"rendered":"<p>Mamie Lina et les Mystichats se dirigent vers la ferme pour trouver les ingr\u00e9dients manquants pour une tarte. L\u00e0-bas, ils font la connaissance de Dugrain, le chat fermier.<\/p>\n","protected":false},"excerpt":{"rendered":"<p>Mamie Lina et les Mystichats vont \u00e0 la ferme chercher des ingr\u00e9dients pour une tarte.<\/p>\n","protected":false},"featured_media":20346,"comment_status":"open","ping_status":"closed","template":"","meta":{"inline_featured_image":false},"product_cat":[3877,199],"product_tag":[],"class_list":{"0":"post-20344","1":"product","2":"type-product","3":"status-publish","4":"has-post-thumbnail","6":"product_cat-les-histoires-francais","7":"product_cat-histoires","8":"pa_auteurs-collectif","10":"first","11":"instock","12":"shipping-taxable","13":"purchasable","14":"product-type-simple"},"_links":{"self":[{"href":"https:\/\/baralivres.ma\/index.php?rest_route=\/wp\/v2\/product\/20344","targetHints":{"allow":["GET"]}}],"collection":[{"href":"https:\/\/baralivres.ma\/index.php?rest_route=\/wp\/v2\/product"}],"about":[{"href":"https:\/\/baralivres.ma\/index.php?rest_route=\/wp\/v2\/types\/product"}],"replies":[{"embeddable":true,"href":"https:\/\/baralivres.ma\/index.php?rest_route=%2Fwp%2Fv2%2Fcomments&post=20344"}],"version-history":[{"count":1,"href":"https:\/\/baralivres.ma\/index.php?rest_route=\/wp\/v2\/product\/20344\/revisions"}],"predecessor-version":[{"id":20347,"href":"https:\/\/baralivres.ma\/index.php?rest_route=\/wp\/v2\/product\/20344\/revisions\/20347"}],"wp:featuredmedia":[{"embeddable":true,"href":"https:\/\/baralivres.ma\/index.php?rest_route=\/wp\/v2\/media\/20346"}],"wp:attachment":[{"href":"https:\/\/baralivres.ma\/index.php?rest_route=%2Fwp%2Fv2%2Fmedia&parent=20344"}],"wp:term":[{"taxonomy":"product_cat","embeddable":true,"href":"https:\/\/baralivres.ma\/index.php?rest_route=%2Fwp%2Fv2%2Fproduct_cat&post=20344"},{"taxonomy":"product_tag","embeddable":true,"href":"https:\/\/baralivres.ma\/index.php?rest_route=%2Fwp%2Fv2%2Fproduct_tag&post=20344"}],"curies":[{"name":"wp","href":"https:\/\/api.w.org\/{rel}","templated":true}]}}