{"id":20331,"date":"2023-11-17T13:22:21","date_gmt":"2023-11-17T12:22:21","guid":{"rendered":"https:\/\/baralivres.ma\/?post_type=product&#038;p=20331"},"modified":"2024-11-06T18:15:16","modified_gmt":"2024-11-06T17:15:16","slug":"peinture-au-numero-dauphins-cahier-avec-palette-et-pinceau","status":"publish","type":"product","link":"https:\/\/baralivres.ma\/?product=peinture-au-numero-dauphins-cahier-avec-palette-et-pinceau","title":{"rendered":"Peinture au num\u00e9ro &#8211; dauphins &#8211; cahier avec palette et pinceau"},"content":{"rendered":"<p>Un enfant utilise un cahier avec deux dessins de dauphins, un pinceau, et deux palettes contenant chacune douze couleurs de peinture aquarelle. En trempant son pinceau dans l&rsquo;eau, il le plonge ensuite dans une des couleurs des palettes pour la transformer en peinture. En suivant les num\u00e9ros indiqu\u00e9s sur les zones des dessins, il applique les couleurs correspondantes pour compl\u00e9ter les tableaux.<\/p>\n","protected":false},"excerpt":{"rendered":"<p>Enfant utilise pinceau, eau et palettes pour peindre num\u00e9ros correspondants sur dessins de dauphins.<\/p>\n","protected":false},"featured_media":20333,"comment_status":"open","ping_status":"closed","template":"","meta":{"inline_featured_image":false},"product_cat":[210,200],"product_tag":[],"class_list":{"0":"post-20331","1":"product","2":"type-product","3":"status-publish","4":"has-post-thumbnail","6":"product_cat-activites-bebe-enfant","7":"product_cat-activites","8":"pa_auteurs-jeremy-mariez","10":"first","11":"instock","12":"shipping-taxable","13":"purchasable","14":"product-type-simple"},"_links":{"self":[{"href":"https:\/\/baralivres.ma\/index.php?rest_route=\/wp\/v2\/product\/20331","targetHints":{"allow":["GET"]}}],"collection":[{"href":"https:\/\/baralivres.ma\/index.php?rest_route=\/wp\/v2\/product"}],"about":[{"href":"https:\/\/baralivres.ma\/index.php?rest_route=\/wp\/v2\/types\/product"}],"replies":[{"embeddable":true,"href":"https:\/\/baralivres.ma\/index.php?rest_route=%2Fwp%2Fv2%2Fcomments&post=20331"}],"version-history":[{"count":1,"href":"https:\/\/baralivres.ma\/index.php?rest_route=\/wp\/v2\/product\/20331\/revisions"}],"predecessor-version":[{"id":20334,"href":"https:\/\/baralivres.ma\/index.php?rest_route=\/wp\/v2\/product\/20331\/revisions\/20334"}],"wp:featuredmedia":[{"embeddable":true,"href":"https:\/\/baralivres.ma\/index.php?rest_route=\/wp\/v2\/media\/20333"}],"wp:attachment":[{"href":"https:\/\/baralivres.ma\/index.php?rest_route=%2Fwp%2Fv2%2Fmedia&parent=20331"}],"wp:term":[{"taxonomy":"product_cat","embeddable":true,"href":"https:\/\/baralivres.ma\/index.php?rest_route=%2Fwp%2Fv2%2Fproduct_cat&post=20331"},{"taxonomy":"product_tag","embeddable":true,"href":"https:\/\/baralivres.ma\/index.php?rest_route=%2Fwp%2Fv2%2Fproduct_tag&post=20331"}],"curies":[{"name":"wp","href":"https:\/\/api.w.org\/{rel}","templated":true}]}}