{"id":20329,"date":"2023-11-17T13:23:52","date_gmt":"2023-11-17T12:23:52","guid":{"rendered":"https:\/\/baralivres.ma\/?post_type=product&#038;p=20329"},"modified":"2024-10-29T15:21:28","modified_gmt":"2024-10-29T14:21:28","slug":"tetes-de-mort-ned","status":"publish","type":"product","link":"https:\/\/baralivres.ma\/?product=tetes-de-mort-ned","title":{"rendered":"T\u00eates de mort NED"},"content":{"rendered":"<p>Red\u00e9couvrez la cr\u00e9ativit\u00e9 avec ce livre de coloriages exclusifs d&rsquo;Art Th\u00e9rapie, con\u00e7u par un artiste. Explorez 100 motifs d\u00e9taill\u00e9s, comprenant tattoos, vanit\u00e9s, illusions d&rsquo;optique, motifs gothiques, et sc\u00e8nes imaginaires. Personnalisez votre exp\u00e9rience avec un mini-kit de papeterie comprenant papier \u00e0 lettres, \u00e9tiquettes et marque-pages. Hissez le pavillon noir et apportez de la couleur \u00e0 votre vie.<\/p>\n","protected":false},"excerpt":{"rendered":"<p>Livre coloriages Art Th\u00e9rapie : 100 motifs vari\u00e9s, mini-kit papeterie inclus. Explorez, personnalisez, \u00e9gayez votre vie.<\/p>\n","protected":false},"featured_media":20336,"comment_status":"open","ping_status":"closed","template":"","meta":{"inline_featured_image":false},"product_cat":[3575],"product_tag":[],"class_list":{"0":"post-20329","1":"product","2":"type-product","3":"status-publish","4":"has-post-thumbnail","6":"product_cat-art-therapie","7":"pa_auteurs-christophe-alexis-perez","9":"first","10":"instock","11":"shipping-taxable","12":"purchasable","13":"product-type-simple"},"_links":{"self":[{"href":"https:\/\/baralivres.ma\/index.php?rest_route=\/wp\/v2\/product\/20329","targetHints":{"allow":["GET"]}}],"collection":[{"href":"https:\/\/baralivres.ma\/index.php?rest_route=\/wp\/v2\/product"}],"about":[{"href":"https:\/\/baralivres.ma\/index.php?rest_route=\/wp\/v2\/types\/product"}],"replies":[{"embeddable":true,"href":"https:\/\/baralivres.ma\/index.php?rest_route=%2Fwp%2Fv2%2Fcomments&post=20329"}],"version-history":[{"count":1,"href":"https:\/\/baralivres.ma\/index.php?rest_route=\/wp\/v2\/product\/20329\/revisions"}],"predecessor-version":[{"id":20338,"href":"https:\/\/baralivres.ma\/index.php?rest_route=\/wp\/v2\/product\/20329\/revisions\/20338"}],"wp:featuredmedia":[{"embeddable":true,"href":"https:\/\/baralivres.ma\/index.php?rest_route=\/wp\/v2\/media\/20336"}],"wp:attachment":[{"href":"https:\/\/baralivres.ma\/index.php?rest_route=%2Fwp%2Fv2%2Fmedia&parent=20329"}],"wp:term":[{"taxonomy":"product_cat","embeddable":true,"href":"https:\/\/baralivres.ma\/index.php?rest_route=%2Fwp%2Fv2%2Fproduct_cat&post=20329"},{"taxonomy":"product_tag","embeddable":true,"href":"https:\/\/baralivres.ma\/index.php?rest_route=%2Fwp%2Fv2%2Fproduct_tag&post=20329"}],"curies":[{"name":"wp","href":"https:\/\/api.w.org\/{rel}","templated":true}]}}