{"id":20318,"date":"2023-11-17T13:18:20","date_gmt":"2023-11-17T12:18:20","guid":{"rendered":"https:\/\/baralivres.ma\/?post_type=product&#038;p=20318"},"modified":"2024-10-29T15:21:50","modified_gmt":"2024-10-29T14:21:50","slug":"fleurs-suzani","status":"publish","type":"product","link":"https:\/\/baralivres.ma\/?product=fleurs-suzani","title":{"rendered":"Fleurs Suzani"},"content":{"rendered":"<p>Explorez les magnifiques motifs v\u00e9g\u00e9taux des suzanis, tissus brod\u00e9s traditionnels d&rsquo;Ouzb\u00e9kistan et de contr\u00e9es sur la route de la soie, \u00e0 travers 46 illustrations \u00e0 colorier. Exprimez votre inspiration en toute libert\u00e9 gr\u00e2ce \u00e0 ces motifs. Utilisez des crayons ou feutres de couleur pour vous d\u00e9tendre et red\u00e9couvrir le bonheur de la cr\u00e9ation.<\/p>\n","protected":false},"excerpt":{"rendered":"<p>Coloriages motifs v\u00e9g\u00e9taux des suzanis, d\u00e9tente et inspiration, 46 illustrations \u00e0 cr\u00e9er, crayons\/feutres.<\/p>\n","protected":false},"featured_media":20320,"comment_status":"open","ping_status":"closed","template":"","meta":{"inline_featured_image":false},"product_cat":[3575],"product_tag":[],"class_list":{"0":"post-20318","1":"product","2":"type-product","3":"status-publish","4":"has-post-thumbnail","6":"product_cat-art-therapie","7":"pa_auteurs-johanna-thome-de-souza","9":"first","10":"instock","11":"shipping-taxable","12":"purchasable","13":"product-type-simple"},"_links":{"self":[{"href":"https:\/\/baralivres.ma\/index.php?rest_route=\/wp\/v2\/product\/20318","targetHints":{"allow":["GET"]}}],"collection":[{"href":"https:\/\/baralivres.ma\/index.php?rest_route=\/wp\/v2\/product"}],"about":[{"href":"https:\/\/baralivres.ma\/index.php?rest_route=\/wp\/v2\/types\/product"}],"replies":[{"embeddable":true,"href":"https:\/\/baralivres.ma\/index.php?rest_route=%2Fwp%2Fv2%2Fcomments&post=20318"}],"version-history":[{"count":1,"href":"https:\/\/baralivres.ma\/index.php?rest_route=\/wp\/v2\/product\/20318\/revisions"}],"predecessor-version":[{"id":20323,"href":"https:\/\/baralivres.ma\/index.php?rest_route=\/wp\/v2\/product\/20318\/revisions\/20323"}],"wp:featuredmedia":[{"embeddable":true,"href":"https:\/\/baralivres.ma\/index.php?rest_route=\/wp\/v2\/media\/20320"}],"wp:attachment":[{"href":"https:\/\/baralivres.ma\/index.php?rest_route=%2Fwp%2Fv2%2Fmedia&parent=20318"}],"wp:term":[{"taxonomy":"product_cat","embeddable":true,"href":"https:\/\/baralivres.ma\/index.php?rest_route=%2Fwp%2Fv2%2Fproduct_cat&post=20318"},{"taxonomy":"product_tag","embeddable":true,"href":"https:\/\/baralivres.ma\/index.php?rest_route=%2Fwp%2Fv2%2Fproduct_tag&post=20318"}],"curies":[{"name":"wp","href":"https:\/\/api.w.org\/{rel}","templated":true}]}}