{"id":20306,"date":"2023-11-17T13:14:12","date_gmt":"2023-11-17T12:14:12","guid":{"rendered":"https:\/\/baralivres.ma\/?post_type=product&#038;p=20306"},"modified":"2024-11-06T18:17:16","modified_gmt":"2024-11-06T17:17:16","slug":"monsieur-madame-365-coloriages","status":"publish","type":"product","link":"https:\/\/baralivres.ma\/?product=monsieur-madame-365-coloriages","title":{"rendered":"Monsieur Madame &#8211; 365 coloriages"},"content":{"rendered":"<p>Un livre imposant, facile \u00e0 transporter, contenant 365 coloriages des personnages Monsieur Madame, garantissant une occupation quotidienne pour \u00e9viter l&rsquo;ennui tout au long de l&rsquo;ann\u00e9e !<\/p>\n","protected":false},"excerpt":{"rendered":"<p>Livre pratique : 365 coloriages Monsieur Madame pour occuper chaque jour.<\/p>\n","protected":false},"featured_media":20312,"comment_status":"open","ping_status":"closed","template":"","meta":{"inline_featured_image":false},"product_cat":[210,200],"product_tag":[],"class_list":{"0":"post-20306","1":"product","2":"type-product","3":"status-publish","4":"has-post-thumbnail","6":"product_cat-activites-bebe-enfant","7":"product_cat-activites","8":"pa_auteurs-adam-hargreaves","10":"first","11":"instock","12":"shipping-taxable","13":"purchasable","14":"product-type-simple"},"_links":{"self":[{"href":"https:\/\/baralivres.ma\/index.php?rest_route=\/wp\/v2\/product\/20306","targetHints":{"allow":["GET"]}}],"collection":[{"href":"https:\/\/baralivres.ma\/index.php?rest_route=\/wp\/v2\/product"}],"about":[{"href":"https:\/\/baralivres.ma\/index.php?rest_route=\/wp\/v2\/types\/product"}],"replies":[{"embeddable":true,"href":"https:\/\/baralivres.ma\/index.php?rest_route=%2Fwp%2Fv2%2Fcomments&post=20306"}],"version-history":[{"count":1,"href":"https:\/\/baralivres.ma\/index.php?rest_route=\/wp\/v2\/product\/20306\/revisions"}],"predecessor-version":[{"id":20314,"href":"https:\/\/baralivres.ma\/index.php?rest_route=\/wp\/v2\/product\/20306\/revisions\/20314"}],"wp:featuredmedia":[{"embeddable":true,"href":"https:\/\/baralivres.ma\/index.php?rest_route=\/wp\/v2\/media\/20312"}],"wp:attachment":[{"href":"https:\/\/baralivres.ma\/index.php?rest_route=%2Fwp%2Fv2%2Fmedia&parent=20306"}],"wp:term":[{"taxonomy":"product_cat","embeddable":true,"href":"https:\/\/baralivres.ma\/index.php?rest_route=%2Fwp%2Fv2%2Fproduct_cat&post=20306"},{"taxonomy":"product_tag","embeddable":true,"href":"https:\/\/baralivres.ma\/index.php?rest_route=%2Fwp%2Fv2%2Fproduct_tag&post=20306"}],"curies":[{"name":"wp","href":"https:\/\/api.w.org\/{rel}","templated":true}]}}