{"id":20284,"date":"2023-11-17T13:06:41","date_gmt":"2023-11-17T12:06:41","guid":{"rendered":"https:\/\/baralivres.ma\/?post_type=product&#038;p=20284"},"modified":"2024-10-29T15:22:25","modified_gmt":"2024-10-29T14:22:25","slug":"dragons-et-licornes","status":"publish","type":"product","link":"https:\/\/baralivres.ma\/?product=dragons-et-licornes","title":{"rendered":"Dragons et licornes"},"content":{"rendered":"<p>Utilisez des crayons ou feutres pour colorier les cases num\u00e9rot\u00e9es et d\u00e9couvrir des cr\u00e9atures mythiques. R\u00e9v\u00e9lez la majest\u00e9 des licornes, symboles de puret\u00e9, et des dragons, repr\u00e9sentants de puissance et de vie. Apprivoisez les 100 illustrations de ces \u00eatres mythiques pour retrouver la s\u00e9r\u00e9nit\u00e9 et red\u00e9couvrir le plaisir artistique.<\/p>\n","protected":false},"excerpt":{"rendered":"<p>Coloriage : 100 cases, licornes et dragons majestueux, s\u00e9r\u00e9nit\u00e9 retrouv\u00e9e, plaisir artistique red\u00e9couvert.<\/p>\n","protected":false},"featured_media":20293,"comment_status":"open","ping_status":"closed","template":"","meta":{"inline_featured_image":false},"product_cat":[3575],"product_tag":[],"class_list":{"0":"post-20284","1":"product","2":"type-product","3":"status-publish","4":"has-post-thumbnail","6":"product_cat-art-therapie","7":"pa_auteurs-aurelia-stephanie-bertrand","9":"first","10":"instock","11":"shipping-taxable","12":"purchasable","13":"product-type-simple"},"_links":{"self":[{"href":"https:\/\/baralivres.ma\/index.php?rest_route=\/wp\/v2\/product\/20284","targetHints":{"allow":["GET"]}}],"collection":[{"href":"https:\/\/baralivres.ma\/index.php?rest_route=\/wp\/v2\/product"}],"about":[{"href":"https:\/\/baralivres.ma\/index.php?rest_route=\/wp\/v2\/types\/product"}],"replies":[{"embeddable":true,"href":"https:\/\/baralivres.ma\/index.php?rest_route=%2Fwp%2Fv2%2Fcomments&post=20284"}],"version-history":[{"count":1,"href":"https:\/\/baralivres.ma\/index.php?rest_route=\/wp\/v2\/product\/20284\/revisions"}],"predecessor-version":[{"id":20294,"href":"https:\/\/baralivres.ma\/index.php?rest_route=\/wp\/v2\/product\/20284\/revisions\/20294"}],"wp:featuredmedia":[{"embeddable":true,"href":"https:\/\/baralivres.ma\/index.php?rest_route=\/wp\/v2\/media\/20293"}],"wp:attachment":[{"href":"https:\/\/baralivres.ma\/index.php?rest_route=%2Fwp%2Fv2%2Fmedia&parent=20284"}],"wp:term":[{"taxonomy":"product_cat","embeddable":true,"href":"https:\/\/baralivres.ma\/index.php?rest_route=%2Fwp%2Fv2%2Fproduct_cat&post=20284"},{"taxonomy":"product_tag","embeddable":true,"href":"https:\/\/baralivres.ma\/index.php?rest_route=%2Fwp%2Fv2%2Fproduct_tag&post=20284"}],"curies":[{"name":"wp","href":"https:\/\/api.w.org\/{rel}","templated":true}]}}