{"id":20260,"date":"2023-11-17T12:59:34","date_gmt":"2023-11-17T11:59:34","guid":{"rendered":"https:\/\/baralivres.ma\/?post_type=product&#038;p=20260"},"modified":"2024-10-29T18:04:02","modified_gmt":"2024-10-29T17:04:02","slug":"dessine-moi","status":"publish","type":"product","link":"https:\/\/baralivres.ma\/?product=dessine-moi","title":{"rendered":"Dessine-moi&#8230;"},"content":{"rendered":"<p>Christophe Alexis Perez offre un guide d\u00e9taill\u00e9 pour dessiner ais\u00e9ment en quatre \u00e9tapes des th\u00e8mes courants et appr\u00e9ci\u00e9s par les enfants. Avec des instructions simples, cr\u00e9ez des dessins convaincants de fermes, cirques, pirates, zoos, personnages fantastiques comme princesses, princes, f\u00e9es, sorci\u00e8res, ainsi que des avions, des fus\u00e9es, des donjons et des dragons. Explorez \u00e9galement la savane avec ses animaux, les paysages champ\u00eatres, les jardins fleuris, les pompiers, les policiers, les sc\u00e8nes familiales, les cr\u00e9atures imaginaires, les arbres et bien plus encore. Impresssionnez vos enfants avec des r\u00e9alisations dont ils seront fiers !<\/p>\n<p>&nbsp;<\/p>\n<p>&nbsp;<\/p>\n<p>&nbsp;<\/p>\n","protected":false},"excerpt":{"rendered":"<p>Christophe Alexis Perez propose un guide pour dessiner facilement en quatre \u00e9tapes des sujets populaires pour enfants. Des dessins r\u00e9ussis pour faire plaisir \u00e0 vos enfants : ferme, cirque, pirates, zoo, personnages fantastiques, avions, fus\u00e9es, dragons, animaux, nature, m\u00e9tiers, famille, monstres, arbres&#8230;<\/p>\n","protected":false},"featured_media":20269,"comment_status":"open","ping_status":"closed","template":"","meta":{"inline_featured_image":false},"product_cat":[3575],"product_tag":[],"class_list":{"0":"post-20260","1":"product","2":"type-product","3":"status-publish","4":"has-post-thumbnail","6":"product_cat-art-therapie","7":"pa_auteurs-christophe-alexis-perez","9":"first","10":"instock","11":"shipping-taxable","12":"purchasable","13":"product-type-simple"},"_links":{"self":[{"href":"https:\/\/baralivres.ma\/index.php?rest_route=\/wp\/v2\/product\/20260","targetHints":{"allow":["GET"]}}],"collection":[{"href":"https:\/\/baralivres.ma\/index.php?rest_route=\/wp\/v2\/product"}],"about":[{"href":"https:\/\/baralivres.ma\/index.php?rest_route=\/wp\/v2\/types\/product"}],"replies":[{"embeddable":true,"href":"https:\/\/baralivres.ma\/index.php?rest_route=%2Fwp%2Fv2%2Fcomments&post=20260"}],"version-history":[{"count":1,"href":"https:\/\/baralivres.ma\/index.php?rest_route=\/wp\/v2\/product\/20260\/revisions"}],"predecessor-version":[{"id":20270,"href":"https:\/\/baralivres.ma\/index.php?rest_route=\/wp\/v2\/product\/20260\/revisions\/20270"}],"wp:featuredmedia":[{"embeddable":true,"href":"https:\/\/baralivres.ma\/index.php?rest_route=\/wp\/v2\/media\/20269"}],"wp:attachment":[{"href":"https:\/\/baralivres.ma\/index.php?rest_route=%2Fwp%2Fv2%2Fmedia&parent=20260"}],"wp:term":[{"taxonomy":"product_cat","embeddable":true,"href":"https:\/\/baralivres.ma\/index.php?rest_route=%2Fwp%2Fv2%2Fproduct_cat&post=20260"},{"taxonomy":"product_tag","embeddable":true,"href":"https:\/\/baralivres.ma\/index.php?rest_route=%2Fwp%2Fv2%2Fproduct_tag&post=20260"}],"curies":[{"name":"wp","href":"https:\/\/api.w.org\/{rel}","templated":true}]}}