{"id":20245,"date":"2023-11-17T12:55:11","date_gmt":"2023-11-17T11:55:11","guid":{"rendered":"https:\/\/baralivres.ma\/?post_type=product&#038;p=20245"},"modified":"2024-10-29T18:04:31","modified_gmt":"2024-10-29T17:04:31","slug":"mini-bloc-dart-therapie-mysteres","status":"publish","type":"product","link":"https:\/\/baralivres.ma\/?product=mini-bloc-dart-therapie-mysteres","title":{"rendered":"Mini-bloc d&rsquo;Art-th\u00e9rapie Myst\u00e8res"},"content":{"rendered":"<p>Choisissez entre un chat et un panda, la Tour Eiffel ou l&rsquo;Empire State Building dans cette collection de 50 coloriages myst\u00e8res exclusifs. Utilisez les codes couleurs pour d\u00e9nouer les entrelacs des lignes, appliquez chaque nuance dans la zone correspondante, et ainsi, r\u00e9v\u00e9lez de magnifiques dessins. Cette activit\u00e9 offre une exp\u00e9rience artistique unique et captivante, o\u00f9 la d\u00e9cision de coloration devient une exploration cr\u00e9ative excitante.<\/p>\n","protected":false},"excerpt":{"rendered":"<p>Explorez 50 coloriages myst\u00e8res in\u00e9dits. Choisissez, appliquez codes couleurs, r\u00e9v\u00e9lez dessins captivants. Une exp\u00e9rience artistique unique.<\/p>\n","protected":false},"featured_media":20252,"comment_status":"open","ping_status":"closed","template":"","meta":{"inline_featured_image":false},"product_cat":[3575],"product_tag":[],"class_list":{"0":"post-20245","1":"product","2":"type-product","3":"status-publish","4":"has-post-thumbnail","6":"product_cat-art-therapie","7":"pa_auteurs-william-bal","9":"first","10":"instock","11":"shipping-taxable","12":"purchasable","13":"product-type-simple"},"_links":{"self":[{"href":"https:\/\/baralivres.ma\/index.php?rest_route=\/wp\/v2\/product\/20245","targetHints":{"allow":["GET"]}}],"collection":[{"href":"https:\/\/baralivres.ma\/index.php?rest_route=\/wp\/v2\/product"}],"about":[{"href":"https:\/\/baralivres.ma\/index.php?rest_route=\/wp\/v2\/types\/product"}],"replies":[{"embeddable":true,"href":"https:\/\/baralivres.ma\/index.php?rest_route=%2Fwp%2Fv2%2Fcomments&post=20245"}],"version-history":[{"count":1,"href":"https:\/\/baralivres.ma\/index.php?rest_route=\/wp\/v2\/product\/20245\/revisions"}],"predecessor-version":[{"id":20255,"href":"https:\/\/baralivres.ma\/index.php?rest_route=\/wp\/v2\/product\/20245\/revisions\/20255"}],"wp:featuredmedia":[{"embeddable":true,"href":"https:\/\/baralivres.ma\/index.php?rest_route=\/wp\/v2\/media\/20252"}],"wp:attachment":[{"href":"https:\/\/baralivres.ma\/index.php?rest_route=%2Fwp%2Fv2%2Fmedia&parent=20245"}],"wp:term":[{"taxonomy":"product_cat","embeddable":true,"href":"https:\/\/baralivres.ma\/index.php?rest_route=%2Fwp%2Fv2%2Fproduct_cat&post=20245"},{"taxonomy":"product_tag","embeddable":true,"href":"https:\/\/baralivres.ma\/index.php?rest_route=%2Fwp%2Fv2%2Fproduct_tag&post=20245"}],"curies":[{"name":"wp","href":"https:\/\/api.w.org\/{rel}","templated":true}]}}