{"id":20214,"date":"2023-11-17T12:40:17","date_gmt":"2023-11-17T11:40:17","guid":{"rendered":"https:\/\/baralivres.ma\/?post_type=product&#038;p=20214"},"modified":"2024-10-28T14:56:10","modified_gmt":"2024-10-28T13:56:10","slug":"escape-game-20-000-lieues-sous-les-mers","status":"publish","type":"product","link":"https:\/\/baralivres.ma\/?product=escape-game-20-000-lieues-sous-les-mers","title":{"rendered":"Escape game 20 000 lieues sous les mers"},"content":{"rendered":"<div class=\"w-full text-token-text-primary border-b border-black\/10 gizmo:border-0 dark:border-gray-900\/50 gizmo:dark:border-0 bg-gray-50 gizmo:bg-transparent dark:bg-[#444654] gizmo:dark:bg-transparent\" data-testid=\"conversation-turn-3\">\n<div class=\"p-4 gizmo:py-2 justify-center text-base md:gap-6 md:py-6 m-auto\">\n<div class=\"flex flex-1 gap-4 text-base mx-auto md:gap-6 gizmo:gap-3 gizmo:md:px-5 gizmo:lg:px-1 gizmo:xl:px-5 md:max-w-2xl lg:max-w-[38rem] gizmo:md:max-w-3xl gizmo:lg:max-w-[40rem] gizmo:xl:max-w-[48rem] xl:max-w-3xl } group\">\n<div class=\"relative flex w-[calc(100%-50px)] flex-col gizmo:w-full lg:w-[calc(100%-115px)] agent-turn\">\n<div class=\"flex-col gap-1 md:gap-3\">\n<div class=\"flex flex-grow flex-col max-w-full gap-3 gizmo:gap-0\">\n<div class=\"min-h-[20px] text-message flex flex-col items-start gap-3 whitespace-pre-wrap break-words [.text-message+&amp;]:mt-5 overflow-x-auto\" data-message-author-role=\"assistant\" data-message-id=\"03891ba8-f538-4e13-8cc1-c4d950d779c4\">\n<div class=\"markdown prose w-full break-words dark:prose-invert light\">\n<p>Vous \u00eates des chercheurs de tr\u00e9sors et vous croyez avoir localis\u00e9 l&rsquo;\u00e9pave l\u00e9gendaire du Nautilus ! Pour explorer ce myst\u00e8re, vous avez pris place \u00e0 bord d&rsquo;un navire qui, en pleine nuit, rencontre une avarie inexplicable et commence \u00e0 couler. Par chance, une bulle d&rsquo;air vous conduit jusqu&rsquo;au Nautilus, mais le sous-marin r\u00e9serve bien des dangers&#8230;<\/p>\n<p>Vous avez deux choix pour vous \u00e9chapper : Soit vous explorez le Nautilus \u00e0 la recherche de mat\u00e9riel de plong\u00e9e pour survivre, soit vous essayez de remettre en marche le sous-marin pour remonter \u00e0 la surface, une t\u00e2che p\u00e9rilleuse. \u00c0 vous de d\u00e9cider, mais faites les bons choix pour vous \u00e9chapper.<\/p>\n<p>Ce jeu comprend :<\/p>\n<ul>\n<li>Un livret de 48 pages<\/li>\n<li>Deux chemins diff\u00e9rents pour rejouer le sc\u00e9nario<\/li>\n<li>De 2 \u00e0 5 joueurs<\/li>\n<li>Environ 1 heure de jeu<\/li>\n<\/ul>\n<\/div>\n<\/div>\n<\/div>\n<div class=\"flex justify-between empty:hidden gizmo:mt-1 gizmo:justify-start gizmo:gap-3 lg:block gizmo:lg:flex\">\n<div class=\"text-gray-400 flex self-end lg:self-center justify-center gizmo:lg:justify-start mt-2 gizmo:mt-0 visible gap-1\"><button class=\"flex ml-auto gizmo:ml-0 gap-2 items-center rounded-md p-1 text-xs gizmo:gap-1.5 gizmo:pl-0 dark:text-gray-400 dark:hover:text-gray-200 disabled:dark:hover:text-gray-400 hover:text-gray-950 md:invisible md:group-hover:visible md:group-[.final-completion]:visible\"><\/button><\/p>\n<div class=\"flex gap-1\"><\/div>\n<\/div>\n<\/div>\n<\/div>\n<\/div>\n<\/div>\n<\/div>\n<\/div>\n<div class=\"w-full text-token-text-primary border-b border-black\/10 gizmo:border-0 dark:border-gray-900\/50 gizmo:dark:border-0 gizmo:bg-transparent dark:bg-gray-800 gizmo:dark:bg-transparent\" data-testid=\"conversation-turn-4\">\n<div class=\"p-4 gizmo:py-2 justify-center text-base md:gap-6 md:py-6 m-auto\">\n<div class=\"flex flex-1 gap-4 text-base mx-auto md:gap-6 gizmo:gap-3 gizmo:md:px-5 gizmo:lg:px-1 gizmo:xl:px-5 md:max-w-2xl lg:max-w-[38rem] gizmo:md:max-w-3xl gizmo:lg:max-w-[40rem] gizmo:xl:max-w-[48rem] xl:max-w-3xl } group\">\n<div class=\"flex-shrink-0 flex flex-col relative items-end\">\n<div>\n<div class=\"pt-0.5\">\n<div class=\"gizmo-shadow-stroke flex h-6 w-6 items-center justify-center overflow-hidden rounded-full\"><\/div>\n<\/div>\n<\/div>\n<\/div>\n<\/div>\n<\/div>\n<\/div>\n","protected":false},"excerpt":{"rendered":"<p>\u00ab\u00a0Chasseurs de tr\u00e9sors fuient un naufrage, affrontent dangers pour s&rsquo;\u00e9chapper d&rsquo;\u00e9pave mythique.\u00a0\u00bb<\/p>\n","protected":false},"featured_media":20219,"comment_status":"open","ping_status":"closed","template":"","meta":{"inline_featured_image":false},"product_cat":[3875,201,200],"product_tag":[],"class_list":{"0":"post-20214","1":"product","2":"type-product","3":"status-publish","4":"has-post-thumbnail","6":"product_cat-coffret-francais","7":"product_cat-coffret","8":"product_cat-activites","9":"pa_auteurs-fabrice-bouvier","11":"first","12":"instock","13":"shipping-taxable","14":"purchasable","15":"product-type-simple"},"_links":{"self":[{"href":"https:\/\/baralivres.ma\/index.php?rest_route=\/wp\/v2\/product\/20214","targetHints":{"allow":["GET"]}}],"collection":[{"href":"https:\/\/baralivres.ma\/index.php?rest_route=\/wp\/v2\/product"}],"about":[{"href":"https:\/\/baralivres.ma\/index.php?rest_route=\/wp\/v2\/types\/product"}],"replies":[{"embeddable":true,"href":"https:\/\/baralivres.ma\/index.php?rest_route=%2Fwp%2Fv2%2Fcomments&post=20214"}],"version-history":[{"count":1,"href":"https:\/\/baralivres.ma\/index.php?rest_route=\/wp\/v2\/product\/20214\/revisions"}],"predecessor-version":[{"id":20220,"href":"https:\/\/baralivres.ma\/index.php?rest_route=\/wp\/v2\/product\/20214\/revisions\/20220"}],"wp:featuredmedia":[{"embeddable":true,"href":"https:\/\/baralivres.ma\/index.php?rest_route=\/wp\/v2\/media\/20219"}],"wp:attachment":[{"href":"https:\/\/baralivres.ma\/index.php?rest_route=%2Fwp%2Fv2%2Fmedia&parent=20214"}],"wp:term":[{"taxonomy":"product_cat","embeddable":true,"href":"https:\/\/baralivres.ma\/index.php?rest_route=%2Fwp%2Fv2%2Fproduct_cat&post=20214"},{"taxonomy":"product_tag","embeddable":true,"href":"https:\/\/baralivres.ma\/index.php?rest_route=%2Fwp%2Fv2%2Fproduct_tag&post=20214"}],"curies":[{"name":"wp","href":"https:\/\/api.w.org\/{rel}","templated":true}]}}