{"id":20208,"date":"2023-11-17T12:37:16","date_gmt":"2023-11-17T11:37:16","guid":{"rendered":"https:\/\/baralivres.ma\/?post_type=product&#038;p=20208"},"modified":"2024-10-28T14:57:00","modified_gmt":"2024-10-28T13:57:00","slug":"escape-game-dracula","status":"publish","type":"product","link":"https:\/\/baralivres.ma\/?product=escape-game-dracula","title":{"rendered":"Escape Game &#8211; Dracula"},"content":{"rendered":"<p>Affrontez des d\u00e9fis redoutables en \u00e9quipe pour triompher de myst\u00e8res lugubres : d\u00e9masquez un criminel aux canines aiguis\u00e9es ou g\u00e9rez une auberge nomm\u00e9e \u00ab\u00a0Ail et Fines Herbes\u00a0\u00bb avec prudence. Survivre sera votre plus grand d\u00e9fi.<\/p>\n<p>D\u00e9voilez les \u00e9nigmes du comte Dracula pour vous \u00e9chapper de son sinistre ch\u00e2teau. \u00c9vitez ses sbires et pr\u00e9servez-vous de la transformation. Pour \u00e9chapper \u00e0 la mort et \u00e0 la mal\u00e9diction, il vous faudra faire des choix judicieux et sans compromis.<\/p>\n<p>Dans l&rsquo;approche de la nuit, la protection de l&rsquo;obscurit\u00e9 ne sera d&rsquo;aucun secours. \u00c9quipez-vous de chapelets, d&rsquo;eau b\u00e9nite et de pieux pour augmenter vos chances de survie.<\/p>\n<p>Ce coffret comprend :<\/p>\n<ul>\n<li>2 aventures distinctes<\/li>\n<li>2 guides (un pour chaque aventure)<\/li>\n<li>150 cartes<\/li>\n<\/ul>\n","protected":false},"excerpt":{"rendered":"<div class=\"flex-1 overflow-hidden\">\n<div class=\"react-scroll-to-bottom--css-yfmes-79elbk h-full\">\n<div class=\"react-scroll-to-bottom--css-yfmes-1n7m0yu\">\n<div class=\"flex flex-col text-sm gizmo:pb-9 dark:bg-gray-800 gizmo:dark:bg-transparent\">\n<div class=\"w-full text-token-text-primary border-b border-black\/10 gizmo:border-0 dark:border-gray-900\/50 gizmo:dark:border-0 bg-gray-50 gizmo:bg-transparent dark:bg-[#444654] gizmo:dark:bg-transparent\" data-testid=\"conversation-turn-5\">\n<div class=\"p-4 gizmo:py-2 justify-center text-base md:gap-6 md:py-6 m-auto\">\n<div class=\"flex flex-1 gap-4 text-base mx-auto md:gap-6 gizmo:gap-3 gizmo:md:px-5 gizmo:lg:px-1 gizmo:xl:px-5 md:max-w-2xl lg:max-w-[38rem] gizmo:md:max-w-3xl gizmo:lg:max-w-[40rem] gizmo:xl:max-w-[48rem] xl:max-w-3xl } group final-completion\">\n<div class=\"relative flex w-[calc(100%-50px)] flex-col gizmo:w-full lg:w-[calc(100%-115px)] agent-turn\">\n<div class=\"flex-col gap-1 md:gap-3\">\n<div class=\"flex flex-grow flex-col max-w-full gap-3 gizmo:gap-0\">\n<div class=\"min-h-[20px] text-message flex flex-col items-start gap-3 whitespace-pre-wrap break-words [.text-message+&amp;]:mt-5 overflow-x-auto\" data-message-author-role=\"assistant\" data-message-id=\"86922b06-01f4-4085-9d65-1ee62d2d5db1\">\n<div class=\"markdown prose w-full break-words dark:prose-invert light\">\n<p>\u00c9nigmes sinistres, \u00e9chappez \u00e0 Dracula, survie, choix cruciaux, myst\u00e8res redoutables, outils protecteurs.<\/p>\n<\/div>\n<\/div>\n<\/div>\n<\/div>\n<\/div>\n<\/div>\n<\/div>\n<\/div>\n<\/div>\n<\/div>\n<\/div>\n<\/div>\n","protected":false},"featured_media":20212,"comment_status":"open","ping_status":"closed","template":"","meta":{"inline_featured_image":false},"product_cat":[3875,201,200],"product_tag":[],"class_list":{"0":"post-20208","1":"product","2":"type-product","3":"status-publish","4":"has-post-thumbnail","6":"product_cat-coffret-francais","7":"product_cat-coffret","8":"product_cat-activites","9":"pa_auteurs-makma-studio","11":"first","12":"instock","13":"shipping-taxable","14":"purchasable","15":"product-type-simple"},"_links":{"self":[{"href":"https:\/\/baralivres.ma\/index.php?rest_route=\/wp\/v2\/product\/20208","targetHints":{"allow":["GET"]}}],"collection":[{"href":"https:\/\/baralivres.ma\/index.php?rest_route=\/wp\/v2\/product"}],"about":[{"href":"https:\/\/baralivres.ma\/index.php?rest_route=\/wp\/v2\/types\/product"}],"replies":[{"embeddable":true,"href":"https:\/\/baralivres.ma\/index.php?rest_route=%2Fwp%2Fv2%2Fcomments&post=20208"}],"version-history":[{"count":1,"href":"https:\/\/baralivres.ma\/index.php?rest_route=\/wp\/v2\/product\/20208\/revisions"}],"predecessor-version":[{"id":20213,"href":"https:\/\/baralivres.ma\/index.php?rest_route=\/wp\/v2\/product\/20208\/revisions\/20213"}],"wp:featuredmedia":[{"embeddable":true,"href":"https:\/\/baralivres.ma\/index.php?rest_route=\/wp\/v2\/media\/20212"}],"wp:attachment":[{"href":"https:\/\/baralivres.ma\/index.php?rest_route=%2Fwp%2Fv2%2Fmedia&parent=20208"}],"wp:term":[{"taxonomy":"product_cat","embeddable":true,"href":"https:\/\/baralivres.ma\/index.php?rest_route=%2Fwp%2Fv2%2Fproduct_cat&post=20208"},{"taxonomy":"product_tag","embeddable":true,"href":"https:\/\/baralivres.ma\/index.php?rest_route=%2Fwp%2Fv2%2Fproduct_tag&post=20208"}],"curies":[{"name":"wp","href":"https:\/\/api.w.org\/{rel}","templated":true}]}}