{"id":20203,"date":"2023-11-17T12:34:35","date_gmt":"2023-11-17T11:34:35","guid":{"rendered":"https:\/\/baralivres.ma\/?post_type=product&#038;p=20203"},"modified":"2024-10-29T18:06:42","modified_gmt":"2024-10-29T17:06:42","slug":"carre-at-sirenes","status":"publish","type":"product","link":"https:\/\/baralivres.ma\/?product=carre-at-sirenes","title":{"rendered":"Carr\u00e9 AT Sir\u00e8nes"},"content":{"rendered":"<div class=\"flex-1 overflow-hidden\">\n<div class=\"react-scroll-to-bottom--css-dizjh-79elbk h-full\">\n<div class=\"react-scroll-to-bottom--css-dizjh-1n7m0yu\">\n<div class=\"flex flex-col text-sm gizmo:pb-9 dark:bg-gray-800 gizmo:dark:bg-transparent\">\n<div class=\"w-full text-token-text-primary border-b border-black\/10 gizmo:border-0 dark:border-gray-900\/50 gizmo:dark:border-0 bg-gray-50 gizmo:bg-transparent dark:bg-[#444654] gizmo:dark:bg-transparent\" data-testid=\"conversation-turn-31\">\n<div class=\"p-4 gizmo:py-2 justify-center text-base md:gap-6 md:py-6 m-auto\">\n<div class=\"flex flex-1 gap-4 text-base mx-auto md:gap-6 gizmo:gap-3 gizmo:md:px-5 gizmo:lg:px-1 gizmo:xl:px-5 md:max-w-2xl lg:max-w-[38rem] gizmo:md:max-w-3xl gizmo:lg:max-w-[40rem] gizmo:xl:max-w-[48rem] xl:max-w-3xl } group final-completion\">\n<div class=\"relative flex w-[calc(100%-50px)] flex-col gizmo:w-full lg:w-[calc(100%-115px)] agent-turn\">\n<div class=\"flex-col gap-1 md:gap-3\">\n<div class=\"flex flex-grow flex-col max-w-full gap-3 gizmo:gap-0\">\n<div class=\"min-h-[20px] text-message flex flex-col items-start gap-3 whitespace-pre-wrap break-words [.text-message+&amp;]:mt-5 overflow-x-auto\" data-message-author-role=\"assistant\" data-message-id=\"a682799a-86a4-48d1-ab20-a6be4e62953d\">\n<div class=\"markdown prose w-full break-words dark:prose-invert light\">\n<p>Explorez la joie cr\u00e9ative avec un livre de coloriages exclusif pour l&rsquo;Art th\u00e9rapie.D\u00e9couvrez 100 motifs d\u00e9licats \u00e0 colorier : sir\u00e8nes, ondines et nymphes dans un monde po\u00e9tique.Inclus : un mini-kit papeterie personnalisable comprenant papier \u00e0 lettres, \u00e9tiquettes et marque-page.Lib\u00e9rez votre cr\u00e9ativit\u00e9 infinie avec les couleurs, plongez dans le flux artistique.<\/p>\n<\/div>\n<\/div>\n<\/div>\n<div class=\"flex justify-between empty:hidden gizmo:mt-1 gizmo:justify-start gizmo:gap-3 lg:block gizmo:lg:flex\">\n<div class=\"text-gray-400 flex self-end lg:self-center justify-center gizmo:lg:justify-start mt-2 gizmo:mt-0 visible gap-1\"><\/div>\n<\/div>\n<\/div>\n<\/div>\n<\/div>\n<\/div>\n<\/div>\n<\/div>\n<\/div>\n<\/div>\n<\/div>\n<div class=\"w-full pt-2 md:pt-0 border-t md:border-t-0 gizmo:border-t-0 dark:border-white\/20 md:border-transparent md:dark:border-transparent md:pl-2 gizmo:pl-0 gizmo:md:pl-0 md:w-[calc(100%-.5rem)]\">\n<div class=\"relative flex h-full flex-1 items-stretch md:flex-col\">\n<div class=\"flex w-full items-center\"><\/div>\n<\/div>\n<\/div>\n","protected":false},"excerpt":{"rendered":"<p>Livre Art th\u00e9rapie : 100 motifs sir\u00e8nes, kit papeterie, exprimez-vous avec couleurs, immersion cr\u00e9ative.<\/p>\n","protected":false},"featured_media":20207,"comment_status":"open","ping_status":"closed","template":"","meta":{"inline_featured_image":false},"product_cat":[3575],"product_tag":[],"class_list":{"0":"post-20203","1":"product","2":"type-product","3":"status-publish","4":"has-post-thumbnail","6":"product_cat-art-therapie","7":"pa_auteurs-cathy-delanssay","9":"first","10":"instock","11":"shipping-taxable","12":"purchasable","13":"product-type-simple"},"_links":{"self":[{"href":"https:\/\/baralivres.ma\/index.php?rest_route=\/wp\/v2\/product\/20203","targetHints":{"allow":["GET"]}}],"collection":[{"href":"https:\/\/baralivres.ma\/index.php?rest_route=\/wp\/v2\/product"}],"about":[{"href":"https:\/\/baralivres.ma\/index.php?rest_route=\/wp\/v2\/types\/product"}],"replies":[{"embeddable":true,"href":"https:\/\/baralivres.ma\/index.php?rest_route=%2Fwp%2Fv2%2Fcomments&post=20203"}],"version-history":[{"count":1,"href":"https:\/\/baralivres.ma\/index.php?rest_route=\/wp\/v2\/product\/20203\/revisions"}],"predecessor-version":[{"id":20209,"href":"https:\/\/baralivres.ma\/index.php?rest_route=\/wp\/v2\/product\/20203\/revisions\/20209"}],"wp:featuredmedia":[{"embeddable":true,"href":"https:\/\/baralivres.ma\/index.php?rest_route=\/wp\/v2\/media\/20207"}],"wp:attachment":[{"href":"https:\/\/baralivres.ma\/index.php?rest_route=%2Fwp%2Fv2%2Fmedia&parent=20203"}],"wp:term":[{"taxonomy":"product_cat","embeddable":true,"href":"https:\/\/baralivres.ma\/index.php?rest_route=%2Fwp%2Fv2%2Fproduct_cat&post=20203"},{"taxonomy":"product_tag","embeddable":true,"href":"https:\/\/baralivres.ma\/index.php?rest_route=%2Fwp%2Fv2%2Fproduct_tag&post=20203"}],"curies":[{"name":"wp","href":"https:\/\/api.w.org\/{rel}","templated":true}]}}