{"id":20202,"date":"2023-11-17T12:35:25","date_gmt":"2023-11-17T11:35:25","guid":{"rendered":"https:\/\/baralivres.ma\/?post_type=product&#038;p=20202"},"modified":"2024-10-29T18:06:28","modified_gmt":"2024-10-29T17:06:28","slug":"licornes","status":"publish","type":"product","link":"https:\/\/baralivres.ma\/?product=licornes","title":{"rendered":"Licornes"},"content":{"rendered":"<p>Red\u00e9couvrez la joie de cr\u00e9er avec ce livre de coloriages exclusifs d&rsquo;Art-th\u00e9rapie, con\u00e7u par un artiste.<\/p>\n<p>Explorez 100 motifs d\u00e9taill\u00e9s, allant des cr\u00e9atures fantastiques aux tatouages, objets d\u00e9tourn\u00e9s et bijoux, tous mettant en sc\u00e8ne la licorne dans une palette vari\u00e9e.<\/p>\n<p>Personnalisez votre exp\u00e9rience avec un mini-kit de papeterie comprenant du papier \u00e0 lettres, des \u00e9tiquettes et des marque-pages. Plongez-vous dans un monde imaginaire et donnez de la couleur \u00e0 votre vie.<\/p>\n","protected":false},"excerpt":{"rendered":"<p>Livre coloriages Art-th\u00e9rapie : 100 motifs licorne, mini-kit papeterie. Plongez dans l&rsquo;imaginaire, enrichissez votre cr\u00e9ativit\u00e9.<\/p>\n","protected":false},"featured_media":20205,"comment_status":"open","ping_status":"closed","template":"","meta":{"inline_featured_image":false},"product_cat":[3575],"product_tag":[],"class_list":{"0":"post-20202","1":"product","2":"type-product","3":"status-publish","4":"has-post-thumbnail","6":"product_cat-art-therapie","7":"pa_auteurs-florence-dellerie","9":"first","10":"instock","11":"shipping-taxable","12":"purchasable","13":"product-type-simple"},"_links":{"self":[{"href":"https:\/\/baralivres.ma\/index.php?rest_route=\/wp\/v2\/product\/20202","targetHints":{"allow":["GET"]}}],"collection":[{"href":"https:\/\/baralivres.ma\/index.php?rest_route=\/wp\/v2\/product"}],"about":[{"href":"https:\/\/baralivres.ma\/index.php?rest_route=\/wp\/v2\/types\/product"}],"replies":[{"embeddable":true,"href":"https:\/\/baralivres.ma\/index.php?rest_route=%2Fwp%2Fv2%2Fcomments&post=20202"}],"version-history":[{"count":1,"href":"https:\/\/baralivres.ma\/index.php?rest_route=\/wp\/v2\/product\/20202\/revisions"}],"predecessor-version":[{"id":20210,"href":"https:\/\/baralivres.ma\/index.php?rest_route=\/wp\/v2\/product\/20202\/revisions\/20210"}],"wp:featuredmedia":[{"embeddable":true,"href":"https:\/\/baralivres.ma\/index.php?rest_route=\/wp\/v2\/media\/20205"}],"wp:attachment":[{"href":"https:\/\/baralivres.ma\/index.php?rest_route=%2Fwp%2Fv2%2Fmedia&parent=20202"}],"wp:term":[{"taxonomy":"product_cat","embeddable":true,"href":"https:\/\/baralivres.ma\/index.php?rest_route=%2Fwp%2Fv2%2Fproduct_cat&post=20202"},{"taxonomy":"product_tag","embeddable":true,"href":"https:\/\/baralivres.ma\/index.php?rest_route=%2Fwp%2Fv2%2Fproduct_tag&post=20202"}],"curies":[{"name":"wp","href":"https:\/\/api.w.org\/{rel}","templated":true}]}}