{"id":20193,"date":"2023-11-17T12:31:46","date_gmt":"2023-11-17T11:31:46","guid":{"rendered":"https:\/\/baralivres.ma\/?post_type=product&#038;p=20193"},"modified":"2024-10-29T18:07:01","modified_gmt":"2024-10-29T17:07:01","slug":"les-petits-carres-dart-therapie-tokyo-lovers","status":"publish","type":"product","link":"https:\/\/baralivres.ma\/?product=les-petits-carres-dart-therapie-tokyo-lovers","title":{"rendered":"Les Petits carr\u00e9s d&rsquo;Art-th\u00e9rapie Tokyo Lovers"},"content":{"rendered":"<p>Red\u00e9couvrez le plaisir de la cr\u00e9ation avec ce livre de coloriages in\u00e9dits d&rsquo;Art Th\u00e9rapie, con\u00e7u par un artiste.<\/p>\n<p>Explorez 100 motifs d\u00e9taill\u00e9s, capturant l&rsquo;essence de Tokyo entre urbanisme futuriste et traditionnel pass\u00e9. Redonnez vie aux couleurs de ces paysages urbains uniques.<\/p>\n<p>Personnalisez votre exp\u00e9rience avec un mini-kit de papeterie comprenant du papier \u00e0 lettres, des \u00e9tiquettes et des marque-pages. Explorez librement les couleurs et laissez-vous emporter par le flux cr\u00e9atif.<\/p>\n","protected":false},"excerpt":{"rendered":"<p>Livre coloriages Art Th\u00e9rapie : 100 motifs Tokyo, fusion futuriste-traditionnelle. Mini-kit papeterie inclus. Explorez, cr\u00e9ez, ressentez.<\/p>\n","protected":false},"featured_media":20200,"comment_status":"open","ping_status":"closed","template":"","meta":{"inline_featured_image":false},"product_cat":[3575],"product_tag":[],"class_list":{"0":"post-20193","1":"product","2":"type-product","3":"status-publish","4":"has-post-thumbnail","6":"product_cat-art-therapie","7":"pa_auteurs-laetitia-sala","9":"first","10":"instock","11":"shipping-taxable","12":"purchasable","13":"product-type-simple"},"_links":{"self":[{"href":"https:\/\/baralivres.ma\/index.php?rest_route=\/wp\/v2\/product\/20193","targetHints":{"allow":["GET"]}}],"collection":[{"href":"https:\/\/baralivres.ma\/index.php?rest_route=\/wp\/v2\/product"}],"about":[{"href":"https:\/\/baralivres.ma\/index.php?rest_route=\/wp\/v2\/types\/product"}],"replies":[{"embeddable":true,"href":"https:\/\/baralivres.ma\/index.php?rest_route=%2Fwp%2Fv2%2Fcomments&post=20193"}],"version-history":[{"count":1,"href":"https:\/\/baralivres.ma\/index.php?rest_route=\/wp\/v2\/product\/20193\/revisions"}],"predecessor-version":[{"id":20201,"href":"https:\/\/baralivres.ma\/index.php?rest_route=\/wp\/v2\/product\/20193\/revisions\/20201"}],"wp:featuredmedia":[{"embeddable":true,"href":"https:\/\/baralivres.ma\/index.php?rest_route=\/wp\/v2\/media\/20200"}],"wp:attachment":[{"href":"https:\/\/baralivres.ma\/index.php?rest_route=%2Fwp%2Fv2%2Fmedia&parent=20193"}],"wp:term":[{"taxonomy":"product_cat","embeddable":true,"href":"https:\/\/baralivres.ma\/index.php?rest_route=%2Fwp%2Fv2%2Fproduct_cat&post=20193"},{"taxonomy":"product_tag","embeddable":true,"href":"https:\/\/baralivres.ma\/index.php?rest_route=%2Fwp%2Fv2%2Fproduct_tag&post=20193"}],"curies":[{"name":"wp","href":"https:\/\/api.w.org\/{rel}","templated":true}]}}