{"id":20183,"date":"2023-11-17T12:28:08","date_gmt":"2023-11-17T11:28:08","guid":{"rendered":"https:\/\/baralivres.ma\/?post_type=product&#038;p=20183"},"modified":"2024-10-29T18:07:53","modified_gmt":"2024-10-29T17:07:53","slug":"les-petits-carres-dart-therapie-perroquets","status":"publish","type":"product","link":"https:\/\/baralivres.ma\/?product=les-petits-carres-dart-therapie-perroquets","title":{"rendered":"Les petits carr\u00e9s d&rsquo;Art-th\u00e9rapie Perroquets"},"content":{"rendered":"<p>Red\u00e9couvrez le plaisir cr\u00e9atif avec ce livre de coloriages exclusif d&rsquo;Art Th\u00e9rapie, cr\u00e9\u00e9 par un artiste.<\/p>\n<p>Explorez 100 motifs d\u00e9taill\u00e9s, que vous peupliez d&rsquo;oiseaux rares aux plumes \u00e9clatantes ou lib\u00e9rez dans leur habitat naturel pour les voir s&rsquo;\u00e9panouir.<\/p>\n<p>Personnalisez votre exp\u00e9rience avec un mini-kit de papeterie comprenant du papier \u00e0 lettres, des \u00e9tiquettes et des marque-pages. Explorez sans limites les couleurs et laissez-vous emporter par le flux cr\u00e9atif.<\/p>\n","protected":false},"excerpt":{"rendered":"<p>Livre coloriages Art Th\u00e9rapie : 100 motifs oiseaux, mini-kit papeterie. Explorez, lib\u00e9rez, soyez cr\u00e9atif.<\/p>\n","protected":false},"featured_media":20189,"comment_status":"open","ping_status":"closed","template":"","meta":{"inline_featured_image":false},"product_cat":[3575],"product_tag":[],"class_list":{"0":"post-20183","1":"product","2":"type-product","3":"status-publish","4":"has-post-thumbnail","6":"product_cat-art-therapie","7":"pa_auteurs-capucine-sivignon","9":"first","10":"instock","11":"shipping-taxable","12":"purchasable","13":"product-type-simple"},"_links":{"self":[{"href":"https:\/\/baralivres.ma\/index.php?rest_route=\/wp\/v2\/product\/20183","targetHints":{"allow":["GET"]}}],"collection":[{"href":"https:\/\/baralivres.ma\/index.php?rest_route=\/wp\/v2\/product"}],"about":[{"href":"https:\/\/baralivres.ma\/index.php?rest_route=\/wp\/v2\/types\/product"}],"replies":[{"embeddable":true,"href":"https:\/\/baralivres.ma\/index.php?rest_route=%2Fwp%2Fv2%2Fcomments&post=20183"}],"version-history":[{"count":1,"href":"https:\/\/baralivres.ma\/index.php?rest_route=\/wp\/v2\/product\/20183\/revisions"}],"predecessor-version":[{"id":20190,"href":"https:\/\/baralivres.ma\/index.php?rest_route=\/wp\/v2\/product\/20183\/revisions\/20190"}],"wp:featuredmedia":[{"embeddable":true,"href":"https:\/\/baralivres.ma\/index.php?rest_route=\/wp\/v2\/media\/20189"}],"wp:attachment":[{"href":"https:\/\/baralivres.ma\/index.php?rest_route=%2Fwp%2Fv2%2Fmedia&parent=20183"}],"wp:term":[{"taxonomy":"product_cat","embeddable":true,"href":"https:\/\/baralivres.ma\/index.php?rest_route=%2Fwp%2Fv2%2Fproduct_cat&post=20183"},{"taxonomy":"product_tag","embeddable":true,"href":"https:\/\/baralivres.ma\/index.php?rest_route=%2Fwp%2Fv2%2Fproduct_tag&post=20183"}],"curies":[{"name":"wp","href":"https:\/\/api.w.org\/{rel}","templated":true}]}}